{"id":102,"date":"2018-01-18T18:44:20","date_gmt":"2018-01-18T17:44:20","guid":{"rendered":"http:\/\/schubert-schule-nw.de\/wordpress\/?page_id=102"},"modified":"2023-05-15T15:49:34","modified_gmt":"2023-05-15T13:49:34","slug":"leitbild","status":"publish","type":"page","link":"https:\/\/schubert-schule-nw.de\/wordpress\/profil\/leitbild\/","title":{"rendered":"Leitbild"},"content":{"rendered":"\n<p class=\"has-background has-medium-font-size\" style=\"background-color:#9b51e078\"><strong>Leitbild<\/strong><\/p>\n\n\n<div>\n<p align=\"center\"><span class=\"ds1\">Leitbild der Schubert-Schule (SFL) Neustadt\/Weinstra\u00dfe<\/span><\/p>\n<\/div>\n<p align=\"center\"><span class=\"ds1\"><br><span style=\"font-size: large;\"><i><b>Miteinander leben \u2013 voneinander lernen \u2013 verantwortlich handeln<\/b><\/i><\/span><\/span><\/p>\n<p><span class=\"ds1\"><span style=\"font-size: large;\"><i><b>So wollen wir miteinander umgehen:<br><\/b><\/i><\/span><br><\/span><\/p>\n<p class=\"pareinzug3\"><span class=\"ds1\">Wir pflegen einen offenen und respektvollen Umgang miteinander.<\/span><\/p>\n<p><span class=\"ds1\"><span style=\"color: #000000;\">Wir verhalten uns verantwortungsbewusst und hilfsbereit gegen\u00fcber unseren Mitmenschen.<\/span><\/span><\/p>\n<p>Wir respektieren jeden in seiner Einzigartigkeit.<\/p>\n<p><span style=\"color: #000000;\">Wir sorgen f\u00fcr eine angstfreie Atmosph\u00e4re und dulden weder Diskriminierung noch k\u00f6rperliche oder verbale Gewalt.<\/span><\/p>\n<p><span class=\"ds1\"><span style=\"font-size: large;\"><i><b>So wollen wir arbeiten:<\/b><\/i><\/span><\/span><\/p>\n<p class=\"pareinzug3\"><span class=\"ds1\"><span style=\"font-size: large;\"><i><b><br><\/b><\/i><\/span>Wir legen Wert auf eine gute Zusammenarbeit mit allen Personen, die an der Erziehung und F\u00f6rderung unserer Sch\u00fcler\/innen beteiligt sind.<\/span><\/p>\n<p>Wir stellen die individuellen F\u00e4higkeiten und Lernbed\u00fcrfnisse der Kinder und Jugendlichen in den Mittelpunkt unseres Unterrichts und unserer ganzheitlichen F\u00f6rderung.<\/p>\n<p>Wir schaffen ein lernf\u00f6rderliches Unterrichtsklima und geben den Sch\u00fclerinnen und den Sch\u00fclern angemessene R\u00fcckmeldung zum Lernfortschritt in den unterschiedlichen Lernfeldern.<\/p>\n<p>Wir gestalten Schulleben und Unterricht so, dass die Sch\u00fcler\/innen an Entscheidungen beteiligt werden und lernen sich selbst zu organisieren.<\/p>\n<p class=\"pareinzug3\"><span class=\"ds1\">Wir arbeiten mit anderen Schulen, Fachdiensten, \u00f6ffentlichen und sozialen Einrichtungen und weiteren au\u00dferschulischen Partnern zusammen.<\/span><\/p>\n<p>Wir sind alle f\u00fcr die Qualit\u00e4t der Schule mitverantwortlich und offen f\u00fcr Ver\u00e4nderung.<\/p>\n<p><span class=\"ds1\"><b><br><\/b><span style=\"font-size: large;\"><i><b>Darauf legen wir besonderen Wert:<\/b><\/i><\/span><\/span><\/p>\n<p><i><b><br><\/b><\/i><i><b><\/b><\/i><\/p>\n<p class=\"pareinzug3\"><span class=\"ds1\">Wir ber\u00fccksichtigen die pers\u00f6nliche Lebenssituation jedes einzelnen Sch\u00fclers\/jeder einzelnen Sch\u00fclerin.<\/span><\/p>\n<p>Wir unterst\u00fctzen die pers\u00f6nliche Entwicklung und st\u00e4rken das Selbstvertrauen der Sch\u00fcler\/innen.<\/p>\n<p>Wir f\u00f6rdern den verantwortungsbewussten Umgang mit sich selbst.<\/p>\n<p>Wir erweitern die fachlichen, methodischen, emotionalen und sozialen Kompetenzen.<\/p>\n<p><span class=\"ds1\">Wir bereiten unsere Sch\u00fcler\/innen gezielt auf die Arbeits- und Berufswelt vor.<\/span><\/p>\n<p><span class=\"ds1\">Wir gehen verantwortungsbewusst mit der Natur und unserer Umwelt um.<\/span><\/p>\n<p><span class=\"ds1\"><span style=\"font-size: large;\"><i><b>Das wollen wir erreichen:<br><\/b><\/i><\/span><br><\/span><\/p>\n<p class=\"pareinzug3\"><span class=\"ds1\">Wir wollen unsere Sch\u00fclerinnen und Sch\u00fcler so f\u00f6rdern und fordern, dass sie ihr Leben selbst\u00e4ndig bew\u00e4ltigen und gestalten k\u00f6nnen und ihren Platz in der Gesellschaft finden.<\/span><\/p>\n<hr>\n<p>Unser Leitbild wurde am 4. Mai 2009 von der Gesamtkonferenz verabschiedet.<\/p>\n<p class=\"pareinzug3\"><span class=\"ds1\">Grundlage des Leitbildes sind die Arbeitsergebnisse des GESAMTKOLLEGIUMS, erarbeitet am Studientag &#8218;Leitbild&#8216;, &nbsp;unterst\u00fctzt von Schulentwicklungsmoderatoren des IFB Boppard.<br>Eine Redaktionsgruppe formulierte in mehreren Arbeitssitzungen obigen Text mit st\u00e4ndiger R\u00fcckbindung an die Gesamtkonferenz.<\/span><\/p>","protected":false},"excerpt":{"rendered":"<p>Leitbild Leitbild der Schubert-Schule (SFL) Neustadt\/Weinstra\u00dfe Miteinander leben \u2013 voneinander lernen \u2013 verantwortlich handeln So wollen wir miteinander umgehen: Wir pflegen einen offenen und respektvollen Umgang miteinander. Wir verhalten uns &hellip; <\/p>\n<p class=\"link-more\"><a href=\"https:\/\/schubert-schule-nw.de\/wordpress\/profil\/leitbild\/\" class=\"more-link\"><span class=\"screen-reader-text\">\u201eLeitbild\u201c<\/span> weiterlesen<\/a><\/p>\n","protected":false},"author":1,"featured_media":0,"parent":20,"menu_order":1,"comment_status":"closed","ping_status":"closed","template":"","meta":{"ngg_post_thumbnail":0,"footnotes":""},"class_list":["post-102","page","type-page","status-publish","hentry"],"_links":{"self":[{"href":"https:\/\/schubert-schule-nw.de\/wordpress\/wp-json\/wp\/v2\/pages\/102","targetHints":{"allow":["GET"]}}],"collection":[{"href":"https:\/\/schubert-schule-nw.de\/wordpress\/wp-json\/wp\/v2\/pages"}],"about":[{"href":"https:\/\/schubert-schule-nw.de\/wordpress\/wp-json\/wp\/v2\/types\/page"}],"author":[{"embeddable":true,"href":"https:\/\/schubert-schule-nw.de\/wordpress\/wp-json\/wp\/v2\/users\/1"}],"replies":[{"embeddable":true,"href":"https:\/\/schubert-schule-nw.de\/wordpress\/wp-json\/wp\/v2\/comments?post=102"}],"version-history":[{"count":4,"href":"https:\/\/schubert-schule-nw.de\/wordpress\/wp-json\/wp\/v2\/pages\/102\/revisions"}],"predecessor-version":[{"id":15090,"href":"https:\/\/schubert-schule-nw.de\/wordpress\/wp-json\/wp\/v2\/pages\/102\/revisions\/15090"}],"up":[{"embeddable":true,"href":"https:\/\/schubert-schule-nw.de\/wordpress\/wp-json\/wp\/v2\/pages\/20"}],"wp:attachment":[{"href":"https:\/\/schubert-schule-nw.de\/wordpress\/wp-json\/wp\/v2\/media?parent=102"}],"curies":[{"name":"wp","href":"https:\/\/api.w.org\/{rel}","templated":true}]}}