{"id":10854,"date":"2022-06-06T15:22:09","date_gmt":"2022-06-06T13:22:09","guid":{"rendered":"https:\/\/schubert-schule-nw.de\/wordpress\/?page_id=10854"},"modified":"2023-05-10T16:08:05","modified_gmt":"2023-05-10T14:08:05","slug":"grosszuegige-spende-des-rotary-club-neustadt","status":"publish","type":"page","link":"https:\/\/schubert-schule-nw.de\/wordpress\/demokratie-projekte\/grosszuegige-spende-des-rotary-club-neustadt\/","title":{"rendered":"Spende des Rotary Club Neustadt"},"content":{"rendered":"\n<p class=\"has-vivid-cyan-blue-background-color has-background has-medium-font-size\"><strong>Gro\u00dfz\u00fcgige Spende des Rotary Club Neustadt<\/strong><\/p>\n\n\n\n<p class=\"has-text-align-center\">An unserer Schule finden zahlreiche demokratische Projekte statt. Die j\u00fcngsten Kinder k\u00f6nnen im Klassenrat oder in der Streitschlichter-Ausbildung schon erste Erfahrungen sammeln. Alle Klassen haben Vertretungen gew\u00e4hlt, die an regelm\u00e4\u00dfigen Treffen mit den Vertrauenslehrern und der Schulleitung teilnehmen. Au\u00dferdem erfolgen Schulversammlungen mit der ganzen Schulgemeinschaft.<br>Weitere Projekte finden \u00fcber das Jahr verteilt statt. Wir beteiligen uns an den Gedenkfeiern f\u00fcr die Opfer des Nationalsozialismus, Besuchen die Gedenkst\u00e4tte in Neustadt oder Workshops im Hambacher Schloss. Mit der Gedenkst\u00e4tte gibt es eine enge Zusammenarbeit mit Herrn Dittus.<\/p>\n\n\n\n<p class=\"has-text-align-center\"><br>Als n\u00e4chstes geplant ist die Einladung eines Zeitzeugen, der \u00fcber die NS-Zeit und das Schicksal seiner eigenen Familie berichten wird.<br>Wir haben mehrere Aktionen f\u00fcr Frieden und gegen den Krieg in der Ukraine durchgef\u00fchrt. Es gab eine Gedenkaktion, an der Frau Valda Hauser teilnahm und vom Leid der Menschen in der Ukraine berichtet hat. Daraufhin haben wir am 2.4.2022 eine gro\u00dfe Spendenaktion durchgef\u00fchrt und selbstgebackenen Kuchen, Waffeln und tolle Werkst\u00fccke verkauft. \u00dcber 1600 \u20ac kamen dabei zusammen. Hierf\u00fcr wurden Medikamente f\u00fcr die Betroffenen in der Ukraine finanziert. Au\u00dferdem haben Sch\u00fcler*innen noch ein freiwilliges Praktikum absolviert und die Betriebe konnten hier f\u00fcr unter dem Motto \u201eMein Tag f\u00fcr die Ukraine\u201c spenden.<\/p>\n\n\n\n<p class=\"has-text-align-center\"><br>Eine Demokratie-AG koordiniert das Ganze. Weitere Aktionen sind geplant. Mit Frau Schanze von der Decken haben wir eine sehr r\u00fchrige Ansprechpartnerin bei der Stadt. Mit Ihrer Hilfe konnten wir auch Sch\u00fcler zu Junior Memory Guides ausbilden. Sie hat den Kontakt zum Rotary Club hergestellt.<\/p>\n\n\n\n<p class=\"has-text-align-center\"><br>Wir w\u00fcrden gerne einmal im Schulleben nach Berlin zum Reichstag fahren und sehen, wie Demokratie auf Bundesebene umgesetzt wird. Das ist leider finanziell nicht immer so einfach umsetzbar. Wir sind sehr gl\u00fccklich, dass uns der Rotary Club in Neustadt eine gro\u00dfz\u00fcgige Spende \u00fcber 2000 \u20ac hat zukommen lassen. Damit k\u00f6nnen wir dann das Projekt im neuen Schuljahr endlich beginnen, denn in diesem Jahr war das wegen Corona leider noch nicht m\u00f6glich.<\/p>\n\n\n\n<p class=\"has-text-align-center\"><br>Vielen Dank f\u00fcr die Unterst\u00fctzung!<br>Die Sch\u00fcler der Klasse 9a<\/p>\n","protected":false},"excerpt":{"rendered":"<p>Gro\u00dfz\u00fcgige Spende des Rotary Club Neustadt An unserer Schule finden zahlreiche demokratische Projekte statt. Die j\u00fcngsten Kinder k\u00f6nnen im Klassenrat oder in der Streitschlichter-Ausbildung schon erste Erfahrungen sammeln. Alle Klassen &hellip; <\/p>\n<p class=\"link-more\"><a href=\"https:\/\/schubert-schule-nw.de\/wordpress\/demokratie-projekte\/grosszuegige-spende-des-rotary-club-neustadt\/\" class=\"more-link\"><span class=\"screen-reader-text\">\u201eSpende des Rotary Club Neustadt\u201c<\/span> weiterlesen<\/a><\/p>\n","protected":false},"author":3,"featured_media":0,"parent":10847,"menu_order":1,"comment_status":"closed","ping_status":"closed","template":"","meta":{"ngg_post_thumbnail":0,"footnotes":""},"class_list":["post-10854","page","type-page","status-publish","hentry"],"_links":{"self":[{"href":"https:\/\/schubert-schule-nw.de\/wordpress\/wp-json\/wp\/v2\/pages\/10854","targetHints":{"allow":["GET"]}}],"collection":[{"href":"https:\/\/schubert-schule-nw.de\/wordpress\/wp-json\/wp\/v2\/pages"}],"about":[{"href":"https:\/\/schubert-schule-nw.de\/wordpress\/wp-json\/wp\/v2\/types\/page"}],"author":[{"embeddable":true,"href":"https:\/\/schubert-schule-nw.de\/wordpress\/wp-json\/wp\/v2\/users\/3"}],"replies":[{"embeddable":true,"href":"https:\/\/schubert-schule-nw.de\/wordpress\/wp-json\/wp\/v2\/comments?post=10854"}],"version-history":[{"count":6,"href":"https:\/\/schubert-schule-nw.de\/wordpress\/wp-json\/wp\/v2\/pages\/10854\/revisions"}],"predecessor-version":[{"id":14958,"href":"https:\/\/schubert-schule-nw.de\/wordpress\/wp-json\/wp\/v2\/pages\/10854\/revisions\/14958"}],"up":[{"embeddable":true,"href":"https:\/\/schubert-schule-nw.de\/wordpress\/wp-json\/wp\/v2\/pages\/10847"}],"wp:attachment":[{"href":"https:\/\/schubert-schule-nw.de\/wordpress\/wp-json\/wp\/v2\/media?parent=10854"}],"curies":[{"name":"wp","href":"https:\/\/api.w.org\/{rel}","templated":true}]}}