{"id":1248,"date":"2019-02-19T19:09:44","date_gmt":"2019-02-19T18:09:44","guid":{"rendered":"https:\/\/schubert-schule-nw.de\/wordpress\/?page_id=1248"},"modified":"2022-07-06T13:39:30","modified_gmt":"2022-07-06T11:39:30","slug":"schulhund","status":"publish","type":"page","link":"https:\/\/schubert-schule-nw.de\/wordpress\/schulhund\/","title":{"rendered":"Schulhund"},"content":{"rendered":"<h1 style=\"text-align: center;\"><strong><span style=\"color: #339966;\">Schulhund<\/span><\/strong><\/h1>\n<p><img loading=\"lazy\" decoding=\"async\" class=\"wp-image-1246 alignleft\" src=\"https:\/\/schubert-schule-nw.de\/wordpress\/wp-content\/uploads\/2019\/02\/IMG_3161.jpg\" alt=\"\" width=\"163\" height=\"154\" srcset=\"https:\/\/schubert-schule-nw.de\/wordpress\/wp-content\/uploads\/2019\/02\/IMG_3161.jpg 640w, https:\/\/schubert-schule-nw.de\/wordpress\/wp-content\/uploads\/2019\/02\/IMG_3161-300x283.jpg 300w\" sizes=\"auto, (max-width: 163px) 100vw, 163px\" \/><\/p>\n<p>Seit 2018 arbeitet Bob, ein italienischer Wasserhund, mit an der Schubert-Schule als tierischer Begleiter. Der R\u00fcde hat eine umfangreiche Ausbildung zum Schul- und Therapiehund absolviert und ist seitdem einmal w\u00f6chentlich fester Bestandteil des Schullebens.<\/p>\n<p>Um eine qualitativ gute Arbeit im Bereich der Hundegest\u00fctzten P\u00e4dagogik zu gew\u00e4hrleisten, wird Bob nach den Richtlinien des Arbeitskreises Schulhund in Rheinland-Pfalz und der damit einhergehenden Selbstverpflichtung im Unterricht eingesetzt.<\/p>\n<p>Sein menschenfreundliches, lustiges und liebevolles Wesen erleichtert ihm den Zugang zu den Kindern. Er ist ein beliebter Spiel-, Schmuse- und Lernpartner, der kleine Such-, Ruf-, sowie Rechen- und Lesespiele umsetzen kann. <img loading=\"lazy\" decoding=\"async\" class=\" wp-image-11254 alignleft\" src=\"https:\/\/schubert-schule-nw.de\/wordpress\/wp-content\/uploads\/2022\/06\/signal-2022-06-20-21-47-09-966-300x195.jpg\" alt=\"\" width=\"216\" height=\"141\" srcset=\"https:\/\/schubert-schule-nw.de\/wordpress\/wp-content\/uploads\/2022\/06\/signal-2022-06-20-21-47-09-966-300x195.jpg 300w, https:\/\/schubert-schule-nw.de\/wordpress\/wp-content\/uploads\/2022\/06\/signal-2022-06-20-21-47-09-966-1024x664.jpg 1024w, https:\/\/schubert-schule-nw.de\/wordpress\/wp-content\/uploads\/2022\/06\/signal-2022-06-20-21-47-09-966-768x498.jpg 768w, https:\/\/schubert-schule-nw.de\/wordpress\/wp-content\/uploads\/2022\/06\/signal-2022-06-20-21-47-09-966-1536x996.jpg 1536w, https:\/\/schubert-schule-nw.de\/wordpress\/wp-content\/uploads\/2022\/06\/signal-2022-06-20-21-47-09-966.jpg 1600w\" sizes=\"auto, (max-width: 216px) 100vw, 216px\" \/><\/p>\n<p>Bob ist aktuell in einer Lerngruppe oder aber im Rahmen von Projektwochen zum Thema \u201eHund\u201c mit theoretischen und praktischen Lernangeboten t\u00e4tig. Dabei lernen die Sch\u00fcler*innen Sach- und Fachwissen und \u00fcbernehmen altersgerechte und verantwortungsvolle Aufgaben im Umgang mit dem Hund. Es ist erstaunlich, welche positiven Auswirkungen die Anwesenheit eines Vierbeiners beim gemeinsamen Lernen auf die Kinder hat. So kann die Arbeit mit dem Schulhund die Sozialkompetenzen st\u00e4rken, das Selbstwertgef\u00fchl und die Selbstwirksamkeit f\u00f6rdern, den Abbau von \u00c4ngsten und Stress beg\u00fcnstigen sowie einen respektvollen Umgang mit Tieren und ein entspanntes Miteinander f\u00f6rdern.<\/p>\n<p>&nbsp;<\/p>\n\n\nngg_shortcode_0_placeholder\n\n\n\n<figure class=\"wp-block-embed is-type-video is-provider-vimeo wp-block-embed-vimeo\"><div class=\"wp-block-embed__wrapper\">\n<iframe loading=\"lazy\" title=\"Impressionen aus der Lerngruppe 1-3 (2)\" src=\"https:\/\/player.vimeo.com\/video\/723724661?dnt=1&amp;app_id=122963\" width=\"448\" height=\"640\" frameborder=\"0\" allow=\"autoplay; fullscreen; picture-in-picture; clipboard-write\"><\/iframe>\n<\/div><\/figure>\n\n\n\n<figure class=\"wp-block-embed is-type-video is-provider-vimeo wp-block-embed-vimeo wp-embed-aspect-16-9 wp-has-aspect-ratio\"><div class=\"wp-block-embed__wrapper\">\n<iframe loading=\"lazy\" title=\"Impressionen aus der Lerngruppe 1-3 (3).mp4\" src=\"https:\/\/player.vimeo.com\/video\/725286931?dnt=1&amp;app_id=122963\" width=\"525\" height=\"295\" frameborder=\"0\" allow=\"autoplay; fullscreen; picture-in-picture; clipboard-write\"><\/iframe>\n<\/div><\/figure>\n","protected":false},"excerpt":{"rendered":"<p>Schulhund Seit 2018 arbeitet Bob, ein italienischer Wasserhund, mit an der Schubert-Schule als tierischer Begleiter. Der R\u00fcde hat eine umfangreiche Ausbildung zum Schul- und Therapiehund absolviert und ist seitdem einmal &hellip; <\/p>\n<p class=\"link-more\"><a href=\"https:\/\/schubert-schule-nw.de\/wordpress\/schulhund\/\" class=\"more-link\"><span class=\"screen-reader-text\">\u201eSchulhund\u201c<\/span> weiterlesen<\/a><\/p>\n","protected":false},"author":1,"featured_media":0,"parent":0,"menu_order":15,"comment_status":"closed","ping_status":"closed","template":"","meta":{"ngg_post_thumbnail":0,"footnotes":""},"class_list":["post-1248","page","type-page","status-publish","hentry"],"_links":{"self":[{"href":"https:\/\/schubert-schule-nw.de\/wordpress\/wp-json\/wp\/v2\/pages\/1248","targetHints":{"allow":["GET"]}}],"collection":[{"href":"https:\/\/schubert-schule-nw.de\/wordpress\/wp-json\/wp\/v2\/pages"}],"about":[{"href":"https:\/\/schubert-schule-nw.de\/wordpress\/wp-json\/wp\/v2\/types\/page"}],"author":[{"embeddable":true,"href":"https:\/\/schubert-schule-nw.de\/wordpress\/wp-json\/wp\/v2\/users\/1"}],"replies":[{"embeddable":true,"href":"https:\/\/schubert-schule-nw.de\/wordpress\/wp-json\/wp\/v2\/comments?post=1248"}],"version-history":[{"count":10,"href":"https:\/\/schubert-schule-nw.de\/wordpress\/wp-json\/wp\/v2\/pages\/1248\/revisions"}],"predecessor-version":[{"id":11472,"href":"https:\/\/schubert-schule-nw.de\/wordpress\/wp-json\/wp\/v2\/pages\/1248\/revisions\/11472"}],"wp:attachment":[{"href":"https:\/\/schubert-schule-nw.de\/wordpress\/wp-json\/wp\/v2\/media?parent=1248"}],"curies":[{"name":"wp","href":"https:\/\/api.w.org\/{rel}","templated":true}]}}