{"id":14997,"date":"2023-05-10T16:55:37","date_gmt":"2023-05-10T14:55:37","guid":{"rendered":"https:\/\/schubert-schule-nw.de\/wordpress\/?page_id=14997"},"modified":"2023-11-15T08:45:14","modified_gmt":"2023-11-15T07:45:14","slug":"fussball-ag-herr-landt","status":"publish","type":"page","link":"https:\/\/schubert-schule-nw.de\/wordpress\/ganztagsschule\/ags\/fussball-ag-herr-landt\/","title":{"rendered":"Fu\u00dfball AG &#8211; Herr Landt"},"content":{"rendered":"\n<p class=\"has-text-align-center has-luminous-vivid-amber-background-color has-background has-large-font-size\">Fu\u00dfball AG <\/p>\n\n\n\n<p>Am Mittwoch, den 17.04.2023, fuhr unsere Schulmannschaft nach Landau zum Vorrundenturnier im Fu\u00dfball. Angetreten waren die Nordringschule (Landau), die SFL Kreis Germersheim, die Matzenbergschule (Pirmasens) und die Schubert-Schule (Neustadt). Es ging um die ersten beiden Pl\u00e4tze zur Qualifikation f\u00fcr den Regionalentscheid.<\/p>\n\n\n\n<div class=\"wp-block-columns is-layout-flex wp-container-core-columns-is-layout-28f84493 wp-block-columns-is-layout-flex\">\n<div class=\"wp-block-column is-layout-flow wp-block-column-is-layout-flow\">\n<figure class=\"wp-block-image size-large\"><img loading=\"lazy\" decoding=\"async\" width=\"1024\" height=\"648\" src=\"https:\/\/schubert-schule-nw.de\/wordpress\/wp-content\/uploads\/2023\/05\/Gruppenbild-1024x648.jpg\" alt=\"\" class=\"wp-image-15004\" srcset=\"https:\/\/schubert-schule-nw.de\/wordpress\/wp-content\/uploads\/2023\/05\/Gruppenbild-1024x648.jpg 1024w, https:\/\/schubert-schule-nw.de\/wordpress\/wp-content\/uploads\/2023\/05\/Gruppenbild-300x190.jpg 300w, https:\/\/schubert-schule-nw.de\/wordpress\/wp-content\/uploads\/2023\/05\/Gruppenbild-768x486.jpg 768w, https:\/\/schubert-schule-nw.de\/wordpress\/wp-content\/uploads\/2023\/05\/Gruppenbild-1536x972.jpg 1536w, https:\/\/schubert-schule-nw.de\/wordpress\/wp-content\/uploads\/2023\/05\/Gruppenbild-2048x1296.jpg 2048w\" sizes=\"auto, (max-width: 767px) 89vw, (max-width: 1000px) 54vw, (max-width: 1071px) 543px, 580px\" \/><\/figure>\n<\/div>\n\n\n\n<div class=\"wp-block-column is-layout-flow wp-block-column-is-layout-flow\">\n<p>Im ersten Spiel trafen wir auf Germersheim, welches wir durch 5:0 f\u00fcr uns entscheiden konnten. Auch das zweite Spiel konnten wir 4:1 gegen Pirmasens gewinnen und uns somit f\u00fcr das Endspiel qualifizieren. Dort trafen wir auf die Nordringschule. In einem fu\u00dfballerisch sehr starken Spiel konnte Landau kurz vor Schluss das Spiel 1:0 f\u00fcr sich entscheiden.<\/p>\n<\/div>\n<\/div>\n\n\n\n<p>Die Schubert-Schule belegte den 2. Platz und qualifizierte sich somit f\u00fcr den Regionalentscheid am 17.05.23 in LU-Oggersheim.<\/p>\n\n\n\nngg_shortcode_0_placeholder\n","protected":false},"excerpt":{"rendered":"<p>Fu\u00dfball AG Am Mittwoch, den 17.04.2023, fuhr unsere Schulmannschaft nach Landau zum Vorrundenturnier im Fu\u00dfball. Angetreten waren die Nordringschule (Landau), die SFL Kreis Germersheim, die Matzenbergschule (Pirmasens) und die Schubert-Schule &hellip; <\/p>\n<p class=\"link-more\"><a href=\"https:\/\/schubert-schule-nw.de\/wordpress\/ganztagsschule\/ags\/fussball-ag-herr-landt\/\" class=\"more-link\"><span class=\"screen-reader-text\">\u201eFu\u00dfball AG &#8211; Herr Landt\u201c<\/span> weiterlesen<\/a><\/p>\n","protected":false},"author":3,"featured_media":0,"parent":3340,"menu_order":10,"comment_status":"closed","ping_status":"closed","template":"","meta":{"ngg_post_thumbnail":0,"footnotes":""},"class_list":["post-14997","page","type-page","status-publish","hentry"],"_links":{"self":[{"href":"https:\/\/schubert-schule-nw.de\/wordpress\/wp-json\/wp\/v2\/pages\/14997","targetHints":{"allow":["GET"]}}],"collection":[{"href":"https:\/\/schubert-schule-nw.de\/wordpress\/wp-json\/wp\/v2\/pages"}],"about":[{"href":"https:\/\/schubert-schule-nw.de\/wordpress\/wp-json\/wp\/v2\/types\/page"}],"author":[{"embeddable":true,"href":"https:\/\/schubert-schule-nw.de\/wordpress\/wp-json\/wp\/v2\/users\/3"}],"replies":[{"embeddable":true,"href":"https:\/\/schubert-schule-nw.de\/wordpress\/wp-json\/wp\/v2\/comments?post=14997"}],"version-history":[{"count":5,"href":"https:\/\/schubert-schule-nw.de\/wordpress\/wp-json\/wp\/v2\/pages\/14997\/revisions"}],"predecessor-version":[{"id":16593,"href":"https:\/\/schubert-schule-nw.de\/wordpress\/wp-json\/wp\/v2\/pages\/14997\/revisions\/16593"}],"up":[{"embeddable":true,"href":"https:\/\/schubert-schule-nw.de\/wordpress\/wp-json\/wp\/v2\/pages\/3340"}],"wp:attachment":[{"href":"https:\/\/schubert-schule-nw.de\/wordpress\/wp-json\/wp\/v2\/media?parent=14997"}],"curies":[{"name":"wp","href":"https:\/\/api.w.org\/{rel}","templated":true}]}}