{"id":16429,"date":"2023-10-26T09:16:02","date_gmt":"2023-10-26T07:16:02","guid":{"rendered":"https:\/\/schubert-schule-nw.de\/wordpress\/?page_id=16429"},"modified":"2023-11-15T08:33:40","modified_gmt":"2023-11-15T07:33:40","slug":"ball-ag","status":"publish","type":"page","link":"https:\/\/schubert-schule-nw.de\/wordpress\/ganztagsschule\/ags\/ball-ag\/","title":{"rendered":"Ball AG"},"content":{"rendered":"\n<p class=\"has-text-align-center has-luminous-vivid-amber-background-color has-background has-large-font-size\">Die Ball AG<\/p>\n\n\n\n<p class=\"has-text-align-center\">In der Ball AG der Unterstufe steht der Spa\u00df an der Bewegung und die St\u00e4rkung der Sozialkompetenz  im Mittelpunkt. Die Sch\u00fclerInnen lernen einerseits die Spielregeln einzuhalten und andererseits den richtigen Umgang vom Gewinnen und Verlieren. Dar\u00fcber hinaus wird die motorische Koordination beim Umgang mit B\u00e4llen gef\u00f6rdert. <\/p>\n","protected":false},"excerpt":{"rendered":"<p>Die Ball AG In der Ball AG der Unterstufe steht der Spa\u00df an der Bewegung und die St\u00e4rkung der Sozialkompetenz im Mittelpunkt. Die Sch\u00fclerInnen lernen einerseits die Spielregeln einzuhalten und &hellip; <\/p>\n<p class=\"link-more\"><a href=\"https:\/\/schubert-schule-nw.de\/wordpress\/ganztagsschule\/ags\/ball-ag\/\" class=\"more-link\"><span class=\"screen-reader-text\">\u201eBall AG\u201c<\/span> weiterlesen<\/a><\/p>\n","protected":false},"author":3,"featured_media":0,"parent":3340,"menu_order":3,"comment_status":"closed","ping_status":"closed","template":"","meta":{"ngg_post_thumbnail":0,"footnotes":""},"class_list":["post-16429","page","type-page","status-publish","hentry"],"_links":{"self":[{"href":"https:\/\/schubert-schule-nw.de\/wordpress\/wp-json\/wp\/v2\/pages\/16429","targetHints":{"allow":["GET"]}}],"collection":[{"href":"https:\/\/schubert-schule-nw.de\/wordpress\/wp-json\/wp\/v2\/pages"}],"about":[{"href":"https:\/\/schubert-schule-nw.de\/wordpress\/wp-json\/wp\/v2\/types\/page"}],"author":[{"embeddable":true,"href":"https:\/\/schubert-schule-nw.de\/wordpress\/wp-json\/wp\/v2\/users\/3"}],"replies":[{"embeddable":true,"href":"https:\/\/schubert-schule-nw.de\/wordpress\/wp-json\/wp\/v2\/comments?post=16429"}],"version-history":[{"count":6,"href":"https:\/\/schubert-schule-nw.de\/wordpress\/wp-json\/wp\/v2\/pages\/16429\/revisions"}],"predecessor-version":[{"id":16588,"href":"https:\/\/schubert-schule-nw.de\/wordpress\/wp-json\/wp\/v2\/pages\/16429\/revisions\/16588"}],"up":[{"embeddable":true,"href":"https:\/\/schubert-schule-nw.de\/wordpress\/wp-json\/wp\/v2\/pages\/3340"}],"wp:attachment":[{"href":"https:\/\/schubert-schule-nw.de\/wordpress\/wp-json\/wp\/v2\/media?parent=16429"}],"curies":[{"name":"wp","href":"https:\/\/api.w.org\/{rel}","templated":true}]}}