{"id":16440,"date":"2023-10-27T16:28:38","date_gmt":"2023-10-27T14:28:38","guid":{"rendered":"https:\/\/schubert-schule-nw.de\/wordpress\/?page_id=16440"},"modified":"2023-11-15T08:20:36","modified_gmt":"2023-11-15T07:20:36","slug":"16440-2","status":"publish","type":"page","link":"https:\/\/schubert-schule-nw.de\/wordpress\/ganztagsschule\/ags\/16440-2\/","title":{"rendered":""},"content":{"rendered":"\n<p class=\"has-text-align-center has-luminous-vivid-amber-background-color has-background has-large-font-size\">Holzwerkstatt AG<\/p>\n\n\n\n<p class=\"has-text-align-center\">In der Holzwerkstatt arbeiten wir an verschiedensten Dingen.  So stellen wir neue Sitzgelegenheiten aus Baumst\u00e4mmen her oder reparieren die bereits Vorhandenen z.B. Picknickb\u00e4nke.<br>Wenn Weihnachten oder Ostern vor der steht, werken wir Dekoartikel wie Hasen, Engel, Sterne und vieles andere.<br>Die Sch\u00fcler\/innen k\u00f6nnen innerhalb der AG, alles \u00fcber den Werkstoff Holz und die ben\u00f6tigten Werkzeuge erfahren und diese selbst ausprobieren.<\/p>\n","protected":false},"excerpt":{"rendered":"<p>Holzwerkstatt AG In der Holzwerkstatt arbeiten wir an verschiedensten Dingen. So stellen wir neue Sitzgelegenheiten aus Baumst\u00e4mmen her oder reparieren die bereits Vorhandenen z.B. Picknickb\u00e4nke.Wenn Weihnachten oder Ostern vor der &hellip; <\/p>\n<p class=\"link-more\"><a href=\"https:\/\/schubert-schule-nw.de\/wordpress\/ganztagsschule\/ags\/16440-2\/\" class=\"more-link\"><span class=\"screen-reader-text\">\u201e\u201c<\/span> weiterlesen<\/a><\/p>\n","protected":false},"author":3,"featured_media":0,"parent":3340,"menu_order":0,"comment_status":"closed","ping_status":"closed","template":"","meta":{"ngg_post_thumbnail":0,"footnotes":""},"class_list":["post-16440","page","type-page","status-publish","hentry"],"_links":{"self":[{"href":"https:\/\/schubert-schule-nw.de\/wordpress\/wp-json\/wp\/v2\/pages\/16440","targetHints":{"allow":["GET"]}}],"collection":[{"href":"https:\/\/schubert-schule-nw.de\/wordpress\/wp-json\/wp\/v2\/pages"}],"about":[{"href":"https:\/\/schubert-schule-nw.de\/wordpress\/wp-json\/wp\/v2\/types\/page"}],"author":[{"embeddable":true,"href":"https:\/\/schubert-schule-nw.de\/wordpress\/wp-json\/wp\/v2\/users\/3"}],"replies":[{"embeddable":true,"href":"https:\/\/schubert-schule-nw.de\/wordpress\/wp-json\/wp\/v2\/comments?post=16440"}],"version-history":[{"count":2,"href":"https:\/\/schubert-schule-nw.de\/wordpress\/wp-json\/wp\/v2\/pages\/16440\/revisions"}],"predecessor-version":[{"id":16577,"href":"https:\/\/schubert-schule-nw.de\/wordpress\/wp-json\/wp\/v2\/pages\/16440\/revisions\/16577"}],"up":[{"embeddable":true,"href":"https:\/\/schubert-schule-nw.de\/wordpress\/wp-json\/wp\/v2\/pages\/3340"}],"wp:attachment":[{"href":"https:\/\/schubert-schule-nw.de\/wordpress\/wp-json\/wp\/v2\/media?parent=16440"}],"curies":[{"name":"wp","href":"https:\/\/api.w.org\/{rel}","templated":true}]}}