{"id":166,"date":"2018-01-18T19:21:02","date_gmt":"2018-01-18T18:21:02","guid":{"rendered":"http:\/\/schubert-schule-nw.de\/wordpress\/?page_id=166"},"modified":"2023-05-15T15:51:43","modified_gmt":"2023-05-15T13:51:43","slug":"pes","status":"publish","type":"page","link":"https:\/\/schubert-schule-nw.de\/wordpress\/profil\/pes\/","title":{"rendered":"PES"},"content":{"rendered":"\n<p class=\"has-background has-medium-font-size\" style=\"background-color:#9b51e078\"><strong>PES<\/strong><\/p>\n\n\n<p><span class=\"ds5\">Die Schubert-Schule ist PES-Schule!<br>\n<\/span><\/p>\n<p><img loading=\"lazy\" decoding=\"async\" class=\"alignnone size-full wp-image-3312\" src=\"https:\/\/schubert-schule-nw.de\/wordpress\/wp-content\/uploads\/2020\/09\/pes.gif\" alt=\"\" width=\"201\" height=\"120\"><\/p>\n<p><span class=\"ds5\">Seit mehreren Jahren nimmt die Schubert-Schule an dem landesweiten &#8222;Projekt Erweiterte Selbstst\u00e4ndigkeit&#8220; teil, das sich zum Ziel gesetzt hat, Unterrichtsausfall, bedingt durch Krankheit oder dienstlich begr\u00fcndete Abwesenheit der Lehrkr\u00e4fte, so gering wie m\u00f6glich zu halten.<br>\n<\/span><\/p>\n<p><span class=\"ds5\">Dabei haben wir als Schule die M\u00f6glichkeit und Aufgabe, mit finanziellen Mitteln eigenverantwortlich konkreten Unterrichtsausfall durch verschiedene Ma\u00dfnahmen (Vertr\u00e4ge mit externen Personen usw.) zu verhindern. Zur Zeit arbeiten an unserer Schule u.a. mehrere PES-Studenten\/-innen als PES-Kr\u00e4fte:<br>\n<\/span><\/p>\n<p><span class=\"ds5\">Im Bedarfsfall werden sie nach Absprache zur Vertretung eingesetzt und arbeiten mit Material, das in den Klassen bereit steht am jeweiligen Unterrichtsstoff weiter oder f\u00fchren kleine Projekte mit den Sch\u00fcler\/innen durch.<br>\n<\/span><\/p>\n<p><span class=\"ds5\">Weitere Informationen gibt es hier:&nbsp;<a href=\"http:\/\/pes.bildung-rp.de\/\">http:\/\/pes.bildung-rp.de<\/a><br>\n<\/span><\/p>","protected":false},"excerpt":{"rendered":"<p>PES Die Schubert-Schule ist PES-Schule! Seit mehreren Jahren nimmt die Schubert-Schule an dem landesweiten &#8222;Projekt Erweiterte Selbstst\u00e4ndigkeit&#8220; teil, das sich zum Ziel gesetzt hat, Unterrichtsausfall, bedingt durch Krankheit oder dienstlich &hellip; <\/p>\n<p class=\"link-more\"><a href=\"https:\/\/schubert-schule-nw.de\/wordpress\/profil\/pes\/\" class=\"more-link\"><span class=\"screen-reader-text\">\u201ePES\u201c<\/span> weiterlesen<\/a><\/p>\n","protected":false},"author":1,"featured_media":0,"parent":20,"menu_order":4,"comment_status":"closed","ping_status":"closed","template":"","meta":{"ngg_post_thumbnail":0,"footnotes":""},"class_list":["post-166","page","type-page","status-publish","hentry"],"_links":{"self":[{"href":"https:\/\/schubert-schule-nw.de\/wordpress\/wp-json\/wp\/v2\/pages\/166","targetHints":{"allow":["GET"]}}],"collection":[{"href":"https:\/\/schubert-schule-nw.de\/wordpress\/wp-json\/wp\/v2\/pages"}],"about":[{"href":"https:\/\/schubert-schule-nw.de\/wordpress\/wp-json\/wp\/v2\/types\/page"}],"author":[{"embeddable":true,"href":"https:\/\/schubert-schule-nw.de\/wordpress\/wp-json\/wp\/v2\/users\/1"}],"replies":[{"embeddable":true,"href":"https:\/\/schubert-schule-nw.de\/wordpress\/wp-json\/wp\/v2\/comments?post=166"}],"version-history":[{"count":4,"href":"https:\/\/schubert-schule-nw.de\/wordpress\/wp-json\/wp\/v2\/pages\/166\/revisions"}],"predecessor-version":[{"id":15094,"href":"https:\/\/schubert-schule-nw.de\/wordpress\/wp-json\/wp\/v2\/pages\/166\/revisions\/15094"}],"up":[{"embeddable":true,"href":"https:\/\/schubert-schule-nw.de\/wordpress\/wp-json\/wp\/v2\/pages\/20"}],"wp:attachment":[{"href":"https:\/\/schubert-schule-nw.de\/wordpress\/wp-json\/wp\/v2\/media?parent=166"}],"curies":[{"name":"wp","href":"https:\/\/api.w.org\/{rel}","templated":true}]}}