{"id":16728,"date":"2024-05-13T19:20:26","date_gmt":"2024-05-13T17:20:26","guid":{"rendered":"https:\/\/schubert-schule-nw.de\/wordpress\/?page_id=16728"},"modified":"2024-05-15T16:39:50","modified_gmt":"2024-05-15T14:39:50","slug":"unsere-beratungsangebote-und-unterstuetzungsmoeglichkeiten","status":"publish","type":"page","link":"https:\/\/schubert-schule-nw.de\/wordpress\/foerder-und-beratungszentrum\/unsere-beratungsangebote-und-unterstuetzungsmoeglichkeiten\/","title":{"rendered":"Unsere Beratungsangebote und Unterst\u00fctzungsm\u00f6glichkeiten"},"content":{"rendered":"\n<p class=\"has-text-align-center has-vivid-cyan-blue-color has-text-color has-link-color wp-elements-d8ba82f00c2b72687c33990a68ced9ec\" style=\"font-size:30px\">Unsere Beratungsangebote und Unterst\u00fctzungsm\u00f6glichkeiten<\/p>\n\n\n\n<p>Um dem Arbeitsauftrag eines F\u00f6rder- und Beratungszentrums zu entsprechen, bieten wir folgende Beratungs- und Unterst\u00fctzungsleistungen an:<\/p>\n\n\n\n<ul class=\"wp-block-list\">\n<li>Sch\u00fclerbezogene Beratung und Unterst\u00fctzung auf Anfrage der Kolleg:innen aus den Regel- und Schwerpunktschulen bei drohendem bzw. bestehendem sonderp\u00e4dagogischen F\u00f6rderbedarf<\/li>\n\n\n\n<li>Hospitation im Unterricht<\/li>\n\n\n\n<li>Gemeinsame Erarbeitung von geeigneten Unterrichtsangeboten<\/li>\n\n\n\n<li>Tempor\u00e4re F\u00f6rderung des betreffenden Sch\u00fclers innerhalb des Unterrichts zur Implementierung differenzierter Unterrichtsangebote<\/li>\n\n\n\n<li>Unterst\u00fctzung in der Materialauswahl<\/li>\n\n\n\n<li>Beratung von Lehrkr\u00e4ften, Teams, Eltern zu allen sonderp\u00e4dagogischen Fragstellungen<\/li>\n\n\n\n<li>F\u00f6rderplanung im Team<\/li>\n\n\n\n<li>Informationsangebote zu speziellen sonderp\u00e4dagogischen Fragestellungen im Rahmen von Konferenzen<\/li>\n\n\n\n<li>Beratung bei der Gestaltung von \u00dcberg\u00e4ngen zwischen F\u00f6rderschulen und Regel- bzw. Schwerpunktschulen<\/li>\n\n\n\n<li>Kollegiale Fallberatung \/ Supervision<\/li>\n\n\n\n<li>Systemberatung von Schulen (Weiterentwicklung schulischer Konzepte, Transfer sonderp\u00e4dagogischer Kompetenzen, Erweiterung der Umgangsm\u00f6glichkeiten mit Heterogenit\u00e4t \u2026)<\/li>\n\n\n\n<li>Initiierung des fachlichen Austausches zwischen F\u00f6rderschulen und Schulen mit inklusivem Unterrichtsangebot<\/li>\n\n\n\n<li>Erm\u00f6glichen des Erfahrungsaustausches zwischen allen am FBZ beteiligten sonderp\u00e4dagogischen Lehrkr\u00e4ften (F\u00f6rderschullehrer:innen und P\u00e4dagogische Fachkr\u00e4fte)<\/li>\n\n\n\n<li>Informationsveranstaltungen \u00fcber inklusive Schulangebote<\/li>\n<\/ul>\n\n\n\n<p>Aufbau und Gestaltung von Netzwerkstrukturen mit den Abteilungen Soziales, Jugend und Familie, Gesundheitswesen, Rehabilitationstr\u00e4gern, Bildungseinrichtungen im Elementarbereich<strong><\/strong><\/p>\n\n\n\n<p><\/p>\n","protected":false},"excerpt":{"rendered":"<p>Unsere Beratungsangebote und Unterst\u00fctzungsm\u00f6glichkeiten Um dem Arbeitsauftrag eines F\u00f6rder- und Beratungszentrums zu entsprechen, bieten wir folgende Beratungs- und Unterst\u00fctzungsleistungen an: Aufbau und Gestaltung von Netzwerkstrukturen mit den Abteilungen Soziales, Jugend &hellip; <\/p>\n<p class=\"link-more\"><a href=\"https:\/\/schubert-schule-nw.de\/wordpress\/foerder-und-beratungszentrum\/unsere-beratungsangebote-und-unterstuetzungsmoeglichkeiten\/\" class=\"more-link\"><span class=\"screen-reader-text\">\u201eUnsere Beratungsangebote und Unterst\u00fctzungsm\u00f6glichkeiten\u201c<\/span> weiterlesen<\/a><\/p>\n","protected":false},"author":3,"featured_media":0,"parent":16707,"menu_order":2,"comment_status":"closed","ping_status":"closed","template":"","meta":{"ngg_post_thumbnail":0,"footnotes":""},"class_list":["post-16728","page","type-page","status-publish","hentry"],"_links":{"self":[{"href":"https:\/\/schubert-schule-nw.de\/wordpress\/wp-json\/wp\/v2\/pages\/16728","targetHints":{"allow":["GET"]}}],"collection":[{"href":"https:\/\/schubert-schule-nw.de\/wordpress\/wp-json\/wp\/v2\/pages"}],"about":[{"href":"https:\/\/schubert-schule-nw.de\/wordpress\/wp-json\/wp\/v2\/types\/page"}],"author":[{"embeddable":true,"href":"https:\/\/schubert-schule-nw.de\/wordpress\/wp-json\/wp\/v2\/users\/3"}],"replies":[{"embeddable":true,"href":"https:\/\/schubert-schule-nw.de\/wordpress\/wp-json\/wp\/v2\/comments?post=16728"}],"version-history":[{"count":7,"href":"https:\/\/schubert-schule-nw.de\/wordpress\/wp-json\/wp\/v2\/pages\/16728\/revisions"}],"predecessor-version":[{"id":16825,"href":"https:\/\/schubert-schule-nw.de\/wordpress\/wp-json\/wp\/v2\/pages\/16728\/revisions\/16825"}],"up":[{"embeddable":true,"href":"https:\/\/schubert-schule-nw.de\/wordpress\/wp-json\/wp\/v2\/pages\/16707"}],"wp:attachment":[{"href":"https:\/\/schubert-schule-nw.de\/wordpress\/wp-json\/wp\/v2\/media?parent=16728"}],"curies":[{"name":"wp","href":"https:\/\/api.w.org\/{rel}","templated":true}]}}