{"id":16731,"date":"2024-05-13T19:22:18","date_gmt":"2024-05-13T17:22:18","guid":{"rendered":"https:\/\/schubert-schule-nw.de\/wordpress\/?page_id=16731"},"modified":"2024-05-15T16:40:47","modified_gmt":"2024-05-15T14:40:47","slug":"der-beratungsprozess","status":"publish","type":"page","link":"https:\/\/schubert-schule-nw.de\/wordpress\/foerder-und-beratungszentrum\/der-beratungsprozess\/","title":{"rendered":"Der Beratungsprozess"},"content":{"rendered":"\n<p class=\"has-text-align-center has-vivid-cyan-blue-color has-text-color has-link-color wp-elements-7004b235f2189de313bb0a78e32ff2f0\" style=\"font-size:30px\">Der Beratungsprozess<\/p>\n\n\n\n<figure class=\"wp-block-image size-full\"><img loading=\"lazy\" decoding=\"async\" width=\"678\" height=\"361\" src=\"https:\/\/schubert-schule-nw.de\/wordpress\/wp-content\/uploads\/2024\/05\/image-8.png\" alt=\"\" class=\"wp-image-16781\" srcset=\"https:\/\/schubert-schule-nw.de\/wordpress\/wp-content\/uploads\/2024\/05\/image-8.png 678w, https:\/\/schubert-schule-nw.de\/wordpress\/wp-content\/uploads\/2024\/05\/image-8-300x160.png 300w\" sizes=\"auto, (max-width: 678px) 100vw, 678px\" \/><\/figure>\n\n\n\n<p><\/p>\n\n\n\n<p>In den Beratungsprozess geht in der Regel ein Team des FBZs, um in einem ersten Gespr\u00e4ch die Rahmenbedingungen zu kl\u00e4ren sowie das Beratungskonzept vorzustellen. Die Beratungssuchenden stellen die Problemlage dar, formulieren den Beratungsauftrag und zeigen auf, welche Ressourcen bereits bestehen. Daraufhin erfolgt eine gemeinsame Zielfestlegung und Zeitperspektive.<\/p>\n\n\n\n<p>Im Anschluss erfolgt eine Zusammenfassung der bisher bekannten Ausgangssituation sowie ggf. eine weitere Sammlung und Analyse des Ist-Standes (Zusammentragen aller notwendigen Daten, Anamnese, Lernstandsanalyse, F\u00f6rderdiagnostik \u2026). L\u00f6sungsans\u00e4tze werden im Team erarbeitet und evtl. erprobt.<\/p>\n\n\n\n<p>Auf dieser Grundlage wird gemeinsam ein F\u00f6rderplan erstellt, in dem ziel- und ergebnisorientierte F\u00f6rderma\u00dfnahmen festgeschrieben werden. In einem festgelegten Zeitraum werden die vereinbarten F\u00f6rderma\u00dfnahmen umgesetzt, die Lernfortschritte dokumentiert und die jeweiligen Ergebnisse gesichert.<\/p>\n\n\n\n<p>Zum Ende des festgelegten Zeitraumes wird der Verlauf des bisherigen Prozesses evaluiert, die Ergebnisse der F\u00f6rderma\u00dfnahmen reflektiert und der Beratungsprozess mit einem Beratungsbericht beendet bzw. bei Bedarf durch eine aktualisierte Problemanalyse ein erneuter Beratungsprozess in Gang gesetzt.<\/p>\n\n\n\n<p>Alle Phasen der Beratung werden dokumentiert. Diese Dokumentationen k\u00f6nnen nach Abschluss des Beratungsauftrages allen Antragstellern zur Verf\u00fcgung gestellt werden.<\/p>\n\n\n\n<p>Der zeitliche Umfang der Beratung kann sich von einmaliger Beratung bis zu einer Begleitung in Ausnahmef\u00e4llen (z.B. im Bereich Sprachf\u00f6rderung) w\u00e4hrend des ganzen Schuljahres erstrecken sowie auch bei \u00dcberg\u00e4ngen begleitend \u00fcber mehrere Schuljahre hinweg erfolgen.<\/p>\n","protected":false},"excerpt":{"rendered":"<p>Der Beratungsprozess In den Beratungsprozess geht in der Regel ein Team des FBZs, um in einem ersten Gespr\u00e4ch die Rahmenbedingungen zu kl\u00e4ren sowie das Beratungskonzept vorzustellen. Die Beratungssuchenden stellen die &hellip; <\/p>\n<p class=\"link-more\"><a href=\"https:\/\/schubert-schule-nw.de\/wordpress\/foerder-und-beratungszentrum\/der-beratungsprozess\/\" class=\"more-link\"><span class=\"screen-reader-text\">\u201eDer Beratungsprozess\u201c<\/span> weiterlesen<\/a><\/p>\n","protected":false},"author":3,"featured_media":0,"parent":16707,"menu_order":3,"comment_status":"closed","ping_status":"closed","template":"","meta":{"ngg_post_thumbnail":0,"footnotes":""},"class_list":["post-16731","page","type-page","status-publish","hentry"],"_links":{"self":[{"href":"https:\/\/schubert-schule-nw.de\/wordpress\/wp-json\/wp\/v2\/pages\/16731","targetHints":{"allow":["GET"]}}],"collection":[{"href":"https:\/\/schubert-schule-nw.de\/wordpress\/wp-json\/wp\/v2\/pages"}],"about":[{"href":"https:\/\/schubert-schule-nw.de\/wordpress\/wp-json\/wp\/v2\/types\/page"}],"author":[{"embeddable":true,"href":"https:\/\/schubert-schule-nw.de\/wordpress\/wp-json\/wp\/v2\/users\/3"}],"replies":[{"embeddable":true,"href":"https:\/\/schubert-schule-nw.de\/wordpress\/wp-json\/wp\/v2\/comments?post=16731"}],"version-history":[{"count":5,"href":"https:\/\/schubert-schule-nw.de\/wordpress\/wp-json\/wp\/v2\/pages\/16731\/revisions"}],"predecessor-version":[{"id":16828,"href":"https:\/\/schubert-schule-nw.de\/wordpress\/wp-json\/wp\/v2\/pages\/16731\/revisions\/16828"}],"up":[{"embeddable":true,"href":"https:\/\/schubert-schule-nw.de\/wordpress\/wp-json\/wp\/v2\/pages\/16707"}],"wp:attachment":[{"href":"https:\/\/schubert-schule-nw.de\/wordpress\/wp-json\/wp\/v2\/media?parent=16731"}],"curies":[{"name":"wp","href":"https:\/\/api.w.org\/{rel}","templated":true}]}}