{"id":16740,"date":"2024-05-13T19:29:42","date_gmt":"2024-05-13T17:29:42","guid":{"rendered":"https:\/\/schubert-schule-nw.de\/wordpress\/?page_id=16740"},"modified":"2024-05-15T16:41:48","modified_gmt":"2024-05-15T14:41:48","slug":"uebersicht-ueber-schulen-mit-beratungsanspruch-durch-das-fbz-neustadt-an-der-weinstrasse","status":"publish","type":"page","link":"https:\/\/schubert-schule-nw.de\/wordpress\/foerder-und-beratungszentrum\/uebersicht-ueber-schulen-mit-beratungsanspruch-durch-das-fbz-neustadt-an-der-weinstrasse\/","title":{"rendered":"\u00dcbersicht \u00fcber Schulen mit Beratungsanspruch durch das FBZ Neustadt an der Weinstra\u00dfe:"},"content":{"rendered":"\n<p class=\"has-text-align-left has-vivid-cyan-blue-color has-text-color has-link-color wp-elements-bd39258ad70ff35890eac59cfe14fe7f\" style=\"font-size:30px\">\u00dcbersicht \u00fcber Schulen mit Beratungsanspruch durch das FBZ Neustadt an der Weinstra\u00dfe:<\/p>\n\n\n\n<p><strong>Grundschulen:<\/strong><\/p>\n\n\n\n<ul class=\"wp-block-list\">\n<li>Grundschulen der Stadt Neustadt (Eichendorff-Schule, Heinz-Sielmann-Schule, Ostschule, Albert-Fink-Schule, Hans-Geiger-Schule, Gebr\u00fcder-Grimm-Schule, Michael-Ende-Schule, Sch\u00f6ntalschule, Grundschule Mu\u00dfbach, Grundschule Gimmeldingen)<\/li>\n\n\n\n<li>Grundschule des Landkreises Bad D\u00fcrkheim in der Verbandsgemeinde Lambrecht (Grundschule Lambrecht, Grundschule Lindenberg, Grundschule Esthal, Grundschule Heinrich-Weintz Elmstein, Grundschule Neidenfels, Grundschule Weidenthal)<\/li>\n\n\n\n<li>Grundschule der Verbandsgemeinde Maikammer (Grundschule Kirrweiler, Grundschule St. Martin, Johannes-Leonhard-Schule Maikammer)<\/li>\n<\/ul>\n\n\n\n<p><strong>Weiterf\u00fchrende Schulen:<\/strong><\/p>\n\n\n\n<ul class=\"wp-block-list\">\n<li>Georg-von-Neumayer Realschule Plus Neustadt,<\/li>\n\n\n\n<li>Realschule am Speyerbach in Lambrecht<\/li>\n\n\n\n<li>Realschule Plus Maikammer-Hambach<\/li>\n\n\n\n<li>K\u00e4the-Kollwitz-Gymnasium<\/li>\n\n\n\n<li>Kurf\u00fcrst-Ruprecht Gymnasium<\/li>\n\n\n\n<li>Leibniz Gymnasium)<\/li>\n\n\n\n<li>Berufsbildende Schule Neustadt<\/li>\n<\/ul>\n\n\n\n<p><strong>Schulen in freier Tr\u00e4gerschaft:<\/strong><\/p>\n\n\n\n<ul class=\"wp-block-list\">\n<li>Waldorfschule Neustadt<\/li>\n\n\n\n<li>International School Neustadt (IS)<\/li>\n<\/ul>\n","protected":false},"excerpt":{"rendered":"<p>\u00dcbersicht \u00fcber Schulen mit Beratungsanspruch durch das FBZ Neustadt an der Weinstra\u00dfe: Grundschulen: Weiterf\u00fchrende Schulen: Schulen in freier Tr\u00e4gerschaft:<\/p>\n","protected":false},"author":3,"featured_media":0,"parent":16707,"menu_order":6,"comment_status":"closed","ping_status":"closed","template":"","meta":{"ngg_post_thumbnail":0,"footnotes":""},"class_list":["post-16740","page","type-page","status-publish","hentry"],"_links":{"self":[{"href":"https:\/\/schubert-schule-nw.de\/wordpress\/wp-json\/wp\/v2\/pages\/16740","targetHints":{"allow":["GET"]}}],"collection":[{"href":"https:\/\/schubert-schule-nw.de\/wordpress\/wp-json\/wp\/v2\/pages"}],"about":[{"href":"https:\/\/schubert-schule-nw.de\/wordpress\/wp-json\/wp\/v2\/types\/page"}],"author":[{"embeddable":true,"href":"https:\/\/schubert-schule-nw.de\/wordpress\/wp-json\/wp\/v2\/users\/3"}],"replies":[{"embeddable":true,"href":"https:\/\/schubert-schule-nw.de\/wordpress\/wp-json\/wp\/v2\/comments?post=16740"}],"version-history":[{"count":4,"href":"https:\/\/schubert-schule-nw.de\/wordpress\/wp-json\/wp\/v2\/pages\/16740\/revisions"}],"predecessor-version":[{"id":16830,"href":"https:\/\/schubert-schule-nw.de\/wordpress\/wp-json\/wp\/v2\/pages\/16740\/revisions\/16830"}],"up":[{"embeddable":true,"href":"https:\/\/schubert-schule-nw.de\/wordpress\/wp-json\/wp\/v2\/pages\/16707"}],"wp:attachment":[{"href":"https:\/\/schubert-schule-nw.de\/wordpress\/wp-json\/wp\/v2\/media?parent=16740"}],"curies":[{"name":"wp","href":"https:\/\/api.w.org\/{rel}","templated":true}]}}