{"id":16751,"date":"2024-05-13T19:35:38","date_gmt":"2024-05-13T17:35:38","guid":{"rendered":"https:\/\/schubert-schule-nw.de\/wordpress\/?page_id=16751"},"modified":"2026-02-23T18:52:26","modified_gmt":"2026-02-23T17:52:26","slug":"informationen-fuer-regelschulen-formulare","status":"publish","type":"page","link":"https:\/\/schubert-schule-nw.de\/wordpress\/foerder-und-beratungszentrum\/informationen-fuer-regelschulen-formulare\/","title":{"rendered":"Informationen f\u00fcr Regelschulen &#8211; Formulare"},"content":{"rendered":"\n<p class=\"has-text-align-center has-vivid-cyan-blue-color has-text-color has-link-color wp-elements-9686a581faa98f663e4171e3cd9949ec\" style=\"font-size:30px\">Informationen f\u00fcr Regelschulen und Eltern &#8211; Formulare<\/p>\n\n\n\n<p>Hier k\u00f6nnen&nbsp;Grund- bzw. weiterf\u00fchrende Schulen sowie Eltern unseren <strong>Meldebogen <\/strong>herunterladen.<\/p>\n\n\n\n<div class=\"wp-block-file\"><a id=\"wp-block-file--media-3542ae2c-b23b-4f62-9dfa-d0520a8f6db7\" href=\"https:\/\/schubert-schule-nw.de\/wordpress\/wp-content\/uploads\/2025\/08\/Antrag-FBZ-NW-25_26.docx\">Antrag FBZ NW 25_26<\/a><\/div>\n\n\n\n<div class=\"wp-block-file\"><a id=\"wp-block-file--media-ed7e8de4-7fbc-4ecd-b4c0-b91e82e4fa19\" href=\"https:\/\/schubert-schule-nw.de\/wordpress\/wp-content\/uploads\/2025\/11\/Antrag-FBZ-NW-25_26-Eltern.docx\">Antrag FBZ NW 25_26 Eltern<\/a><\/div>\n\n\n\n<div class=\"wp-block-file\"><a id=\"wp-block-file--media-e64a519b-ddfa-4d58-a2de-1093eb742cf7\" href=\"https:\/\/schubert-schule-nw.de\/wordpress\/wp-content\/uploads\/2026\/02\/Doku-Bogen-Vorlauf-zum-SE-Gutachten.docx\">Doku-Bogen Vorlauf zum SE-Gutachten<\/a><\/div>\n\n\n\n<div class=\"wp-block-file\"><a id=\"wp-block-file--media-d4fd1517-a419-4164-8b32-38a4c29f045c\" href=\"https:\/\/schubert-schule-nw.de\/wordpress\/wp-content\/uploads\/2024\/10\/Antrag_Autismusfachberatung_neu_2024.xlsx\">Antrag_Autismusfachberatung_neu_2024<\/a><\/div>\n\n\n\n<p>Bitte senden Sie diesen per Post, Fax oder Mail an info[at]fbz-nw.bildung-rp.de an uns zur\u00fcck. Wir melden uns zeitnah, um einen Termin zu einem Erstgespr\u00e4ch zu vereinbaren.<\/p>\n\n\n\n<p><strong>Weitere Informationen&nbsp;<\/strong><\/p>\n\n\n\n<ul class=\"wp-block-list\">\n<li>zum Thema Nachteilsausgleich&nbsp;(alle Schulformen)<\/li>\n\n\n\n<li>Verwaltungsvorschriften und andere rechtliche Grundlagen bei Lese- und Rechtschreibst\u00f6rungen (alle Schulformen)<\/li>\n\n\n\n<li>zur Lese- und Rechtschreibf\u00f6rderung (Sek I, im BVJ, BFS I &amp; II)<\/li>\n\n\n\n<li>zur Empfehlungen zur Umsetzung der Verwaltungsvorschrift \u201eF\u00f6rderung von Sch\u00fclerinnen und Sch\u00fclern mit besonderen Schwierigkeiten im Lesen und Rechtschreiben\u201c (Sek I, BVJ, BFSI&nbsp;&amp; II)<\/li>\n<\/ul>\n","protected":false},"excerpt":{"rendered":"<p>Informationen f\u00fcr Regelschulen und Eltern &#8211; Formulare Hier k\u00f6nnen&nbsp;Grund- bzw. weiterf\u00fchrende Schulen sowie Eltern unseren Meldebogen herunterladen. Bitte senden Sie diesen per Post, Fax oder Mail an info[at]fbz-nw.bildung-rp.de an uns &hellip; <\/p>\n<p class=\"link-more\"><a href=\"https:\/\/schubert-schule-nw.de\/wordpress\/foerder-und-beratungszentrum\/informationen-fuer-regelschulen-formulare\/\" class=\"more-link\"><span class=\"screen-reader-text\">\u201eInformationen f\u00fcr Regelschulen &#8211; Formulare\u201c<\/span> weiterlesen<\/a><\/p>\n","protected":false},"author":3,"featured_media":0,"parent":16707,"menu_order":10,"comment_status":"closed","ping_status":"closed","template":"","meta":{"ngg_post_thumbnail":0,"footnotes":""},"class_list":["post-16751","page","type-page","status-publish","hentry"],"_links":{"self":[{"href":"https:\/\/schubert-schule-nw.de\/wordpress\/wp-json\/wp\/v2\/pages\/16751","targetHints":{"allow":["GET"]}}],"collection":[{"href":"https:\/\/schubert-schule-nw.de\/wordpress\/wp-json\/wp\/v2\/pages"}],"about":[{"href":"https:\/\/schubert-schule-nw.de\/wordpress\/wp-json\/wp\/v2\/types\/page"}],"author":[{"embeddable":true,"href":"https:\/\/schubert-schule-nw.de\/wordpress\/wp-json\/wp\/v2\/users\/3"}],"replies":[{"embeddable":true,"href":"https:\/\/schubert-schule-nw.de\/wordpress\/wp-json\/wp\/v2\/comments?post=16751"}],"version-history":[{"count":23,"href":"https:\/\/schubert-schule-nw.de\/wordpress\/wp-json\/wp\/v2\/pages\/16751\/revisions"}],"predecessor-version":[{"id":17264,"href":"https:\/\/schubert-schule-nw.de\/wordpress\/wp-json\/wp\/v2\/pages\/16751\/revisions\/17264"}],"up":[{"embeddable":true,"href":"https:\/\/schubert-schule-nw.de\/wordpress\/wp-json\/wp\/v2\/pages\/16707"}],"wp:attachment":[{"href":"https:\/\/schubert-schule-nw.de\/wordpress\/wp-json\/wp\/v2\/media?parent=16751"}],"curies":[{"name":"wp","href":"https:\/\/api.w.org\/{rel}","templated":true}]}}