{"id":169,"date":"2018-01-18T19:23:38","date_gmt":"2018-01-18T18:23:38","guid":{"rendered":"http:\/\/schubert-schule-nw.de\/wordpress\/?page_id=169"},"modified":"2025-03-04T13:46:24","modified_gmt":"2025-03-04T12:46:24","slug":"prolesen","status":"publish","type":"page","link":"https:\/\/schubert-schule-nw.de\/wordpress\/profil\/prolesen\/","title":{"rendered":"Sch\u00fclerb\u00fccherei und Leseprojekte"},"content":{"rendered":"\n<p class=\"has-background has-medium-font-size\" style=\"background-color:#9b51e078\"><strong>Sch\u00fclerb\u00fccherei und Leseprojekte<\/strong><\/p>\n\n\n\n<p class=\"has-text-align-center has-medium-font-size\"><strong>Vorleseaktion mit \u00dcberraschungsgast<\/strong><br>Am Freitag, 6.12.2024, fand in der Leseecke der Schubert-Schule eine weihnachtliche Vorleseaktion statt.<br>Wie in den Jahren zuvor erkl\u00e4rten sich einige Sch\u00fclerinnen und Sch\u00fcler der Klassen 6 bis 10 bereit, den j\u00fcngeren Kindern der Klassen 1 bis 5 vorzulesen.<br>In der weihnachtlich geschm\u00fcckten Leseecke bekamen die Klassen verschiedene Weihnachtsgeschichten (z.B. Pettersson und Findus feiern Weihnachten) zu h\u00f6ren. Dabei trugen Weihnachtsgeb\u00e4ck und Ausmalbilder zur entspannten Stimmung bei.<br>Zur \u00dcberraschung der Kinder kam gegen Ende der Geschichte der Nikolaus in Begleitung eines Weihnachtsengels vorbei und verteilte T\u00fcten mit S\u00fc\u00dfigkeiten.<br>Wir bedanken uns bei den \u201eKleinen\u201c und ihren Lehrkr\u00e4ften f\u00fcr ihr Interesse und bei den \u201eGro\u00dfen\u201c f\u00fcr ihren tollen Einsatz als Vorleser, Nikolaus und Engel.<br>L. Giersch und J. Fried-F\u00f6rster<\/p>\n\n\n\n<figure class=\"wp-block-image size-large\"><img loading=\"lazy\" decoding=\"async\" width=\"1024\" height=\"768\" src=\"https:\/\/schubert-schule-nw.de\/wordpress\/wp-content\/uploads\/2025\/03\/Bild-1024x768.jpg\" alt=\"\" class=\"wp-image-17112\" srcset=\"https:\/\/schubert-schule-nw.de\/wordpress\/wp-content\/uploads\/2025\/03\/Bild-1024x768.jpg 1024w, https:\/\/schubert-schule-nw.de\/wordpress\/wp-content\/uploads\/2025\/03\/Bild-300x225.jpg 300w, https:\/\/schubert-schule-nw.de\/wordpress\/wp-content\/uploads\/2025\/03\/Bild-768x576.jpg 768w, https:\/\/schubert-schule-nw.de\/wordpress\/wp-content\/uploads\/2025\/03\/Bild-1536x1152.jpg 1536w, https:\/\/schubert-schule-nw.de\/wordpress\/wp-content\/uploads\/2025\/03\/Bild.jpg 1600w\" sizes=\"auto, (max-width: 767px) 89vw, (max-width: 1000px) 54vw, (max-width: 1071px) 543px, 580px\" \/><\/figure>\n\n\n\n<!--nextpage-->\n\n\n\n<h1 class=\"wp-block-heading has-text-align-center has-white-background-color has-background has-medium-font-size\"><strong>Gro\u00dfer Umzug in die neue B\u00fccherei <\/strong><\/h1>\n\n\n\n<div class=\"wp-block-media-text alignwide is-stacked-on-mobile\"><figure class=\"wp-block-media-text__media\"><img loading=\"lazy\" decoding=\"async\" width=\"1024\" height=\"768\" src=\"https:\/\/schubert-schule-nw.de\/wordpress\/wp-content\/uploads\/2023\/05\/signal-2023-05-11-15-40-23-808-1-1024x768.jpg\" alt=\"\" class=\"wp-image-15070 size-full\" srcset=\"https:\/\/schubert-schule-nw.de\/wordpress\/wp-content\/uploads\/2023\/05\/signal-2023-05-11-15-40-23-808-1-1024x768.jpg 1024w, https:\/\/schubert-schule-nw.de\/wordpress\/wp-content\/uploads\/2023\/05\/signal-2023-05-11-15-40-23-808-1-300x225.jpg 300w, https:\/\/schubert-schule-nw.de\/wordpress\/wp-content\/uploads\/2023\/05\/signal-2023-05-11-15-40-23-808-1-768x576.jpg 768w, https:\/\/schubert-schule-nw.de\/wordpress\/wp-content\/uploads\/2023\/05\/signal-2023-05-11-15-40-23-808-1-1536x1152.jpg 1536w, https:\/\/schubert-schule-nw.de\/wordpress\/wp-content\/uploads\/2023\/05\/signal-2023-05-11-15-40-23-808-1.jpg 1600w\" sizes=\"auto, (max-width: 767px) 89vw, (max-width: 1000px) 54vw, (max-width: 1071px) 543px, 580px\" \/><\/figure><div class=\"wp-block-media-text__content\">\n<p>Ende des Schuljahres 2021\/2022 mussten wir leider unsere alte B\u00fccherei in der Ostschule verlassen und in den Neubau der Schubert-Schule umziehen. Die Klasse 10a mit ihren Lehrerinnen Frau Weinberg und Frau Fried-F\u00f6rster unterst\u00fctzten dabei tatkr\u00e4ftig unseren Hausmeister Herrn Kiefer.<\/p>\n<\/div><\/div>\n\n\n\n<p>Zun\u00e4chst strichen sie die neuen R\u00e4umlichkeiten. Zum Gl\u00fcck gibt es unter den Sch\u00fcler:innen einige Maler:innenprofis, da einige bereits Erfahrungen im Rahmen des Praxistages sammeln konnten.<\/p>\n\n\n\n<p>Anschlie\u00dfend ging\u2019s dann ans Kistenpacken, Ausr\u00e4umen der alten B\u00fccherei und den Transport der M\u00f6bel und B\u00fccherkisten in die Schubert-Schule.<\/p>\n\n\n\n<p>Nachdem die Regale von Herrn Kiefer aufgebaut worden waren, und dank der Reinigung durch die 10a in neuem Glanz erstrahlten, konnten die B\u00fccher wieder einziehen.<\/p>\n\n\n\n<p>Im Vorfeld wurden einige M\u00f6belst\u00fccke aussortiert und es wurden Kataloge auf der Suche nach einer neuen B\u00fcchereiausstattung gew\u00e4lzt.<\/p>\n\n\n\n<p>Nach einigen Wochen Wartezeit kamen endlich die langersehnten neuen M\u00f6bel, die von den Sch\u00fcler:innen fachgerecht aufgebaut wurden.<\/p>\n\n\n\n<p>Vielen Dank an Herrn Kiefer und die 10. Klasse f\u00fcr die gro\u00dfe Unterst\u00fctzung!<\/p>\n\n\n\n<p>Endlich ist die neue B\u00fccherei fertig und l\u00e4dt zum gem\u00fctlichen Verweilen bei einem guten Buch ein.<\/p>\n\n\n\n<p>Wir freuen uns auf euren Besuch!<\/p>\n\n\n\n<p>&nbsp;&nbsp;&nbsp;&nbsp;&nbsp;&nbsp;&nbsp;&nbsp;&nbsp;&nbsp;&nbsp;&nbsp;&nbsp;&nbsp;&nbsp;&nbsp;&nbsp;&nbsp;&nbsp;&nbsp;&nbsp;&nbsp;&nbsp;&nbsp;&nbsp;&nbsp;&nbsp;&nbsp;&nbsp;&nbsp;&nbsp;&nbsp;&nbsp;&nbsp;&nbsp;&nbsp;&nbsp;&nbsp;&nbsp;&nbsp;&nbsp;&nbsp;&nbsp;&nbsp;&nbsp;&nbsp;&nbsp;&nbsp;&nbsp;&nbsp;&nbsp;&nbsp;&nbsp;&nbsp;&nbsp;&nbsp;&nbsp;&nbsp;&nbsp;&nbsp;&nbsp;&nbsp;&nbsp;&nbsp;&nbsp;&nbsp;&nbsp;&nbsp;&nbsp;&nbsp;&nbsp;&nbsp;&nbsp;&nbsp;&nbsp;&nbsp;&nbsp;&nbsp;&nbsp;&nbsp;&nbsp;&nbsp;&nbsp;&nbsp;&nbsp;&nbsp;&nbsp;&nbsp;&nbsp;&nbsp;&nbsp;&nbsp;&nbsp;&nbsp;&nbsp;&nbsp;&nbsp;&nbsp; Lisa Giersch und Julia Fried-F\u00f6rster<\/p>\n\n\n\nngg_shortcode_0_placeholder\n\n\n\n<!--nextpage-->\n\n\n\n<p class=\"has-text-align-center has-medium-font-size\"><\/p>\n\n\n\n<!--nextpage-->\n\n\n\n<p class=\"has-text-align-center has-medium-font-size\">Tolle Abschiedsaktion in der Schulb\u00fccherei:<\/p>\n\n\n\n<p class=\"has-text-align-center has-medium-font-size\"><strong>Lesung mit der Buchautorin Gabi Saler<\/strong><\/p>\n\n\n\n<p class=\"has-text-align-center\">Am 18. Mai 2022 fand ein ganz besonderes Erlebnis in den R\u00e4umen der Schulb\u00fccherei statt:<br>eine Buchlesung \u201e<strong> Das Wunder der B\u00e4renbande<\/strong>\u201c mit der Autorin Gabi Saler.<\/p>\n\n\n<div class=\"wp-block-image\">\n<figure class=\"alignleft size-large is-resized\"><img loading=\"lazy\" decoding=\"async\" width=\"730\" height=\"1024\" src=\"https:\/\/schubert-schule-nw.de\/wordpress\/wp-content\/uploads\/2022\/06\/Die-mit-dem-Teddy-730x1024.jpg\" alt=\"\" class=\"wp-image-11259\" style=\"width:286px;height:402px\" srcset=\"https:\/\/schubert-schule-nw.de\/wordpress\/wp-content\/uploads\/2022\/06\/Die-mit-dem-Teddy-730x1024.jpg 730w, https:\/\/schubert-schule-nw.de\/wordpress\/wp-content\/uploads\/2022\/06\/Die-mit-dem-Teddy-214x300.jpg 214w, https:\/\/schubert-schule-nw.de\/wordpress\/wp-content\/uploads\/2022\/06\/Die-mit-dem-Teddy-768x1077.jpg 768w, https:\/\/schubert-schule-nw.de\/wordpress\/wp-content\/uploads\/2022\/06\/Die-mit-dem-Teddy-1096x1536.jpg 1096w, https:\/\/schubert-schule-nw.de\/wordpress\/wp-content\/uploads\/2022\/06\/Die-mit-dem-Teddy.jpg 1144w\" sizes=\"auto, (max-width: 730px) 100vw, 730px\" \/><figcaption class=\"wp-element-caption\"><strong>Buchautorin Gabi Saler<\/strong><\/figcaption><\/figure>\n<\/div>\n\n\n<p class=\"has-text-align-center\">Drei Klassen der Grund- und Mittelstufe durften der Buchautorin lauschen.<br>Neben vorgelesenen Textpassagen und dem lebhaft vorgetragenem Inhalt stellte Fr. Saler beeindruckend ihr neustes Buch vor. <\/p>\n\n\n\n<p class=\"has-text-align-center\">Die Geschichte &#8211; ein modernes M\u00e4rchen \u2013 handelt von einem Jungen namens Ben und seinem Teddyb\u00e4r, welcher als Verb\u00fcndeter, Austausch- und Trostspender und als Helfer in schwierigen Situationen fungiert. Des Weiteren geht es um Kinder, die im Alltag Erfahrungen mit Angst, Erpressung, Einsamkeit, Mutlosigkeit und Mobbing machen. Alles Gef\u00fchle und Erfahrungen, die den Alltag und die Lebenswelt von Kindern realistisch widerspiegeln.  Eine spannende Geschichte, die Mut macht, sich seiner Angst zu stellen und die Kraft des menschlichen Miteinanders und Freundschaften als L\u00f6sungen aufzeigt.<\/p>\n\n\n\n<p class=\"has-text-align-center\"><br>Im Anschluss konnten die Sch\u00fcler<em>innen die Autorin befragen, wie ein Buch entsteht, von der Idee bis hin zum Druck. <\/em><\/p>\n\n\n\n<p class=\"has-text-align-center\"><em>Die Zuh\u00f6rer<\/em>innen und die Lehrkr\u00e4fte bedankten sich mit einem langen Applaus und wollten unbedingt noch Autogramme von der Autorin. Als Dank f\u00fcr die tolle Mitarbeit bekam die Schubert-Schule vier Exemplare des Buches f\u00fcr die Schulb\u00fccherei von der Autorin geschenkt.<br>Leider wird dieser sch\u00f6ne und einladende Leseraum den Sch\u00fcler*innen der Schubert Schule im neuen Schuljahr nicht mehr zur Verf\u00fcgung stehen. Aufgrund Raumn\u00f6te der Ostschule wird der Raum als Klassensaal genutzt werden.<\/p>\n\n\n\nngg_shortcode_1_placeholder\n\n\n\n<!--nextpage-->\n\n\n\n<p class=\"has-text-align-center has-large-font-size\"><mark style=\"background-color:rgba(0, 0, 0, 0)\" class=\"has-inline-color has-light-green-cyan-color\"><strong>Sommer-Leseaktionen 2020\/21<\/strong><\/mark><\/p>\n\n\n\n<p>In den letzten beiden Wochen vor den Sommerferien fanden an der Schubert-Schule verschiedene Aktionen rund um das Thema Lesen statt:<\/p>\n\n\n\n<p><strong>Lesepatenprojekt<\/strong><br>Sch\u00fclerinnen und Sch\u00fcler der Klassenstufen 7, 8 und 9 begleiteten j\u00fcngere Sch\u00fcler der Klassen 1\/2\/3, 3\/4 und 4\/5 in die Leseecke unserer Schule. Dort suchten sie sich gemeinsam B\u00fccher aus und lasen sich gegenseitig vor.<br>Die Aktion kam sowohl bei den j\u00fcngeren als auch bei den \u00e4lteren Sch\u00fclern gut an. Aufgrund des positiven Feedbacks ist nun f\u00fcr das kommende Schuljahr eine regelm\u00e4\u00dfige Begleitung der J\u00fcngeren durch Lesepaten geplant.<\/p>\n\n\n\n<p><strong>B\u00fccher in den B\u00e4umen<\/strong><br>In den beiden Vormittagshofpausen wurden an Kleiderb\u00fcgeln und Seilen B\u00fccher in den Kastanienbaum auf dem Oberhof aufgeh\u00e4ngt. Die Sch\u00fclerinnen und Sch\u00fcler hatten die M\u00f6glichkeit sich ein Buch von dem B\u00fcgel zu nehmen, w\u00e4hrend der Pause anzuschauen und anschlie\u00dfend wieder zur\u00fcck zuh\u00e4ngen.<br>Besonders die j\u00fcngeren Kinder waren sehr interessiert an den B\u00fcchern und nutzten gerne das Angebot. Leider fiel diese Aktion, im wahrsten Sinne des Wortes, h\u00e4ufiger ins Wasser. Wegen des Regens in den letzten beiden Schulwochen konnten die B\u00fccher nicht regelm\u00e4\u00dfig aufgeh\u00e4ngt werden.<br>Zu Beginn des n\u00e4chsten Schuljahres wird das Angebot deshalb noch weitergef\u00fchrt.<\/p>\n\n\n\n<p><strong>Ausflug zu der Stadtb\u00fccherei Neustadt<\/strong><br>Am 14.7.2021 gingen interessierte Sch\u00fclerinnen und Sch\u00fcler aus den Klassen 6\/7, 7\/8 und 8 mit drei Lehrkr\u00e4ften in die Stadtb\u00fccherei.<br>Eine B\u00fcchereiangestellte zeigte die R\u00e4umlichkeiten, erkl\u00e4rte das Ausleihsystem und stellte die \u201eLesesommer-Aktion\u201c des Landes Rheinland-Pfalz vor. Anschlie\u00dfend hatten die Jugendlichen die Gelegenheit, in der B\u00fccherei zu verweilen. Viele von ihnen zeigten sich besonders interessiert an den Mangas und lasen sich gegenseitig vor. Aber auch Sachb\u00fccher, Fremdw\u00f6rterb\u00fccher und Zeichenanleitungen waren beliebt.<br>Es war sch\u00f6n zu beobachten, wie motiviert und ausdauernd die Sch\u00fclerinnen und Sch\u00fcler dabei waren.<\/p>\n\n\n\n<p>Wir m\u00f6chten uns besonders bei unseren \u00e4lteren Sch\u00fclern bedanken. Ihr wart tolle und verantwortungsvolle Lesepaten und eine ganz gro\u00dfe Unterst\u00fctzung f\u00fcr uns bei der Aktion \u201eB\u00fccher in den B\u00e4umen\u201c. Danke!<\/p>\n\n\n\n<pre class=\"wp-block-code\"><code>                                L. Giersch und J. Fried-F\u00f6rster<\/code><\/pre>\n\n\n\n<p><\/p>\n\n\n\nngg_shortcode_2_placeholder\n\n\n\n<h1 class=\"wp-block-heading has-text-align-center has-light-green-cyan-color has-text-color has-large-font-size\"><span style=\"color: #339966;\"><strong>Tag des Lesens (2.12.20)<\/strong><\/span><\/h1>\n\n\n\n<p style=\"font-size:17px\">Am Mittwoch, 2.12.2020, fand in der Leseecke und im Sch\u00fclercaf\u00e9 der Schubert-Schule eine Vorleseaktion nach dem Motto \u201eGro\u00dfe Lesen f\u00fcr Kleine\u201c statt.<br>Acht Sch\u00fclerinnen und Sch\u00fcler aus den Klassen 7\/8, 8, 9 und 10 lasen ihren j\u00fcngeren Mitsch\u00fclern vor.<br>In den weihnachtlich geschm\u00fcckten Vorleser\u00e4umen bekamen die Klassen verschiedene Weihnachtsgeschichten (z.B. Pippi feiert Weihnachten) zu h\u00f6ren und zu sehen.<br>Zur entspannten Stimmung trugen Weihnachtsgeb\u00e4ck und Ausmalbilder bei, die ebenfalls von den \u00e4lteren Klassen organisiert wurden.<br>Wir bedanken uns bei den \u201eKleinen\u201c f\u00fcr ihr Interesse und bei den \u201eGro\u00dfen\u201c f\u00fcr ihren tollen Einsatz (Vorlesen, Eink\u00e4ufe, Basteln und Dekorieren, Mitorganisieren, \u2026).<\/p>\n\n\n\nngg_shortcode_3_placeholder\n","protected":false},"excerpt":{"rendered":"<p>Sch\u00fclerb\u00fccherei und Leseprojekte Vorleseaktion mit \u00dcberraschungsgastAm Freitag, 6.12.2024, fand in der Leseecke der Schubert-Schule eine weihnachtliche Vorleseaktion statt.Wie in den Jahren zuvor erkl\u00e4rten sich einige Sch\u00fclerinnen und Sch\u00fcler der Klassen &hellip; <\/p>\n<p class=\"link-more\"><a href=\"https:\/\/schubert-schule-nw.de\/wordpress\/profil\/prolesen\/\" class=\"more-link\"><span class=\"screen-reader-text\">\u201eSch\u00fclerb\u00fccherei und Leseprojekte\u201c<\/span> weiterlesen<\/a><\/p>\n","protected":false},"author":1,"featured_media":0,"parent":20,"menu_order":6,"comment_status":"closed","ping_status":"closed","template":"","meta":{"ngg_post_thumbnail":0,"footnotes":""},"class_list":["post-169","page","type-page","status-publish","hentry"],"_links":{"self":[{"href":"https:\/\/schubert-schule-nw.de\/wordpress\/wp-json\/wp\/v2\/pages\/169","targetHints":{"allow":["GET"]}}],"collection":[{"href":"https:\/\/schubert-schule-nw.de\/wordpress\/wp-json\/wp\/v2\/pages"}],"about":[{"href":"https:\/\/schubert-schule-nw.de\/wordpress\/wp-json\/wp\/v2\/types\/page"}],"author":[{"embeddable":true,"href":"https:\/\/schubert-schule-nw.de\/wordpress\/wp-json\/wp\/v2\/users\/1"}],"replies":[{"embeddable":true,"href":"https:\/\/schubert-schule-nw.de\/wordpress\/wp-json\/wp\/v2\/comments?post=169"}],"version-history":[{"count":29,"href":"https:\/\/schubert-schule-nw.de\/wordpress\/wp-json\/wp\/v2\/pages\/169\/revisions"}],"predecessor-version":[{"id":17113,"href":"https:\/\/schubert-schule-nw.de\/wordpress\/wp-json\/wp\/v2\/pages\/169\/revisions\/17113"}],"up":[{"embeddable":true,"href":"https:\/\/schubert-schule-nw.de\/wordpress\/wp-json\/wp\/v2\/pages\/20"}],"wp:attachment":[{"href":"https:\/\/schubert-schule-nw.de\/wordpress\/wp-json\/wp\/v2\/media?parent=169"}],"curies":[{"name":"wp","href":"https:\/\/api.w.org\/{rel}","templated":true}]}}