{"id":16973,"date":"2024-10-23T11:07:02","date_gmt":"2024-10-23T09:07:02","guid":{"rendered":"https:\/\/schubert-schule-nw.de\/wordpress\/?page_id=16973"},"modified":"2024-10-23T11:07:35","modified_gmt":"2024-10-23T09:07:35","slug":"16973-2","status":"publish","type":"page","link":"https:\/\/schubert-schule-nw.de\/wordpress\/16973-2\/","title":{"rendered":"Kochen und Backen AG"},"content":{"rendered":"\n<p class=\"has-text-align-center has-luminous-vivid-amber-background-color has-background has-large-font-size\">Kochen und Backen AG <\/p>\n\n\n\n<p>Montags nachmittags findet die Koch und Back AG bei Frau Wienzeck statt. In dieser werden gesunde Gerichte und S\u00fc\u00dfspeisen zubereitet, welche die Kinder sich selbst aussuchen k\u00f6nnen. Manchmal werden auch Rezepte aus dem zu Hause der Sch\u00fcler und Sch\u00fclerinnen gekocht, wodurch die AG eine pers\u00f6nliche Note bekommt. <\/p>\n\n\n\n<p>In der AG lernen die Kinder ebenfalls einen respektvollen Umgang mit Lebensmitteln und dem Thema Hygiene in der K\u00fcche. Die Sch\u00fcler und Sch\u00fclerinnen bekommen am Ende des Schuljahres eine Mappe mit ihren Lieblingsrezepten ausgeh\u00e4ndigt. <\/p>\n\n\n\n<figure class=\"wp-block-image size-full\"><img loading=\"lazy\" decoding=\"async\" width=\"868\" height=\"430\" src=\"https:\/\/schubert-schule-nw.de\/wordpress\/wp-content\/uploads\/2024\/10\/image.png\" alt=\"\" class=\"wp-image-16974\" srcset=\"https:\/\/schubert-schule-nw.de\/wordpress\/wp-content\/uploads\/2024\/10\/image.png 868w, https:\/\/schubert-schule-nw.de\/wordpress\/wp-content\/uploads\/2024\/10\/image-300x149.png 300w, https:\/\/schubert-schule-nw.de\/wordpress\/wp-content\/uploads\/2024\/10\/image-768x380.png 768w\" sizes=\"auto, (max-width: 767px) 89vw, (max-width: 1000px) 54vw, (max-width: 1071px) 543px, 580px\" \/><\/figure>\n","protected":false},"excerpt":{"rendered":"<p>Kochen und Backen AG Montags nachmittags findet die Koch und Back AG bei Frau Wienzeck statt. In dieser werden gesunde Gerichte und S\u00fc\u00dfspeisen zubereitet, welche die Kinder sich selbst aussuchen &hellip; <\/p>\n<p class=\"link-more\"><a href=\"https:\/\/schubert-schule-nw.de\/wordpress\/16973-2\/\" class=\"more-link\"><span class=\"screen-reader-text\">\u201eKochen und Backen AG\u201c<\/span> weiterlesen<\/a><\/p>\n","protected":false},"author":3,"featured_media":0,"parent":0,"menu_order":0,"comment_status":"closed","ping_status":"closed","template":"","meta":{"ngg_post_thumbnail":0,"footnotes":""},"class_list":["post-16973","page","type-page","status-publish","hentry"],"_links":{"self":[{"href":"https:\/\/schubert-schule-nw.de\/wordpress\/wp-json\/wp\/v2\/pages\/16973","targetHints":{"allow":["GET"]}}],"collection":[{"href":"https:\/\/schubert-schule-nw.de\/wordpress\/wp-json\/wp\/v2\/pages"}],"about":[{"href":"https:\/\/schubert-schule-nw.de\/wordpress\/wp-json\/wp\/v2\/types\/page"}],"author":[{"embeddable":true,"href":"https:\/\/schubert-schule-nw.de\/wordpress\/wp-json\/wp\/v2\/users\/3"}],"replies":[{"embeddable":true,"href":"https:\/\/schubert-schule-nw.de\/wordpress\/wp-json\/wp\/v2\/comments?post=16973"}],"version-history":[{"count":2,"href":"https:\/\/schubert-schule-nw.de\/wordpress\/wp-json\/wp\/v2\/pages\/16973\/revisions"}],"predecessor-version":[{"id":16978,"href":"https:\/\/schubert-schule-nw.de\/wordpress\/wp-json\/wp\/v2\/pages\/16973\/revisions\/16978"}],"wp:attachment":[{"href":"https:\/\/schubert-schule-nw.de\/wordpress\/wp-json\/wp\/v2\/media?parent=16973"}],"curies":[{"name":"wp","href":"https:\/\/api.w.org\/{rel}","templated":true}]}}