{"id":16979,"date":"2024-10-23T11:09:04","date_gmt":"2024-10-23T09:09:04","guid":{"rendered":"https:\/\/schubert-schule-nw.de\/wordpress\/?page_id=16979"},"modified":"2024-10-23T11:19:56","modified_gmt":"2024-10-23T09:19:56","slug":"kreativ-ag","status":"publish","type":"page","link":"https:\/\/schubert-schule-nw.de\/wordpress\/kreativ-ag\/","title":{"rendered":"Kreativ-AG"},"content":{"rendered":"\n<p class=\"has-text-align-center has-luminous-vivid-amber-background-color has-background has-large-font-size\">Kreativ-AG<\/p>\n\n\n\n<p>In der Kreativ-AG haben die Sch\u00fcler*innen die M\u00f6glichkeit, ihrer Fantasie freien Lauf zu lassen und verschiedene kreative Projekte zu gestalten. Wir werden Armb\u00e4nder herstellen, Pinnw\u00e4nde und Leinw\u00e4nde gestalten, Stoffbeutel und T-Shirts bemalen, backen und kochen, h\u00e4keln und gemeinsam Dekorationen f\u00fcr Anl\u00e4sse wie Halloween, Geburtstage oder Advent basteln.<\/p>\n\n\n\n<p>Die Sch\u00fcler*innen lernen handwerkliche Techniken anzuwenden, ihre motorischen F\u00e4higkeiten zu verbessern und sie k\u00f6nnen stolz auf die Ergebnisse ihrer Arbeit sein.<\/p>\n\n\n\n<p>Die AG bietet somit Raum f\u00fcr kreative Entfaltung und st\u00e4rkt das Selbstbewusstsein der Sch\u00fcler*innen, indem sie handwerkliche F\u00e4higkeiten entwickeln und ihre eigenen Ideen realisieren k\u00f6nnen.<\/p>\n\n\n\n<div class=\"wp-block-columns is-layout-flex wp-container-core-columns-is-layout-28f84493 wp-block-columns-is-layout-flex\">\n<div class=\"wp-block-column is-layout-flow wp-block-column-is-layout-flow\" style=\"flex-basis:100%\">\n<div class=\"wp-block-group is-layout-grid wp-container-core-group-is-layout-478b6e6b wp-block-group-is-layout-grid\">\n<figure class=\"wp-block-image size-large\"><img loading=\"lazy\" decoding=\"async\" width=\"1024\" height=\"768\" src=\"https:\/\/schubert-schule-nw.de\/wordpress\/wp-content\/uploads\/2024\/10\/Kreativ-AG-1-1-1024x768.jpeg\" alt=\"\" class=\"wp-image-16986\" srcset=\"https:\/\/schubert-schule-nw.de\/wordpress\/wp-content\/uploads\/2024\/10\/Kreativ-AG-1-1-1024x768.jpeg 1024w, https:\/\/schubert-schule-nw.de\/wordpress\/wp-content\/uploads\/2024\/10\/Kreativ-AG-1-1-300x225.jpeg 300w, https:\/\/schubert-schule-nw.de\/wordpress\/wp-content\/uploads\/2024\/10\/Kreativ-AG-1-1-768x576.jpeg 768w, https:\/\/schubert-schule-nw.de\/wordpress\/wp-content\/uploads\/2024\/10\/Kreativ-AG-1-1-1536x1152.jpeg 1536w, https:\/\/schubert-schule-nw.de\/wordpress\/wp-content\/uploads\/2024\/10\/Kreativ-AG-1-1.jpeg 2048w\" sizes=\"auto, (max-width: 767px) 89vw, (max-width: 1000px) 54vw, (max-width: 1071px) 543px, 580px\" \/><\/figure>\n\n\n\n<figure class=\"wp-block-image size-large\"><img loading=\"lazy\" decoding=\"async\" width=\"768\" height=\"1024\" src=\"https:\/\/schubert-schule-nw.de\/wordpress\/wp-content\/uploads\/2024\/10\/Kreativ-AG-3-3-768x1024.jpeg\" alt=\"\" class=\"wp-image-16995\" srcset=\"https:\/\/schubert-schule-nw.de\/wordpress\/wp-content\/uploads\/2024\/10\/Kreativ-AG-3-3-768x1024.jpeg 768w, https:\/\/schubert-schule-nw.de\/wordpress\/wp-content\/uploads\/2024\/10\/Kreativ-AG-3-3-225x300.jpeg 225w, https:\/\/schubert-schule-nw.de\/wordpress\/wp-content\/uploads\/2024\/10\/Kreativ-AG-3-3-1152x1536.jpeg 1152w, https:\/\/schubert-schule-nw.de\/wordpress\/wp-content\/uploads\/2024\/10\/Kreativ-AG-3-3.jpeg 1536w\" sizes=\"auto, (max-width: 767px) 89vw, (max-width: 1000px) 54vw, (max-width: 1071px) 543px, 580px\" \/><\/figure>\n\n\n\n<figure class=\"wp-block-image size-large\"><img loading=\"lazy\" decoding=\"async\" width=\"768\" height=\"1024\" src=\"https:\/\/schubert-schule-nw.de\/wordpress\/wp-content\/uploads\/2024\/10\/Kreativ-AG-2-2-768x1024.jpeg\" alt=\"\" class=\"wp-image-16988\" srcset=\"https:\/\/schubert-schule-nw.de\/wordpress\/wp-content\/uploads\/2024\/10\/Kreativ-AG-2-2-768x1024.jpeg 768w, https:\/\/schubert-schule-nw.de\/wordpress\/wp-content\/uploads\/2024\/10\/Kreativ-AG-2-2-225x300.jpeg 225w, https:\/\/schubert-schule-nw.de\/wordpress\/wp-content\/uploads\/2024\/10\/Kreativ-AG-2-2-1152x1536.jpeg 1152w, https:\/\/schubert-schule-nw.de\/wordpress\/wp-content\/uploads\/2024\/10\/Kreativ-AG-2-2.jpeg 1536w\" sizes=\"auto, (max-width: 767px) 89vw, (max-width: 1000px) 54vw, (max-width: 1071px) 543px, 580px\" \/><\/figure>\n\n\n\n<figure class=\"wp-block-image size-large\"><img loading=\"lazy\" decoding=\"async\" width=\"768\" height=\"1024\" src=\"https:\/\/schubert-schule-nw.de\/wordpress\/wp-content\/uploads\/2024\/10\/Kreativ-AG-4-768x1024.jpeg\" alt=\"\" class=\"wp-image-16993\" srcset=\"https:\/\/schubert-schule-nw.de\/wordpress\/wp-content\/uploads\/2024\/10\/Kreativ-AG-4-768x1024.jpeg 768w, https:\/\/schubert-schule-nw.de\/wordpress\/wp-content\/uploads\/2024\/10\/Kreativ-AG-4-225x300.jpeg 225w, https:\/\/schubert-schule-nw.de\/wordpress\/wp-content\/uploads\/2024\/10\/Kreativ-AG-4-1152x1536.jpeg 1152w, https:\/\/schubert-schule-nw.de\/wordpress\/wp-content\/uploads\/2024\/10\/Kreativ-AG-4.jpeg 1536w\" sizes=\"auto, (max-width: 767px) 89vw, (max-width: 1000px) 54vw, (max-width: 1071px) 543px, 580px\" \/><\/figure>\n<\/div>\n<\/div>\n<\/div>\n\n\n\n<p><\/p>\n","protected":false},"excerpt":{"rendered":"<p>Kreativ-AG In der Kreativ-AG haben die Sch\u00fcler*innen die M\u00f6glichkeit, ihrer Fantasie freien Lauf zu lassen und verschiedene kreative Projekte zu gestalten. Wir werden Armb\u00e4nder herstellen, Pinnw\u00e4nde und Leinw\u00e4nde gestalten, Stoffbeutel &hellip; <\/p>\n<p class=\"link-more\"><a href=\"https:\/\/schubert-schule-nw.de\/wordpress\/kreativ-ag\/\" class=\"more-link\"><span class=\"screen-reader-text\">\u201eKreativ-AG\u201c<\/span> weiterlesen<\/a><\/p>\n","protected":false},"author":3,"featured_media":0,"parent":0,"menu_order":0,"comment_status":"closed","ping_status":"closed","template":"","meta":{"ngg_post_thumbnail":0,"footnotes":""},"class_list":["post-16979","page","type-page","status-publish","hentry"],"_links":{"self":[{"href":"https:\/\/schubert-schule-nw.de\/wordpress\/wp-json\/wp\/v2\/pages\/16979","targetHints":{"allow":["GET"]}}],"collection":[{"href":"https:\/\/schubert-schule-nw.de\/wordpress\/wp-json\/wp\/v2\/pages"}],"about":[{"href":"https:\/\/schubert-schule-nw.de\/wordpress\/wp-json\/wp\/v2\/types\/page"}],"author":[{"embeddable":true,"href":"https:\/\/schubert-schule-nw.de\/wordpress\/wp-json\/wp\/v2\/users\/3"}],"replies":[{"embeddable":true,"href":"https:\/\/schubert-schule-nw.de\/wordpress\/wp-json\/wp\/v2\/comments?post=16979"}],"version-history":[{"count":4,"href":"https:\/\/schubert-schule-nw.de\/wordpress\/wp-json\/wp\/v2\/pages\/16979\/revisions"}],"predecessor-version":[{"id":16997,"href":"https:\/\/schubert-schule-nw.de\/wordpress\/wp-json\/wp\/v2\/pages\/16979\/revisions\/16997"}],"wp:attachment":[{"href":"https:\/\/schubert-schule-nw.de\/wordpress\/wp-json\/wp\/v2\/media?parent=16979"}],"curies":[{"name":"wp","href":"https:\/\/api.w.org\/{rel}","templated":true}]}}