{"id":17020,"date":"2024-10-25T15:57:44","date_gmt":"2024-10-25T13:57:44","guid":{"rendered":"https:\/\/schubert-schule-nw.de\/wordpress\/?page_id=17020"},"modified":"2024-10-25T15:57:46","modified_gmt":"2024-10-25T13:57:46","slug":"kreativ-ag-sommer","status":"publish","type":"page","link":"https:\/\/schubert-schule-nw.de\/wordpress\/kreativ-ag-sommer\/","title":{"rendered":"Kreativ AG Sommer"},"content":{"rendered":"\n<p class=\"has-text-align-center has-luminous-vivid-amber-background-color has-background has-large-font-size\">Kreativ AG<\/p>\n\n\n\n<p class=\"has-text-align-center\">In der Kreativ-AG im Rahmen der Nachmittagsbetreuung  erwartet die Sch\u00fcler ab der Klassenstufe 5  ein kreatives und inspirierendes Programm. Hier haben die Kinder und Jugendlichen die M\u00f6glichkeit, ihrer Kreativit\u00e4t freien Lauf zu lassen und handwerkliche Fertigkeiten zu entdecken. Ob beim Basteln mit verschiedenen Materialien, T\u00f6pfern mit Ton, Malen oder bei weiteren spannenden Projekten \u2013 die Kreativ-AG bietet vielf\u00e4ltige M\u00f6glichkeiten, eigene Ideen zu verwirklichen und neue Techniken zu erlernen.<br>Die W\u00fcnsche der Sch\u00fcler*innen bez\u00fcglich Projektideen werden ber\u00fccksichtigt und wenn m\u00f6glich auch umgesetzt. Somit k\u00f6nnen die Sch\u00fcler*innen die AG Zeit aktiv mitgestalten.<\/p>\n\n\n\n<figure class=\"wp-block-image size-full\"><img loading=\"lazy\" decoding=\"async\" width=\"676\" height=\"763\" src=\"https:\/\/schubert-schule-nw.de\/wordpress\/wp-content\/uploads\/2024\/10\/image-3.png\" alt=\"\" class=\"wp-image-17021\" srcset=\"https:\/\/schubert-schule-nw.de\/wordpress\/wp-content\/uploads\/2024\/10\/image-3.png 676w, https:\/\/schubert-schule-nw.de\/wordpress\/wp-content\/uploads\/2024\/10\/image-3-266x300.png 266w\" sizes=\"auto, (max-width: 676px) 100vw, 676px\" \/><\/figure>\n","protected":false},"excerpt":{"rendered":"<p>Kreativ AG In der Kreativ-AG im Rahmen der Nachmittagsbetreuung erwartet die Sch\u00fcler ab der Klassenstufe 5 ein kreatives und inspirierendes Programm. Hier haben die Kinder und Jugendlichen die M\u00f6glichkeit, ihrer &hellip; <\/p>\n<p class=\"link-more\"><a href=\"https:\/\/schubert-schule-nw.de\/wordpress\/kreativ-ag-sommer\/\" class=\"more-link\"><span class=\"screen-reader-text\">\u201eKreativ AG Sommer\u201c<\/span> weiterlesen<\/a><\/p>\n","protected":false},"author":3,"featured_media":0,"parent":0,"menu_order":0,"comment_status":"closed","ping_status":"closed","template":"","meta":{"ngg_post_thumbnail":0,"footnotes":""},"class_list":["post-17020","page","type-page","status-publish","hentry"],"_links":{"self":[{"href":"https:\/\/schubert-schule-nw.de\/wordpress\/wp-json\/wp\/v2\/pages\/17020","targetHints":{"allow":["GET"]}}],"collection":[{"href":"https:\/\/schubert-schule-nw.de\/wordpress\/wp-json\/wp\/v2\/pages"}],"about":[{"href":"https:\/\/schubert-schule-nw.de\/wordpress\/wp-json\/wp\/v2\/types\/page"}],"author":[{"embeddable":true,"href":"https:\/\/schubert-schule-nw.de\/wordpress\/wp-json\/wp\/v2\/users\/3"}],"replies":[{"embeddable":true,"href":"https:\/\/schubert-schule-nw.de\/wordpress\/wp-json\/wp\/v2\/comments?post=17020"}],"version-history":[{"count":1,"href":"https:\/\/schubert-schule-nw.de\/wordpress\/wp-json\/wp\/v2\/pages\/17020\/revisions"}],"predecessor-version":[{"id":17023,"href":"https:\/\/schubert-schule-nw.de\/wordpress\/wp-json\/wp\/v2\/pages\/17020\/revisions\/17023"}],"wp:attachment":[{"href":"https:\/\/schubert-schule-nw.de\/wordpress\/wp-json\/wp\/v2\/media?parent=17020"}],"curies":[{"name":"wp","href":"https:\/\/api.w.org\/{rel}","templated":true}]}}