{"id":175,"date":"2018-01-18T19:24:54","date_gmt":"2018-01-18T18:24:54","guid":{"rendered":"http:\/\/schubert-schule-nw.de\/wordpress\/?page_id=175"},"modified":"2023-05-15T15:51:13","modified_gmt":"2023-05-15T13:51:13","slug":"schulobst","status":"publish","type":"page","link":"https:\/\/schubert-schule-nw.de\/wordpress\/profil\/schulobst\/","title":{"rendered":"Schulobst"},"content":{"rendered":"\n<p class=\"has-background has-medium-font-size\" style=\"background-color:#9b51e078\"><strong>Schulobst<\/strong><\/p>\n\n\n<p align=\"center\"><span class=\"ds1\">EU-Schulobstprogramm<\/span><\/p>\n<p align=\"center\"><img loading=\"lazy\" decoding=\"async\" class=\"alignnone size-full wp-image-176\" src=\"https:\/\/schubert-schule-nw.de\/wordpress\/wp-content\/uploads\/2018\/01\/EU-Schulobstprogramm-LOGO.jpg\" alt=\"\" width=\"177\" height=\"177\" srcset=\"https:\/\/schubert-schule-nw.de\/wordpress\/wp-content\/uploads\/2018\/01\/EU-Schulobstprogramm-LOGO.jpg 177w, https:\/\/schubert-schule-nw.de\/wordpress\/wp-content\/uploads\/2018\/01\/EU-Schulobstprogramm-LOGO-150x150.jpg 150w, https:\/\/schubert-schule-nw.de\/wordpress\/wp-content\/uploads\/2018\/01\/EU-Schulobstprogramm-LOGO-96x96.jpg 96w\" sizes=\"auto, (max-width: 177px) 100vw, 177px\" \/><\/p>\n<p align=\"left\"><span class=\"ds7\">Seit 1. M\u00e4rz nehmen wir&nbsp; am Schulobstprogramm teil. Einmal w\u00f6chentlich bekommen die Klassen eine Kiste Obst oder Gem\u00fcse&nbsp; sowie Milch geliefert.&nbsp;<\/span><\/p>\n<p align=\"left\"><span class=\"ds7\">Wir freuen uns sehr, dass das Land Rheinland-Pfalz und die EU einen Beitrag zur gesunden Ern\u00e4hrung unserer Sch\u00fcler\/innen leisten!<\/span><\/p>\n<p align=\"left\"><span class=\"ds7\">N\u00e4here Informationen unter:<\/span><\/p>\n<p align=\"center\"><a href=\"https:\/\/add.rlp.de\/de\/themen\/foerderungen\/in-der-landwirtschaft-agrarfoerderungen\/eu-schulprogramm\/\">https:\/\/add.rlp.de\/de\/themen\/foerderungen\/in-der-landwirtschaft-agrarfoerderungen\/eu-schulprogramm\/<\/a><\/p>\n<div>\n<h1>&nbsp;<\/h1>\n<\/div>","protected":false},"excerpt":{"rendered":"<p>Schulobst EU-Schulobstprogramm Seit 1. M\u00e4rz nehmen wir&nbsp; am Schulobstprogramm teil. Einmal w\u00f6chentlich bekommen die Klassen eine Kiste Obst oder Gem\u00fcse&nbsp; sowie Milch geliefert.&nbsp; Wir freuen uns sehr, dass das Land &hellip; <\/p>\n<p class=\"link-more\"><a href=\"https:\/\/schubert-schule-nw.de\/wordpress\/profil\/schulobst\/\" class=\"more-link\"><span class=\"screen-reader-text\">\u201eSchulobst\u201c<\/span> weiterlesen<\/a><\/p>\n","protected":false},"author":1,"featured_media":0,"parent":20,"menu_order":7,"comment_status":"closed","ping_status":"closed","template":"","meta":{"ngg_post_thumbnail":0,"footnotes":""},"class_list":["post-175","page","type-page","status-publish","hentry"],"_links":{"self":[{"href":"https:\/\/schubert-schule-nw.de\/wordpress\/wp-json\/wp\/v2\/pages\/175","targetHints":{"allow":["GET"]}}],"collection":[{"href":"https:\/\/schubert-schule-nw.de\/wordpress\/wp-json\/wp\/v2\/pages"}],"about":[{"href":"https:\/\/schubert-schule-nw.de\/wordpress\/wp-json\/wp\/v2\/types\/page"}],"author":[{"embeddable":true,"href":"https:\/\/schubert-schule-nw.de\/wordpress\/wp-json\/wp\/v2\/users\/1"}],"replies":[{"embeddable":true,"href":"https:\/\/schubert-schule-nw.de\/wordpress\/wp-json\/wp\/v2\/comments?post=175"}],"version-history":[{"count":5,"href":"https:\/\/schubert-schule-nw.de\/wordpress\/wp-json\/wp\/v2\/pages\/175\/revisions"}],"predecessor-version":[{"id":15093,"href":"https:\/\/schubert-schule-nw.de\/wordpress\/wp-json\/wp\/v2\/pages\/175\/revisions\/15093"}],"up":[{"embeddable":true,"href":"https:\/\/schubert-schule-nw.de\/wordpress\/wp-json\/wp\/v2\/pages\/20"}],"wp:attachment":[{"href":"https:\/\/schubert-schule-nw.de\/wordpress\/wp-json\/wp\/v2\/media?parent=175"}],"curies":[{"name":"wp","href":"https:\/\/api.w.org\/{rel}","templated":true}]}}