{"id":1778,"date":"2019-12-04T16:49:08","date_gmt":"2019-12-04T15:49:08","guid":{"rendered":"https:\/\/schubert-schule-nw.de\/wordpress\/?page_id=1778"},"modified":"2024-09-07T17:18:49","modified_gmt":"2024-09-07T15:18:49","slug":"aktuelles","status":"publish","type":"page","link":"https:\/\/schubert-schule-nw.de\/wordpress\/aktuelles\/","title":{"rendered":"Aktuelles"},"content":{"rendered":"\n<p class=\"has-text-align-center has-vivid-green-cyan-color has-text-color has-link-color has-large-font-size wp-elements-ee3a997fa8c3d8aa536e415201af3c5a\"><strong>Einschulungsfeier 27.08.2024<\/strong><\/p>\n\n\n\nngg_shortcode_0_placeholder\n\n\n\n<p class=\"has-text-align-center has-vivid-red-color has-text-color has-link-color has-large-font-size wp-elements-97da6793abb12050662664d7f9f78686\"><mark style=\"background-color:rgba(0, 0, 0, 0)\" class=\"has-inline-color has-vivid-green-cyan-color\"><strong>\u201eNeustadt gl\u00e4nzt\u201c<\/strong> <\/mark><\/p>\n\n\n\nngg_shortcode_1_placeholder\n\n\n\n<p class=\"has-text-align-center has-medium-font-size\">hie\u00df es am 17.9.2021. <\/p>\n\n\n\n<p>Mit fast allen Klassen haben wir an dieser Aktion teilgenommen. Ziel der Aktion ist es, dass die Stadt vom M\u00fcll befreit wird und sich von ihrer sch\u00f6nsten Seite zeigen kann.<\/p>\n\n\n\n<p>Das Wetter hat zum Gl\u00fcck mitgespielt. Unser Hausmeister, Herr Kiefer, hatte bei der Stadt M\u00fclls\u00e4cke, Einmalhandschuhe und eine \u00fcberschaubare Anzahl an Einmal-Holzzangen besorgt. Herr Scherr hatte bei Lidl noch ein paar stabilere Greifzangen erworben.<\/p>\n\n\n\n<p>Wir sollten unser Schulgel\u00e4nde, die Wallgasse, das Gel\u00e4nde um die Villa B\u00f6hm und die Maxburgstra\u00dfe reinigen. Da die Maxburgstra\u00dfe sehr befahren ist und somit gef\u00e4hrlich, war dies f\u00fcr die j\u00fcngeren Sch\u00fclerinnen und Sch\u00fcler nat\u00fcrlich nicht geeignet. Die \u00e4lteren Sch\u00fcler haben sich diesem Gel\u00e4nde angenommen.<\/p>\n\n\n\n<p>Da unser Spielplatz mit der Rollschuhbahn nachmittags f\u00fcr alle ge\u00f6ffnet ist und sehr viele Personen hier oft Party feiern, lag viel M\u00fcll auf dem Gel\u00e4nde.<\/p>\n\n\n\n<p>Was wir so gefunden haben, waren vor allem zahlreiche Kippen. Au\u00dferdem lagen viele Masken und Glasscherben herum. Wir mussten aufpassen uns nicht zu schneiden, denn mit den Holzzangen war das Glas oft nicht gut zu greifen.<\/p>\n\n\n\n<p>Am saubersten war das Gel\u00e4nde um die Villa B\u00f6hm. Hier war fanden wir nur ganz wenig Abfall. Die Stadtmitarbeiter scheinen hier regelm\u00e4\u00dfiger zu reinigen.<\/p>\n\n\n\n<p>Insgesamt kamen zahlreiche M\u00fclls\u00e4cke zusammen! Wir hoffen, dass insbesondere unser Schulgel\u00e4nde in der Zukunft sauber bleibt und auch die Reinigung nach dem Wochenende zuverl\u00e4ssig erfolgt und wir montags keine Scherben und Schlimmeres vorfinden!<\/p>\n\n\n\n<p><em>Klasse 9a<\/em><\/p>\n\n\n\n<!--nextpage-->\n\n\n\n<p class=\"has-text-align-center\"><strong><span class=\"has-inline-color has-vivid-cyan-blue-color\">Aus der Geschichte lernen- die Schubert-Schule kooperiert mit der Gedenkst\u00e4tte<\/span><\/strong><\/p>\n\n\n\n<p>Die Schubert-Schule Neustadt, Schule\nmit dem F\u00f6rderschwerpunkt Lernen, pflegt seit Jahren einen engen Kontakt mit\nder Gedenkst\u00e4tte f\u00fcr NS-Opfer in Neustadt.<\/p>\n\n\n\n<p>Angesichts der historischen\nErfahrungen, aber auch der gegenw\u00e4rtigen Gefahren von Rechtsextremismus,\nFremdenfeindlichkeit und Antisemitismus ist eine Auseinandersetzung mit der\nGeschichte besonders wichtig.<\/p>\n\n\n\n<p>Gerade in der Schule sind die\nBesch\u00e4ftigung mit demokratischen Strukturen und die Auseinandersetzung mit der\nDemokratiebildung unabdingbar. Themen wie b\u00fcrgerliches Engagement, Toleranz und\nZivilcourage geh\u00f6ren ebenfalls zu diesem weiten Thema \u201eDemokratie Lernen\u201c.<\/p>\n\n\n\n<p>Im Jahr des 10 j\u00e4hrigen Jubil\u00e4ums der\nGedenkst\u00e4tte gibt es eine besonders intensive Zusammenarbeit mit dem\nKooperationspartner.<\/p>\n\n\n\n<p>Am 27.1.20 zum Gedenktag der NS Opfer\nbeteiligten sich Sch\u00fclergruppen an der Gedenkfeier in der Stiftskirche.\nZeitgleich kamen auch an der Gedenkst\u00e4tte selbst Eltern, Kinder und Lehrerinnen\nf\u00fcr einen einmaligen, bundesweiten flashmop zusammen. Hier wurden alle\nehemaligen Inhaftierten der Gedenkst\u00e4tte symbolisch als Lichtgl\u00e4ser vor der\nGedenkst\u00e4tte aufgebaut. Die Lichtgl\u00e4ser hatten die Sch\u00fclerinnen und Sch\u00fcler der\n9. Klasse von Frau Topp im Rahmen des Kunstunterrichtes gestaltet. <\/p>\n\n\n\n<p>Highlight der Kooperation war der\nBesuch der ganzen Schule im Theater Dornerei. Aufgef\u00fchrt wurde das\n&nbsp;Theaterst\u00fcck \u201eDer \u00fcberausstarke Willibald\u201c von Willi F\u00e4hrmann. Das Buch\nerhielt einige Preise, da es das Aufkommen des Nationalsozialismus auf kindgerechte\nArt und Weise beschreibt.<\/p>\n\n\n\n<p>Im Vorfeld hatten sich Klassen mit dieser Lekt\u00fcre auseinandergesetzt, welche von der Gedenkst\u00e4tte der Schubert-Schule geschenkt wurde.<\/p>\n\n\n\n<p>Die Sch\u00fclerinnen und Sch\u00fcler waren\nbegeistert von diesem Theaterst\u00fcck. Zeigt es doch auf sehr anschaulichem Weg,\nwie systematisches unmenschliches Verhalten m\u00f6glich war und wie durch\ncouragiertes Verhalten eine Ver\u00e4nderung erwirkt wurde. Der Applaus f\u00fcr die\nDarsteller war \u201edonnernd\u201c. <\/p>\n\n\n\n<p>Der F\u00f6rderverein der Schubert-Schule\nunterst\u00fctzte diesen Theatergang und \u00fcbernahm die Finanzierung im vollen Umfang.\nDie Schulgemeinschaft bedankt sich daher bei den Mitarbeitern der Gedenkst\u00e4tte,\ninsbesondere Herrn Eberhard Dittus und dem F\u00f6rderverein der Schule.<\/p>\n\n\n\n<p>Der Schulleiter Tammo Scherr, betont\ndie Wichtigkeit dieser gesellschaftlichen Thematik und m\u00f6chte gemeinsam mit dem\nKollegium weitere Aktionen, Projekte angehen und die&nbsp; Kooperation mit der Gedenkst\u00e4tte etablieren\nund ausbauen.<\/p>\n\n\n\nngg_shortcode_2_placeholder\n\n\n\n<p><\/p>\n","protected":false},"excerpt":{"rendered":"<p>Einschulungsfeier 27.08.2024 \u201eNeustadt gl\u00e4nzt\u201c hie\u00df es am 17.9.2021. Mit fast allen Klassen haben wir an dieser Aktion teilgenommen. Ziel der Aktion ist es, dass die Stadt vom M\u00fcll befreit wird &hellip; <\/p>\n<p class=\"link-more\"><a href=\"https:\/\/schubert-schule-nw.de\/wordpress\/aktuelles\/\" class=\"more-link\"><span class=\"screen-reader-text\">\u201eAktuelles\u201c<\/span> weiterlesen<\/a><\/p>\n","protected":false},"author":1,"featured_media":0,"parent":0,"menu_order":0,"comment_status":"closed","ping_status":"closed","template":"","meta":{"ngg_post_thumbnail":0,"footnotes":""},"class_list":["post-1778","page","type-page","status-publish","hentry"],"_links":{"self":[{"href":"https:\/\/schubert-schule-nw.de\/wordpress\/wp-json\/wp\/v2\/pages\/1778","targetHints":{"allow":["GET"]}}],"collection":[{"href":"https:\/\/schubert-schule-nw.de\/wordpress\/wp-json\/wp\/v2\/pages"}],"about":[{"href":"https:\/\/schubert-schule-nw.de\/wordpress\/wp-json\/wp\/v2\/types\/page"}],"author":[{"embeddable":true,"href":"https:\/\/schubert-schule-nw.de\/wordpress\/wp-json\/wp\/v2\/users\/1"}],"replies":[{"embeddable":true,"href":"https:\/\/schubert-schule-nw.de\/wordpress\/wp-json\/wp\/v2\/comments?post=1778"}],"version-history":[{"count":61,"href":"https:\/\/schubert-schule-nw.de\/wordpress\/wp-json\/wp\/v2\/pages\/1778\/revisions"}],"predecessor-version":[{"id":16955,"href":"https:\/\/schubert-schule-nw.de\/wordpress\/wp-json\/wp\/v2\/pages\/1778\/revisions\/16955"}],"wp:attachment":[{"href":"https:\/\/schubert-schule-nw.de\/wordpress\/wp-json\/wp\/v2\/media?parent=1778"}],"curies":[{"name":"wp","href":"https:\/\/api.w.org\/{rel}","templated":true}]}}