{"id":178,"date":"2018-01-18T19:25:44","date_gmt":"2018-01-18T18:25:44","guid":{"rendered":"http:\/\/schubert-schule-nw.de\/wordpress\/?page_id=178"},"modified":"2023-05-15T15:52:28","modified_gmt":"2023-05-15T13:52:28","slug":"schulsanitaetsdienst","status":"publish","type":"page","link":"https:\/\/schubert-schule-nw.de\/wordpress\/profil\/schulsanitaetsdienst\/","title":{"rendered":"Schulsanit\u00e4tsdienst"},"content":{"rendered":"\n<p class=\"has-background has-medium-font-size\" style=\"background-color:#9b51e078\"><strong>Schulsanit\u00e4tsdienst<\/strong><\/p>\n\n\n\n<p style=\"font-size:17px\">Seit mehreren Jahren haben wir auch einen eigenen <strong>Schulsanit\u00e4tsdienst<\/strong>. Auch hier bieten wir ein \u00dcbungsfeld, in dem Kompetenzen erworben werden, die \u00fcber die schulischen Grenzen hinaus anwendbar sind. <\/p>\n\n\n<div align=\"center\">&nbsp;<\/div>\n<div align=\"center\">&nbsp;<img loading=\"lazy\" decoding=\"async\" class=\"size-full wp-image-286 aligncenter\" src=\"https:\/\/schubert-schule-nw.de\/wordpress\/wp-content\/uploads\/2018\/03\/P1130497.jpg\" alt=\"\" width=\"2560\" height=\"1920\" srcset=\"https:\/\/schubert-schule-nw.de\/wordpress\/wp-content\/uploads\/2018\/03\/P1130497.jpg 2560w, https:\/\/schubert-schule-nw.de\/wordpress\/wp-content\/uploads\/2018\/03\/P1130497-300x225.jpg 300w, https:\/\/schubert-schule-nw.de\/wordpress\/wp-content\/uploads\/2018\/03\/P1130497-768x576.jpg 768w, https:\/\/schubert-schule-nw.de\/wordpress\/wp-content\/uploads\/2018\/03\/P1130497-1024x768.jpg 1024w\" sizes=\"auto, (max-width: 767px) 89vw, (max-width: 1000px) 54vw, (max-width: 1071px) 543px, 580px\" \/><\/div>\n<div align=\"center\">&nbsp;<\/div>\n<div align=\"center\"><span class=\"ds10\">Seit Schuljahr 2015\/2016: <\/span><\/div>\n<div align=\"center\"><span class=\"ds10\">Kooperation mit dem Malteser Hilfsdienst<\/span><\/div>\n<p><a href=\"https:\/\/schubert-schule-nw.de\/wordpress\/wp-content\/uploads\/2018\/01\/Malteser.pdf\"><span class=\"ds16\">Info Malteser<\/span><span class=\"ds1\"><br><\/span><span class=\"ds15\">(2016)<\/span><\/a><\/p>\n<p>&nbsp;<\/p>\n<p>&nbsp;<\/p>\n<p>&nbsp;<\/p>","protected":false},"excerpt":{"rendered":"<p>Schulsanit\u00e4tsdienst Seit mehreren Jahren haben wir auch einen eigenen Schulsanit\u00e4tsdienst. Auch hier bieten wir ein \u00dcbungsfeld, in dem Kompetenzen erworben werden, die \u00fcber die schulischen Grenzen hinaus anwendbar sind. &nbsp; &hellip; <\/p>\n<p class=\"link-more\"><a href=\"https:\/\/schubert-schule-nw.de\/wordpress\/profil\/schulsanitaetsdienst\/\" class=\"more-link\"><span class=\"screen-reader-text\">\u201eSchulsanit\u00e4tsdienst\u201c<\/span> weiterlesen<\/a><\/p>\n","protected":false},"author":1,"featured_media":0,"parent":20,"menu_order":8,"comment_status":"closed","ping_status":"closed","template":"","meta":{"ngg_post_thumbnail":0,"footnotes":""},"class_list":["post-178","page","type-page","status-publish","hentry"],"_links":{"self":[{"href":"https:\/\/schubert-schule-nw.de\/wordpress\/wp-json\/wp\/v2\/pages\/178","targetHints":{"allow":["GET"]}}],"collection":[{"href":"https:\/\/schubert-schule-nw.de\/wordpress\/wp-json\/wp\/v2\/pages"}],"about":[{"href":"https:\/\/schubert-schule-nw.de\/wordpress\/wp-json\/wp\/v2\/types\/page"}],"author":[{"embeddable":true,"href":"https:\/\/schubert-schule-nw.de\/wordpress\/wp-json\/wp\/v2\/users\/1"}],"replies":[{"embeddable":true,"href":"https:\/\/schubert-schule-nw.de\/wordpress\/wp-json\/wp\/v2\/comments?post=178"}],"version-history":[{"count":7,"href":"https:\/\/schubert-schule-nw.de\/wordpress\/wp-json\/wp\/v2\/pages\/178\/revisions"}],"predecessor-version":[{"id":15095,"href":"https:\/\/schubert-schule-nw.de\/wordpress\/wp-json\/wp\/v2\/pages\/178\/revisions\/15095"}],"up":[{"embeddable":true,"href":"https:\/\/schubert-schule-nw.de\/wordpress\/wp-json\/wp\/v2\/pages\/20"}],"wp:attachment":[{"href":"https:\/\/schubert-schule-nw.de\/wordpress\/wp-json\/wp\/v2\/media?parent=178"}],"curies":[{"name":"wp","href":"https:\/\/api.w.org\/{rel}","templated":true}]}}