{"id":2,"date":"2021-02-11T18:00:00","date_gmt":"2021-02-11T17:00:00","guid":{"rendered":"http:\/\/schubert-schule-nw.de\/wordpress\/?page_id=2"},"modified":"2025-08-25T16:12:02","modified_gmt":"2025-08-25T14:12:02","slug":"beispiel-seite","status":"publish","type":"page","link":"https:\/\/schubert-schule-nw.de\/wordpress\/","title":{"rendered":"Herzlich Willkommen in der Schubert-Schule!"},"content":{"rendered":"<p><img loading=\"lazy\" decoding=\"async\" class=\"alignnone size-full wp-image-302\" src=\"https:\/\/schubert-schule-nw.de\/wordpress\/wp-content\/uploads\/2018\/03\/Ganztagsschule.jpg\" alt=\"\" width=\"152\" height=\"120\"><\/p>\n<p><img loading=\"lazy\" decoding=\"async\" class=\"alignnone size-full wp-image-3238\" src=\"https:\/\/schubert-schule-nw.de\/wordpress\/wp-content\/uploads\/2020\/09\/Schulhof-plus-Gebaeude-scaled.jpg\" alt=\"\" width=\"2560\" height=\"1180\" srcset=\"https:\/\/schubert-schule-nw.de\/wordpress\/wp-content\/uploads\/2020\/09\/Schulhof-plus-Gebaeude-scaled.jpg 2560w, https:\/\/schubert-schule-nw.de\/wordpress\/wp-content\/uploads\/2020\/09\/Schulhof-plus-Gebaeude-300x138.jpg 300w, https:\/\/schubert-schule-nw.de\/wordpress\/wp-content\/uploads\/2020\/09\/Schulhof-plus-Gebaeude-1024x472.jpg 1024w, https:\/\/schubert-schule-nw.de\/wordpress\/wp-content\/uploads\/2020\/09\/Schulhof-plus-Gebaeude-768x354.jpg 768w, https:\/\/schubert-schule-nw.de\/wordpress\/wp-content\/uploads\/2020\/09\/Schulhof-plus-Gebaeude-1536x708.jpg 1536w, https:\/\/schubert-schule-nw.de\/wordpress\/wp-content\/uploads\/2020\/09\/Schulhof-plus-Gebaeude-2048x944.jpg 2048w\" sizes=\"auto, (max-width: 767px) 89vw, (max-width: 1000px) 54vw, (max-width: 1071px) 543px, 580px\" \/><\/p>\n<div id='gallery-1' class='gallery galleryid-2 gallery-columns-3 gallery-size-thumbnail'><figure class='gallery-item'>\n\t\t\t<div class='gallery-icon landscape'>\n\t\t\t\t<a href='https:\/\/schubert-schule-nw.de\/wordpress\/dsc05625\/'><img loading=\"lazy\" decoding=\"async\" width=\"150\" height=\"150\" src=\"https:\/\/schubert-schule-nw.de\/wordpress\/wp-content\/uploads\/2020\/09\/DSC05625-150x150.jpg\" class=\"attachment-thumbnail size-thumbnail\" alt=\"\" aria-describedby=\"gallery-1-3225\" srcset=\"https:\/\/schubert-schule-nw.de\/wordpress\/wp-content\/uploads\/2020\/09\/DSC05625-150x150.jpg 150w, https:\/\/schubert-schule-nw.de\/wordpress\/wp-content\/uploads\/2020\/09\/DSC05625-100x100.jpg 100w\" sizes=\"auto, 100vw\" \/><\/a>\n\t\t\t<\/div>\n\t\t\t\t<figcaption class='wp-caption-text gallery-caption' id='gallery-1-3225'>\n\t\t\t\tVerwaltung\n\t\t\t\t<\/figcaption><\/figure><figure class='gallery-item'>\n\t\t\t<div class='gallery-icon landscape'>\n\t\t\t\t<a href='https:\/\/schubert-schule-nw.de\/wordpress\/dsc05621\/'><img loading=\"lazy\" decoding=\"async\" width=\"150\" height=\"150\" src=\"https:\/\/schubert-schule-nw.de\/wordpress\/wp-content\/uploads\/2020\/09\/DSC05621-150x150.jpg\" class=\"attachment-thumbnail size-thumbnail\" alt=\"\" srcset=\"https:\/\/schubert-schule-nw.de\/wordpress\/wp-content\/uploads\/2020\/09\/DSC05621-150x150.jpg 150w, https:\/\/schubert-schule-nw.de\/wordpress\/wp-content\/uploads\/2020\/09\/DSC05621-100x100.jpg 100w\" sizes=\"auto, 100vw\" \/><\/a>\n\t\t\t<\/div><\/figure><figure class='gallery-item'>\n\t\t\t<div class='gallery-icon landscape'>\n\t\t\t\t<a href='https:\/\/schubert-schule-nw.de\/wordpress\/dsc05629\/'><img loading=\"lazy\" decoding=\"async\" width=\"150\" height=\"150\" src=\"https:\/\/schubert-schule-nw.de\/wordpress\/wp-content\/uploads\/2020\/09\/DSC05629-150x150.jpg\" class=\"attachment-thumbnail size-thumbnail\" alt=\"\" srcset=\"https:\/\/schubert-schule-nw.de\/wordpress\/wp-content\/uploads\/2020\/09\/DSC05629-150x150.jpg 150w, https:\/\/schubert-schule-nw.de\/wordpress\/wp-content\/uploads\/2020\/09\/DSC05629-100x100.jpg 100w\" sizes=\"auto, 100vw\" \/><\/a>\n\t\t\t<\/div><\/figure><figure class='gallery-item'>\n\t\t\t<div class='gallery-icon landscape'>\n\t\t\t\t<a href='https:\/\/schubert-schule-nw.de\/wordpress\/holzwerkstatt-ganzes-gebaeude\/'><img loading=\"lazy\" decoding=\"async\" width=\"150\" height=\"150\" src=\"https:\/\/schubert-schule-nw.de\/wordpress\/wp-content\/uploads\/2020\/09\/Holzwerkstatt-ganzes-Gebaeude-150x150.jpg\" class=\"attachment-thumbnail size-thumbnail\" alt=\"\" aria-describedby=\"gallery-1-3244\" srcset=\"https:\/\/schubert-schule-nw.de\/wordpress\/wp-content\/uploads\/2020\/09\/Holzwerkstatt-ganzes-Gebaeude-150x150.jpg 150w, https:\/\/schubert-schule-nw.de\/wordpress\/wp-content\/uploads\/2020\/09\/Holzwerkstatt-ganzes-Gebaeude-100x100.jpg 100w\" sizes=\"auto, 100vw\" \/><\/a>\n\t\t\t<\/div>\n\t\t\t\t<figcaption class='wp-caption-text gallery-caption' id='gallery-1-3244'>\n\t\t\t\tHolzwerkstatt\n\t\t\t\t<\/figcaption><\/figure><figure class='gallery-item'>\n\t\t\t<div class='gallery-icon landscape'>\n\t\t\t\t<a href='https:\/\/schubert-schule-nw.de\/wordpress\/dsc05620\/'><img loading=\"lazy\" decoding=\"async\" width=\"150\" height=\"150\" src=\"https:\/\/schubert-schule-nw.de\/wordpress\/wp-content\/uploads\/2020\/09\/DSC05620-150x150.jpg\" class=\"attachment-thumbnail size-thumbnail\" alt=\"\" srcset=\"https:\/\/schubert-schule-nw.de\/wordpress\/wp-content\/uploads\/2020\/09\/DSC05620-150x150.jpg 150w, https:\/\/schubert-schule-nw.de\/wordpress\/wp-content\/uploads\/2020\/09\/DSC05620-100x100.jpg 100w\" sizes=\"auto, 100vw\" \/><\/a>\n\t\t\t<\/div><\/figure><figure class='gallery-item'>\n\t\t\t<div class='gallery-icon landscape'>\n\t\t\t\t<a href='https:\/\/schubert-schule-nw.de\/wordpress\/dsc05617\/'><img loading=\"lazy\" decoding=\"async\" width=\"150\" height=\"150\" src=\"https:\/\/schubert-schule-nw.de\/wordpress\/wp-content\/uploads\/2020\/09\/DSC05617-150x150.jpg\" class=\"attachment-thumbnail size-thumbnail\" alt=\"\" srcset=\"https:\/\/schubert-schule-nw.de\/wordpress\/wp-content\/uploads\/2020\/09\/DSC05617-150x150.jpg 150w, https:\/\/schubert-schule-nw.de\/wordpress\/wp-content\/uploads\/2020\/09\/DSC05617-100x100.jpg 100w\" sizes=\"auto, 100vw\" \/><\/a>\n\t\t\t<\/div><\/figure>\n\t\t<\/div>\n\n<p style=\"text-align: justify;\"><span style=\"color: #000000;\">Die Schubert-Schule ist eine Ganztagsschule in Angebotsform. Wir sind eine F\u00f6rderschule mit dem F\u00f6rderschwerpunkt Lernen. Unsere Schule besuchen Sch\u00fcler*innen die aufgrund verschiedener Lebensumst\u00e4nde in anderen Schulen nicht angemessen gef\u00f6rdert werden k\u00f6nnen. <\/span><\/p>\n<p style=\"text-align: justify;\"><span style=\"color: #000000;\">Unsere Aufgabe ist es, Ihre Kinder in allen Pers\u00f6nlichkeitsbereichen intensiv zu f\u00f6rdern. F\u00fcr die F\u00f6rderung kn\u00fcpfen wir an den individuellen Kompetenzen&nbsp; jedes einzelnen Kindes an. In unseren Lerngruppen wird nicht f\u00fcr jeden das gleiche Lernangebot gemacht, sondern f\u00fcr jeden das Optimale.&nbsp;<\/span><\/p>\n<p style=\"text-align: justify;\"><span style=\"color: #000000;\">Seit Beginn dieses Schuljahres 2025\/2026 unterrichten wir in 10 Klassen 175 Sch\u00fclerinnen und Sch\u00fcler, von welchen 162 Sch\u00fcler die Ganztagsschule besuchen.<\/span><\/p>\n<p style=\"text-align: justify;\"><span style=\"color: #000000;\">Unsere Sch\u00fclerinnen und Sch\u00fcler verlassen unsere Schule nach der 9. Klasse mit dem Abschluss der besonderen Berufsreife. In einem 10. Schuljahr k\u00f6nnen Sch\u00fclerinnen und Sch\u00fcler bei uns den Berufsreifeabschluss erwerben.<\/span><\/p>\n\n\n<p><\/p>\n\n\n\n<figure class=\"wp-block-image size-large is-resized\"><img loading=\"lazy\" decoding=\"async\" width=\"1024\" height=\"510\" src=\"https:\/\/schubert-schule-nw.de\/wordpress\/wp-content\/uploads\/2023\/08\/185_19_Logo_Digitalpakt_Schule_02-1-1024x510.jpg\" alt=\"\" class=\"wp-image-16005\" style=\"width:471px;height:234px\" srcset=\"https:\/\/schubert-schule-nw.de\/wordpress\/wp-content\/uploads\/2023\/08\/185_19_Logo_Digitalpakt_Schule_02-1-1024x510.jpg 1024w, https:\/\/schubert-schule-nw.de\/wordpress\/wp-content\/uploads\/2023\/08\/185_19_Logo_Digitalpakt_Schule_02-1-300x149.jpg 300w, https:\/\/schubert-schule-nw.de\/wordpress\/wp-content\/uploads\/2023\/08\/185_19_Logo_Digitalpakt_Schule_02-1-768x382.jpg 768w, https:\/\/schubert-schule-nw.de\/wordpress\/wp-content\/uploads\/2023\/08\/185_19_Logo_Digitalpakt_Schule_02-1.jpg 1466w\" sizes=\"auto, (max-width: 767px) 89vw, (max-width: 1000px) 54vw, (max-width: 1071px) 543px, 580px\" \/><\/figure>\n","protected":false},"excerpt":{"rendered":"<p>Die Schubert-Schule ist eine Ganztagsschule in Angebotsform. Wir sind eine F\u00f6rderschule mit dem F\u00f6rderschwerpunkt Lernen. Unsere Schule besuchen Sch\u00fcler*innen die aufgrund verschiedener Lebensumst\u00e4nde in anderen Schulen nicht angemessen gef\u00f6rdert werden &hellip; <\/p>\n<p class=\"link-more\"><a href=\"https:\/\/schubert-schule-nw.de\/wordpress\/\" class=\"more-link\"><span class=\"screen-reader-text\">\u201eHerzlich Willkommen in der Schubert-Schule!\u201c<\/span> weiterlesen<\/a><\/p>\n","protected":false},"author":1,"featured_media":0,"parent":0,"menu_order":0,"comment_status":"closed","ping_status":"open","template":"","meta":{"ngg_post_thumbnail":0,"footnotes":""},"class_list":["post-2","page","type-page","status-publish","hentry"],"_links":{"self":[{"href":"https:\/\/schubert-schule-nw.de\/wordpress\/wp-json\/wp\/v2\/pages\/2","targetHints":{"allow":["GET"]}}],"collection":[{"href":"https:\/\/schubert-schule-nw.de\/wordpress\/wp-json\/wp\/v2\/pages"}],"about":[{"href":"https:\/\/schubert-schule-nw.de\/wordpress\/wp-json\/wp\/v2\/types\/page"}],"author":[{"embeddable":true,"href":"https:\/\/schubert-schule-nw.de\/wordpress\/wp-json\/wp\/v2\/users\/1"}],"replies":[{"embeddable":true,"href":"https:\/\/schubert-schule-nw.de\/wordpress\/wp-json\/wp\/v2\/comments?post=2"}],"version-history":[{"count":101,"href":"https:\/\/schubert-schule-nw.de\/wordpress\/wp-json\/wp\/v2\/pages\/2\/revisions"}],"predecessor-version":[{"id":17185,"href":"https:\/\/schubert-schule-nw.de\/wordpress\/wp-json\/wp\/v2\/pages\/2\/revisions\/17185"}],"wp:attachment":[{"href":"https:\/\/schubert-schule-nw.de\/wordpress\/wp-json\/wp\/v2\/media?parent=2"}],"curies":[{"name":"wp","href":"https:\/\/api.w.org\/{rel}","templated":true}]}}