{"id":3319,"date":"2020-09-30T16:42:11","date_gmt":"2020-09-30T14:42:11","guid":{"rendered":"https:\/\/schubert-schule-nw.de\/wordpress\/?page_id=3319"},"modified":"2023-05-10T16:45:52","modified_gmt":"2023-05-10T14:45:52","slug":"praxistage-betriebserkundungen","status":"publish","type":"page","link":"https:\/\/schubert-schule-nw.de\/wordpress\/arbeits-und-berufswelt-orientierung\/praxistage-betriebserkundungen\/","title":{"rendered":"Praxistage \/ Betriebserkundungen"},"content":{"rendered":"\n<p class=\"has-background has-medium-font-size\" style=\"background-color:#cf2d2dbf\"><strong>Praxistage \/ Betriebserkundungen <\/strong><\/p>\n\n\n\n<p>Der Praxistag ist ein Langzeitpraktikum der Klassen 8, 9 und 10. Anstelle von Unterricht absolvieren die Sch\u00fcler*innen einen w\u00f6chentlichen \u201ePraxistag\u201c in einem Betrieb ihrer Wahl. In der 8. Klasse im zweiten Halbjahr, in der 9. und 10. Klasse das komplette Schuljahr.<\/p>\n\n\n\n<p>Dadurch sollen die Jugendlichen die M\u00f6glichkeit erhalten, intensive Erfahrungen im Berufsleben zu sammeln. Durch die lange Pr\u00e4senzzeit im Betrieb k\u00f6nnen sie zeigen, \u00fcber welche F\u00e4higkeiten sie verf\u00fcgen. Bisherige Erfahren zeigen, dass einige Sch\u00fcler so einen Ausbildungsplatz gefunden haben.<\/p>\n\n\n\n<p>Die Sch\u00fcler werden durch den Klassenlehrer betreut, der Verlauf wird im Berufswahlportfolio dokumentiert. Unterst\u00fctzt wird die Schule durch vorbereitende und flankierende Ma\u00dfnahmen externer Anbieter, die von der Bundesagentur f\u00fcr Arbeit und dem Land Rheinland- Pfalz finanziert werden.<\/p>\n","protected":false},"excerpt":{"rendered":"<p>Praxistage \/ Betriebserkundungen Der Praxistag ist ein Langzeitpraktikum der Klassen 8, 9 und 10. Anstelle von Unterricht absolvieren die Sch\u00fcler*innen einen w\u00f6chentlichen \u201ePraxistag\u201c in einem Betrieb ihrer Wahl. In der &hellip; <\/p>\n<p class=\"link-more\"><a href=\"https:\/\/schubert-schule-nw.de\/wordpress\/arbeits-und-berufswelt-orientierung\/praxistage-betriebserkundungen\/\" class=\"more-link\"><span class=\"screen-reader-text\">\u201ePraxistage \/ Betriebserkundungen\u201c<\/span> weiterlesen<\/a><\/p>\n","protected":false},"author":3,"featured_media":0,"parent":112,"menu_order":1,"comment_status":"closed","ping_status":"closed","template":"","meta":{"ngg_post_thumbnail":0,"footnotes":""},"class_list":["post-3319","page","type-page","status-publish","hentry"],"_links":{"self":[{"href":"https:\/\/schubert-schule-nw.de\/wordpress\/wp-json\/wp\/v2\/pages\/3319","targetHints":{"allow":["GET"]}}],"collection":[{"href":"https:\/\/schubert-schule-nw.de\/wordpress\/wp-json\/wp\/v2\/pages"}],"about":[{"href":"https:\/\/schubert-schule-nw.de\/wordpress\/wp-json\/wp\/v2\/types\/page"}],"author":[{"embeddable":true,"href":"https:\/\/schubert-schule-nw.de\/wordpress\/wp-json\/wp\/v2\/users\/3"}],"replies":[{"embeddable":true,"href":"https:\/\/schubert-schule-nw.de\/wordpress\/wp-json\/wp\/v2\/comments?post=3319"}],"version-history":[{"count":5,"href":"https:\/\/schubert-schule-nw.de\/wordpress\/wp-json\/wp\/v2\/pages\/3319\/revisions"}],"predecessor-version":[{"id":14988,"href":"https:\/\/schubert-schule-nw.de\/wordpress\/wp-json\/wp\/v2\/pages\/3319\/revisions\/14988"}],"up":[{"embeddable":true,"href":"https:\/\/schubert-schule-nw.de\/wordpress\/wp-json\/wp\/v2\/pages\/112"}],"wp:attachment":[{"href":"https:\/\/schubert-schule-nw.de\/wordpress\/wp-json\/wp\/v2\/media?parent=3319"}],"curies":[{"name":"wp","href":"https:\/\/api.w.org\/{rel}","templated":true}]}}