{"id":3323,"date":"2020-09-30T16:43:45","date_gmt":"2020-09-30T14:43:45","guid":{"rendered":"https:\/\/schubert-schule-nw.de\/wordpress\/?page_id=3323"},"modified":"2023-05-10T16:47:22","modified_gmt":"2023-05-10T14:47:22","slug":"profil-ac","status":"publish","type":"page","link":"https:\/\/schubert-schule-nw.de\/wordpress\/arbeits-und-berufswelt-orientierung\/profil-ac\/","title":{"rendered":"Kompetenzanalyse Profil AC"},"content":{"rendered":"\n<p class=\"has-background has-medium-font-size\" style=\"background-color:#cf2d2dbf\"><strong>Kompetenzanalyse Profil AC<\/strong><\/p>\n\n\n\n<figure class=\"wp-block-image size-large\"><img loading=\"lazy\" decoding=\"async\" width=\"100\" height=\"102\" src=\"https:\/\/schubert-schule-nw.de\/wordpress\/wp-content\/uploads\/2020\/11\/Profil-AC-Kompetenzanalyse.png\" alt=\"\" class=\"wp-image-3696\"\/><\/figure>\n\n\n\n<p>Wir m\u00f6chten Ihr Kind dabei unterst\u00fctzen, sich fr\u00fchzeitig seiner <strong>St\u00e4rken und Talente <\/strong>bewusst zu werden. Deshalb f\u00fchren seit 2018 speziell geschulte Lehrkr\u00e4fte j\u00e4hrlich die <strong>Kompetenzanalyse Profil AC <\/strong>in der <strong>Klassenstufe 8<\/strong> an unserer Schule durch.<br>Das Erkennen der individuellen St\u00e4rken und Ressourcen sowie das Wissen um das pers\u00f6nliche Kompetenzprofil sind ein wichtiger <strong>Grundstein<\/strong> auf dem <strong>Weg ins Berufsleben<\/strong> und in eine <strong>erfolgreiche Zukunft<\/strong>.<br>Deshalb wurden spezielle standardisierte Aufgaben\/Tests und Instrumente f\u00fcr die Sch\u00fclerinnen und Sch\u00fcler entwickelt, mit denen die S<strong>ozialkompetenz, Methodenkompetenz, Personale Kompetenz, kognitive Basiskompetenz <\/strong>und die <strong>Berufsspezifische Kompetenz<\/strong> jedes Sch\u00fclers durch Beobachtungsaufgaben im Rahmen eines Assessment Centers (AC) ermittelt wird.<\/p>\n\n\n\n<p><strong>Ziel <\/strong>ist es, den teilnehmenden Sch\u00fclern eine <strong>Unterst\u00fctzung zur zielgerichteten individuellen Entwicklung und Berufsorientierung <\/strong>zu geben. Mit dem Verfahren wird ein <strong>individuelles, ressourcenorientiertes Kompetenzprofil<\/strong> mit <strong>pers\u00f6nlichen St\u00e4rken<\/strong> und <strong>Entwicklungspotentialen<\/strong> erstellt.<\/p>\n\n\n\nngg_shortcode_0_placeholder\n","protected":false},"excerpt":{"rendered":"<p>Kompetenzanalyse Profil AC Wir m\u00f6chten Ihr Kind dabei unterst\u00fctzen, sich fr\u00fchzeitig seiner St\u00e4rken und Talente bewusst zu werden. Deshalb f\u00fchren seit 2018 speziell geschulte Lehrkr\u00e4fte j\u00e4hrlich die Kompetenzanalyse Profil AC &hellip; <\/p>\n<p class=\"link-more\"><a href=\"https:\/\/schubert-schule-nw.de\/wordpress\/arbeits-und-berufswelt-orientierung\/profil-ac\/\" class=\"more-link\"><span class=\"screen-reader-text\">\u201eKompetenzanalyse Profil AC\u201c<\/span> weiterlesen<\/a><\/p>\n","protected":false},"author":3,"featured_media":0,"parent":112,"menu_order":3,"comment_status":"closed","ping_status":"closed","template":"","meta":{"ngg_post_thumbnail":0,"footnotes":""},"class_list":["post-3323","page","type-page","status-publish","hentry"],"_links":{"self":[{"href":"https:\/\/schubert-schule-nw.de\/wordpress\/wp-json\/wp\/v2\/pages\/3323","targetHints":{"allow":["GET"]}}],"collection":[{"href":"https:\/\/schubert-schule-nw.de\/wordpress\/wp-json\/wp\/v2\/pages"}],"about":[{"href":"https:\/\/schubert-schule-nw.de\/wordpress\/wp-json\/wp\/v2\/types\/page"}],"author":[{"embeddable":true,"href":"https:\/\/schubert-schule-nw.de\/wordpress\/wp-json\/wp\/v2\/users\/3"}],"replies":[{"embeddable":true,"href":"https:\/\/schubert-schule-nw.de\/wordpress\/wp-json\/wp\/v2\/comments?post=3323"}],"version-history":[{"count":9,"href":"https:\/\/schubert-schule-nw.de\/wordpress\/wp-json\/wp\/v2\/pages\/3323\/revisions"}],"predecessor-version":[{"id":14990,"href":"https:\/\/schubert-schule-nw.de\/wordpress\/wp-json\/wp\/v2\/pages\/3323\/revisions\/14990"}],"up":[{"embeddable":true,"href":"https:\/\/schubert-schule-nw.de\/wordpress\/wp-json\/wp\/v2\/pages\/112"}],"wp:attachment":[{"href":"https:\/\/schubert-schule-nw.de\/wordpress\/wp-json\/wp\/v2\/media?parent=3323"}],"curies":[{"name":"wp","href":"https:\/\/api.w.org\/{rel}","templated":true}]}}