{"id":3336,"date":"2020-09-30T16:55:25","date_gmt":"2020-09-30T14:55:25","guid":{"rendered":"https:\/\/schubert-schule-nw.de\/wordpress\/?page_id=3336"},"modified":"2026-04-27T16:21:27","modified_gmt":"2026-04-27T14:21:27","slug":"ganztagsschule","status":"publish","type":"page","link":"https:\/\/schubert-schule-nw.de\/wordpress\/ganztagsschule\/","title":{"rendered":"Schulleben"},"content":{"rendered":"\n<p class=\"has-text-align-center has-luminous-vivid-amber-background-color has-background has-medium-font-size\"><strong>Ganztagsschule<\/strong><\/p>\n\n\n\n<p style=\"font-size:17px\">Seit dem Schuljahr 2005\/2006 sind wir <strong>Ganztagsschule<\/strong>. <strong>Wir bieten am Nachmittag Betreuung und F\u00f6rderung<\/strong>.<br>Das <strong>gemeinsame Mittagessen<\/strong> ist Teil unseres Konzeptes zur Sozialerziehung.<br>Auch erhalten Ihre Kinder eine intensive Unterst\u00fctzung und Betreuung beim Anfertigen ihrer Lernaufgaben durch Lehrerinnen und Lehrer und durch P\u00e4dagogische Fachkr\u00e4fte.<\/p>\n\n\n\n<p style=\"font-size:17px\">Ab der Klassenstufe 7 gibt es die M\u00f6glichkeit, an frei w\u00e4hlbaren Arbeitsgemein- schaften aus den Bereichen Spiel, Spa\u00df, Bewegung, Soziales Lernen, neue Medien teilzunehmen. Es gibt z.B. eine Computer-AG und eine Mofa-AG. In der Holzwerkstatt und der Kreativ-AG werden handwerkliche Kompetenzen angebahnt. Nat\u00fcrlich gibt es auch eine Fu\u00dfball-AG und eine Ball-AG und weitere Arbeitsgemeinschaften.<\/p>\n\n\n\n<p style=\"font-size:17px\">Die j\u00fcngeren Sch\u00fclerinnen und Sch\u00fcler bis einschlie\u00dflich Klassenstufe 5\/6 sind den ganzen Nachmittag in ihren Stammgruppen zusammen.<\/p>\n","protected":false},"excerpt":{"rendered":"<p>Ganztagsschule Seit dem Schuljahr 2005\/2006 sind wir Ganztagsschule. Wir bieten am Nachmittag Betreuung und F\u00f6rderung.Das gemeinsame Mittagessen ist Teil unseres Konzeptes zur Sozialerziehung.Auch erhalten Ihre Kinder eine intensive Unterst\u00fctzung und &hellip; <\/p>\n<p class=\"link-more\"><a href=\"https:\/\/schubert-schule-nw.de\/wordpress\/ganztagsschule\/\" class=\"more-link\"><span class=\"screen-reader-text\">\u201eSchulleben\u201c<\/span> weiterlesen<\/a><\/p>\n","protected":false},"author":3,"featured_media":0,"parent":0,"menu_order":5,"comment_status":"closed","ping_status":"closed","template":"","meta":{"ngg_post_thumbnail":0,"footnotes":""},"class_list":["post-3336","page","type-page","status-publish","hentry"],"_links":{"self":[{"href":"https:\/\/schubert-schule-nw.de\/wordpress\/wp-json\/wp\/v2\/pages\/3336","targetHints":{"allow":["GET"]}}],"collection":[{"href":"https:\/\/schubert-schule-nw.de\/wordpress\/wp-json\/wp\/v2\/pages"}],"about":[{"href":"https:\/\/schubert-schule-nw.de\/wordpress\/wp-json\/wp\/v2\/types\/page"}],"author":[{"embeddable":true,"href":"https:\/\/schubert-schule-nw.de\/wordpress\/wp-json\/wp\/v2\/users\/3"}],"replies":[{"embeddable":true,"href":"https:\/\/schubert-schule-nw.de\/wordpress\/wp-json\/wp\/v2\/comments?post=3336"}],"version-history":[{"count":7,"href":"https:\/\/schubert-schule-nw.de\/wordpress\/wp-json\/wp\/v2\/pages\/3336\/revisions"}],"predecessor-version":[{"id":17298,"href":"https:\/\/schubert-schule-nw.de\/wordpress\/wp-json\/wp\/v2\/pages\/3336\/revisions\/17298"}],"wp:attachment":[{"href":"https:\/\/schubert-schule-nw.de\/wordpress\/wp-json\/wp\/v2\/media?parent=3336"}],"curies":[{"name":"wp","href":"https:\/\/api.w.org\/{rel}","templated":true}]}}