{"id":3340,"date":"2020-09-30T16:56:33","date_gmt":"2020-09-30T14:56:33","guid":{"rendered":"https:\/\/schubert-schule-nw.de\/wordpress\/?page_id=3340"},"modified":"2024-10-25T15:59:12","modified_gmt":"2024-10-25T13:59:12","slug":"ags","status":"publish","type":"page","link":"https:\/\/schubert-schule-nw.de\/wordpress\/ganztagsschule\/ags\/","title":{"rendered":"AGs"},"content":{"rendered":"\n<p class=\"has-luminous-vivid-amber-background-color has-background has-medium-font-size\"><strong>AGs<\/strong><\/p>\n\n\n\n<p>Am Montag- und Donnerstagnachmittag bieten wir unseren Sch\u00fclerinnen und Sch\u00fclern jahrgangs\u00fcbergreifend Arbeitsgemeinschaften (AGs) an, in denen sie forschen, lernen und sich sportlich bet\u00e4tigen k\u00f6nnen.<\/p>\n\n\n\n<p><strong>Montag Nachmittag:<\/strong><\/p>\n\n\n\n<p><a href=\"https:\/\/schubert-schule-nw.de\/wordpress\/16440-2\/\">Holzwerkstatt AG &#8211; Herr Landt<\/a><\/p>\n\n\n\n<p>Reit AG &#8211; Frau Tettenborn<\/p>\n\n\n\n<p><a href=\"https:\/\/schubert-schule-nw.de\/wordpress\/ganztagsschule\/ags\/mountainbike-ag\/\">Fahrrad AG &#8211; Herr Linnenfelser<\/a><\/p>\n\n\n\n<p><a href=\"https:\/\/schubert-schule-nw.de\/wordpress\/wp-admin\/post.php?post=16973&amp;action=edit\">Kochen und Backen AG &#8211; Frau Wienzeck<\/a><\/p>\n\n\n\n<p><a href=\"https:\/\/schubert-schule-nw.de\/wordpress\/ganztagsschule\/ags\/ball-ag\/\">Ball AG &#8211; Frau Fleck<\/a><\/p>\n\n\n\n<p>Kletter AG &#8211; Frau Wenzel<\/p>\n\n\n\n<p><a href=\"https:\/\/schubert-schule-nw.de\/wordpress\/wp-admin\/post.php?post=17000&amp;action=edit\">M\u00e4dchen AG &#8211; Frau Molzberger<\/a><\/p>\n\n\n\n<p><a href=\"https:\/\/schubert-schule-nw.de\/wordpress\/wp-admin\/post.php?post=17020&amp;action=edit\">Kreativ AG &#8211; Frau Sommer<\/a><\/p>\n\n\n\n<p>Fitness AG &#8211; Herr Lauer<\/p>\n\n\n\n<p><\/p>\n\n\n\n<p><strong>Donnerstag Nachmittag:<\/strong><\/p>\n\n\n\n<p><a href=\"https:\/\/schubert-schule-nw.de\/wordpress\/ganztagsschule\/ags\/maedchen-ag\/\">M\u00e4dchen AG &#8211;  Frau Senzel<\/a><\/p>\n\n\n\n<p><a href=\"https:\/\/schubert-schule-nw.de\/wordpress\/16436-2\/\">Computer AG &#8211; Frau Fleck<\/a><\/p>\n\n\n\n<p>Kletter AG &#8211; Frau Wenzel<\/p>\n\n\n\n<p id=\"N\u00e4h-AG-Frau-Weinberg\"><a href=\"https:\/\/schubert-schule-nw.de\/wordpress\/ganztagsschule\/ags\/fussball-ag-herr-landt\/\">Fu\u00dfball AG &#8211; Herr Landt <\/a><\/p>\n\n\n\n<p><a href=\"https:\/\/schubert-schule-nw.de\/wordpress\/ganztagsschule\/ags\/mofa-ag\/\">Mofa AG &#8211; Herr Hinz<\/a><\/p>\n\n\n\n<p><a href=\"https:\/\/schubert-schule-nw.de\/wordpress\/ganztagsschule\/ags\/djembe-ag\/\">Djemb\u00e9 AG &#8211; Frau Baumgartner<\/a><\/p>\n\n\n\n<p><a href=\"https:\/\/schubert-schule-nw.de\/wordpress\/wp-admin\/post.php?post=16979&amp;action=edit\">Kreativ AG &#8211; Frau Do Phuong<\/a><\/p>\n","protected":false},"excerpt":{"rendered":"<p>AGs Am Montag- und Donnerstagnachmittag bieten wir unseren Sch\u00fclerinnen und Sch\u00fclern jahrgangs\u00fcbergreifend Arbeitsgemeinschaften (AGs) an, in denen sie forschen, lernen und sich sportlich bet\u00e4tigen k\u00f6nnen. Montag Nachmittag: Holzwerkstatt AG &#8211; &hellip; <\/p>\n<p class=\"link-more\"><a href=\"https:\/\/schubert-schule-nw.de\/wordpress\/ganztagsschule\/ags\/\" class=\"more-link\"><span class=\"screen-reader-text\">\u201eAGs\u201c<\/span> weiterlesen<\/a><\/p>\n","protected":false},"author":3,"featured_media":0,"parent":3336,"menu_order":0,"comment_status":"closed","ping_status":"closed","template":"","meta":{"ngg_post_thumbnail":0,"footnotes":""},"class_list":["post-3340","page","type-page","status-publish","hentry"],"_links":{"self":[{"href":"https:\/\/schubert-schule-nw.de\/wordpress\/wp-json\/wp\/v2\/pages\/3340","targetHints":{"allow":["GET"]}}],"collection":[{"href":"https:\/\/schubert-schule-nw.de\/wordpress\/wp-json\/wp\/v2\/pages"}],"about":[{"href":"https:\/\/schubert-schule-nw.de\/wordpress\/wp-json\/wp\/v2\/types\/page"}],"author":[{"embeddable":true,"href":"https:\/\/schubert-schule-nw.de\/wordpress\/wp-json\/wp\/v2\/users\/3"}],"replies":[{"embeddable":true,"href":"https:\/\/schubert-schule-nw.de\/wordpress\/wp-json\/wp\/v2\/comments?post=3340"}],"version-history":[{"count":49,"href":"https:\/\/schubert-schule-nw.de\/wordpress\/wp-json\/wp\/v2\/pages\/3340\/revisions"}],"predecessor-version":[{"id":17024,"href":"https:\/\/schubert-schule-nw.de\/wordpress\/wp-json\/wp\/v2\/pages\/3340\/revisions\/17024"}],"up":[{"embeddable":true,"href":"https:\/\/schubert-schule-nw.de\/wordpress\/wp-json\/wp\/v2\/pages\/3336"}],"wp:attachment":[{"href":"https:\/\/schubert-schule-nw.de\/wordpress\/wp-json\/wp\/v2\/media?parent=3340"}],"curies":[{"name":"wp","href":"https:\/\/api.w.org\/{rel}","templated":true}]}}