{"id":3363,"date":"2020-10-01T18:53:31","date_gmt":"2020-10-01T16:53:31","guid":{"rendered":"https:\/\/schubert-schule-nw.de\/wordpress\/?page_id=3363"},"modified":"2023-05-15T13:53:49","modified_gmt":"2023-05-15T11:53:49","slug":"holzwerkstatt","status":"publish","type":"page","link":"https:\/\/schubert-schule-nw.de\/wordpress\/arbeits-und-berufswelt-orientierung\/holzwerkstatt\/","title":{"rendered":"Holzwerkstatt"},"content":{"rendered":"\n<p class=\"has-background has-medium-font-size\" style=\"background-color:#cf2d2dbf\"><strong>Holzwerkstatt<\/strong><\/p>\n\n\n\n<p>Die Holzwerkstatt der Schubertschule wir aktuell mit neuen Maschinen ausgestattet. Ebenso wird  im diesem Zuge  durch die Arbeitstslehre-Gruppen Werkb\u00e4nke abgeschliffen, nicht ben\u00f6tigte Ausr\u00fcstung demontiert und Aufbewahrungsm\u00f6glichkeiten gebaut.<\/p>\n\n\n\n<p><\/p>\n\n\n\nngg_shortcode_0_placeholder\n","protected":false},"excerpt":{"rendered":"<p>Holzwerkstatt Die Holzwerkstatt der Schubertschule wir aktuell mit neuen Maschinen ausgestattet. Ebenso wird im diesem Zuge durch die Arbeitstslehre-Gruppen Werkb\u00e4nke abgeschliffen, nicht ben\u00f6tigte Ausr\u00fcstung demontiert und Aufbewahrungsm\u00f6glichkeiten gebaut.<\/p>\n","protected":false},"author":3,"featured_media":0,"parent":112,"menu_order":4,"comment_status":"closed","ping_status":"closed","template":"","meta":{"ngg_post_thumbnail":0,"footnotes":""},"class_list":["post-3363","page","type-page","status-publish","hentry"],"_links":{"self":[{"href":"https:\/\/schubert-schule-nw.de\/wordpress\/wp-json\/wp\/v2\/pages\/3363","targetHints":{"allow":["GET"]}}],"collection":[{"href":"https:\/\/schubert-schule-nw.de\/wordpress\/wp-json\/wp\/v2\/pages"}],"about":[{"href":"https:\/\/schubert-schule-nw.de\/wordpress\/wp-json\/wp\/v2\/types\/page"}],"author":[{"embeddable":true,"href":"https:\/\/schubert-schule-nw.de\/wordpress\/wp-json\/wp\/v2\/users\/3"}],"replies":[{"embeddable":true,"href":"https:\/\/schubert-schule-nw.de\/wordpress\/wp-json\/wp\/v2\/comments?post=3363"}],"version-history":[{"count":4,"href":"https:\/\/schubert-schule-nw.de\/wordpress\/wp-json\/wp\/v2\/pages\/3363\/revisions"}],"predecessor-version":[{"id":15060,"href":"https:\/\/schubert-schule-nw.de\/wordpress\/wp-json\/wp\/v2\/pages\/3363\/revisions\/15060"}],"up":[{"embeddable":true,"href":"https:\/\/schubert-schule-nw.de\/wordpress\/wp-json\/wp\/v2\/pages\/112"}],"wp:attachment":[{"href":"https:\/\/schubert-schule-nw.de\/wordpress\/wp-json\/wp\/v2\/media?parent=3363"}],"curies":[{"name":"wp","href":"https:\/\/api.w.org\/{rel}","templated":true}]}}