{"id":365,"date":"2018-04-23T21:40:56","date_gmt":"2018-04-23T19:40:56","guid":{"rendered":"https:\/\/schubert-schule-nw.de\/wordpress\/?page_id=365"},"modified":"2023-05-15T15:50:34","modified_gmt":"2023-05-15T13:50:34","slug":"englisch","status":"publish","type":"page","link":"https:\/\/schubert-schule-nw.de\/wordpress\/profil\/englisch\/","title":{"rendered":"Englisch"},"content":{"rendered":"\n<p class=\"has-background has-medium-font-size\" style=\"background-color:#9b51e078\"><strong>Englisch<\/strong><\/p>\n\n\n<h1><strong><span style=\"color: #339966;\">Welcome to English @ Schubert-School<\/span><\/strong><\/h1>\n<p style=\"text-align: justify;\">&nbsp;<\/p>\n<p style=\"text-align: justify;\">Endlich haben die Sch\u00fcler und Sch\u00fclerinnen unserer Schule die Chance Englisch im Unterricht zu lernen.<\/p>\n<p style=\"text-align: justify;\">Bereits in der ersten Klasse werden unsere Kids gem\u00e4\u00df der integrierten Fremdsprachenarbeit (IFA) spielerisch an die Sprache herangef\u00fchrt! Durch Rituale, Lieder und Classroom phrases&nbsp; wird die Fremdsprache in den Unterrichtsalltag integriert.<\/p>\n<h3><span style=\"color: #339966;\"><strong>That&#8217;s fun!<\/strong>&nbsp;<img loading=\"lazy\" decoding=\"async\" class=\"alignnone wp-image-764\" src=\"https:\/\/schubert-schule-nw.de\/wordpress\/wp-content\/uploads\/2018\/04\/B-4.jpg\" alt=\"\" width=\"180\" height=\"135\" srcset=\"https:\/\/schubert-schule-nw.de\/wordpress\/wp-content\/uploads\/2018\/04\/B-4.jpg 4032w, https:\/\/schubert-schule-nw.de\/wordpress\/wp-content\/uploads\/2018\/04\/B-4-300x225.jpg 300w, https:\/\/schubert-schule-nw.de\/wordpress\/wp-content\/uploads\/2018\/04\/B-4-768x576.jpg 768w, https:\/\/schubert-schule-nw.de\/wordpress\/wp-content\/uploads\/2018\/04\/B-4-1024x768.jpg 1024w\" sizes=\"auto, (max-width: 180px) 100vw, 180px\" \/> <img loading=\"lazy\" decoding=\"async\" class=\"alignnone wp-image-765\" src=\"https:\/\/schubert-schule-nw.de\/wordpress\/wp-content\/uploads\/2018\/04\/B-5.jpg\" alt=\"\" width=\"180\" height=\"135\" srcset=\"https:\/\/schubert-schule-nw.de\/wordpress\/wp-content\/uploads\/2018\/04\/B-5.jpg 4032w, https:\/\/schubert-schule-nw.de\/wordpress\/wp-content\/uploads\/2018\/04\/B-5-300x225.jpg 300w, https:\/\/schubert-schule-nw.de\/wordpress\/wp-content\/uploads\/2018\/04\/B-5-768x576.jpg 768w, https:\/\/schubert-schule-nw.de\/wordpress\/wp-content\/uploads\/2018\/04\/B-5-1024x768.jpg 1024w\" sizes=\"auto, (max-width: 180px) 100vw, 180px\" \/> <img loading=\"lazy\" decoding=\"async\" class=\"alignnone wp-image-768\" src=\"https:\/\/schubert-schule-nw.de\/wordpress\/wp-content\/uploads\/2018\/04\/B-8.jpg\" alt=\"\" width=\"180\" height=\"135\" srcset=\"https:\/\/schubert-schule-nw.de\/wordpress\/wp-content\/uploads\/2018\/04\/B-8.jpg 4032w, https:\/\/schubert-schule-nw.de\/wordpress\/wp-content\/uploads\/2018\/04\/B-8-300x225.jpg 300w, https:\/\/schubert-schule-nw.de\/wordpress\/wp-content\/uploads\/2018\/04\/B-8-768x576.jpg 768w, https:\/\/schubert-schule-nw.de\/wordpress\/wp-content\/uploads\/2018\/04\/B-8-1024x768.jpg 1024w\" sizes=\"auto, (max-width: 180px) 100vw, 180px\" \/><\/span><\/h3>\n<p style=\"text-align: justify;\">&nbsp;<\/p>\n<p style=\"text-align: justify;\">In Mittel- und Oberstufe setzen sich die Kinder- und Jugendlichen zwei Stunden pro Woche mit der englischen Sprache und Kultur auseinander.<\/p>\n<p style=\"text-align: justify;\">Besonderen Wert legen wir im Unterricht darauf, den Kindern vielerlei authentische Sprachanl\u00e4sse zu bieten und Ihnen vielf\u00e4ltige Einblicke in englischsprachige Kulturen zu erm\u00f6glichen.<\/p>\n<p style=\"text-align: justify;\">Die diesj\u00e4hrige Projektwoche an der alle Klassen beteiligt sind, widmet sich dem Thema: Eine Reise durch englischsprachige L\u00e4nder.<\/p>\n<p><img loading=\"lazy\" decoding=\"async\" class=\"alignnone wp-image-762\" src=\"https:\/\/schubert-schule-nw.de\/wordpress\/wp-content\/uploads\/2018\/04\/B-2.jpg\" alt=\"\" width=\"180\" height=\"135\" srcset=\"https:\/\/schubert-schule-nw.de\/wordpress\/wp-content\/uploads\/2018\/04\/B-2.jpg 320w, https:\/\/schubert-schule-nw.de\/wordpress\/wp-content\/uploads\/2018\/04\/B-2-300x225.jpg 300w\" sizes=\"auto, (max-width: 180px) 100vw, 180px\" \/><\/p>\n<p><img loading=\"lazy\" decoding=\"async\" class=\"alignnone wp-image-769\" src=\"https:\/\/schubert-schule-nw.de\/wordpress\/wp-content\/uploads\/2018\/04\/E-1.jpg\" alt=\"\" width=\"180\" height=\"135\" srcset=\"https:\/\/schubert-schule-nw.de\/wordpress\/wp-content\/uploads\/2018\/04\/E-1.jpg 320w, https:\/\/schubert-schule-nw.de\/wordpress\/wp-content\/uploads\/2018\/04\/E-1-300x225.jpg 300w\" sizes=\"auto, (max-width: 180px) 100vw, 180px\" \/> &nbsp;&nbsp;<img loading=\"lazy\" decoding=\"async\" class=\"alignnone wp-image-763\" src=\"https:\/\/schubert-schule-nw.de\/wordpress\/wp-content\/uploads\/2018\/04\/B-3.jpg\" alt=\"\" width=\"180\" height=\"240\" srcset=\"https:\/\/schubert-schule-nw.de\/wordpress\/wp-content\/uploads\/2018\/04\/B-3.jpg 3024w, https:\/\/schubert-schule-nw.de\/wordpress\/wp-content\/uploads\/2018\/04\/B-3-225x300.jpg 225w, https:\/\/schubert-schule-nw.de\/wordpress\/wp-content\/uploads\/2018\/04\/B-3-768x1024.jpg 768w\" sizes=\"auto, (max-width: 180px) 100vw, 180px\" \/>&nbsp;<\/p>","protected":false},"excerpt":{"rendered":"<p>Englisch Welcome to English @ Schubert-School &nbsp; Endlich haben die Sch\u00fcler und Sch\u00fclerinnen unserer Schule die Chance Englisch im Unterricht zu lernen. Bereits in der ersten Klasse werden unsere Kids &hellip; <\/p>\n<p class=\"link-more\"><a href=\"https:\/\/schubert-schule-nw.de\/wordpress\/profil\/englisch\/\" class=\"more-link\"><span class=\"screen-reader-text\">\u201eEnglisch\u201c<\/span> weiterlesen<\/a><\/p>\n","protected":false},"author":1,"featured_media":0,"parent":20,"menu_order":4,"comment_status":"closed","ping_status":"closed","template":"","meta":{"ngg_post_thumbnail":0,"footnotes":""},"class_list":["post-365","page","type-page","status-publish","hentry"],"_links":{"self":[{"href":"https:\/\/schubert-schule-nw.de\/wordpress\/wp-json\/wp\/v2\/pages\/365","targetHints":{"allow":["GET"]}}],"collection":[{"href":"https:\/\/schubert-schule-nw.de\/wordpress\/wp-json\/wp\/v2\/pages"}],"about":[{"href":"https:\/\/schubert-schule-nw.de\/wordpress\/wp-json\/wp\/v2\/types\/page"}],"author":[{"embeddable":true,"href":"https:\/\/schubert-schule-nw.de\/wordpress\/wp-json\/wp\/v2\/users\/1"}],"replies":[{"embeddable":true,"href":"https:\/\/schubert-schule-nw.de\/wordpress\/wp-json\/wp\/v2\/comments?post=365"}],"version-history":[{"count":8,"href":"https:\/\/schubert-schule-nw.de\/wordpress\/wp-json\/wp\/v2\/pages\/365\/revisions"}],"predecessor-version":[{"id":15098,"href":"https:\/\/schubert-schule-nw.de\/wordpress\/wp-json\/wp\/v2\/pages\/365\/revisions\/15098"}],"up":[{"embeddable":true,"href":"https:\/\/schubert-schule-nw.de\/wordpress\/wp-json\/wp\/v2\/pages\/20"}],"wp:attachment":[{"href":"https:\/\/schubert-schule-nw.de\/wordpress\/wp-json\/wp\/v2\/media?parent=365"}],"curies":[{"name":"wp","href":"https:\/\/api.w.org\/{rel}","templated":true}]}}