{"id":43,"date":"2017-11-21T22:59:21","date_gmt":"2017-11-21T21:59:21","guid":{"rendered":"http:\/\/schubert-schule-nw.de\/wordpress\/?page_id=43"},"modified":"2018-03-08T09:04:25","modified_gmt":"2018-03-08T08:04:25","slug":"anfahrt","status":"publish","type":"page","link":"https:\/\/schubert-schule-nw.de\/wordpress\/kontakt\/anfahrt\/","title":{"rendered":"Anfahrt"},"content":{"rendered":"<p><iframe loading=\"lazy\" style=\"border: 0;\" src=\"https:\/\/www.google.com\/maps\/embed?pb=!1m18!1m12!1m3!1d2598.8524986503016!2d8.142576715130344!3d49.35494027357005!2m3!1f0!2f0!3f0!3m2!1i1024!2i768!4f13.1!3m3!1m2!1s0x4796488e4e6d8bcd%3A0xf816bd92423d2fb4!2sSchubert+Schule!5e0!3m2!1sde!2sde!4v1520495845922\" width=\"400\" height=\"300\" frameborder=\"0\" allowfullscreen=\"allowfullscreen\"><span data-mce-type=\"bookmark\" style=\"display: inline-block; width: 0px; overflow: hidden; line-height: 0;\" class=\"mce_SELRES_start\">\ufeff<\/span><\/iframe><\/p>\n<table class=\"dsR2\" border=\"1\" cellspacing=\"0\" cellpadding=\"0\">\n<tbody>\n<tr>\n<td class=\"dsR3\">\n<p class=\"pareinzug1 western\"><span style=\"font-family: Arial, sans-serif;\"><i>Diese Wegbeschreibung wurde v<\/i><\/span><span style=\"font-family: Arial, sans-serif;\"><i>on den Sch\u00fclern erstellt:<\/i><\/span><\/p>\n<p class=\"pareinzug1 western\"><span style=\"font-family: Arial, sans-serif;\"><b>Wenn Sie von Landau kommen:<\/b><\/span><\/p>\n<p class=\"pareinzug1 western\"><span style=\"font-family: Arial, sans-serif;\">Auf der A65, Abfahrt Neustadt-S\u00fcd.<\/span><\/p>\n<p class=\"pareinzug1 western\"><span style=\"font-family: Arial, sans-serif;\">Immer auf der B39 Richtung Neustadt bleiben.<\/span><\/p>\n<p class=\"pareinzug1 western\"><span style=\"font-family: Arial, sans-serif;\">An allen drei Kreiseln fahren Sie die 2. Ausfahrt heraus.<\/span><\/p>\n<p class=\"pareinzug1 western\"><span style=\"font-family: Arial, sans-serif;\">Bei der n\u00e4chsten Kreuzung mit Ampel biegen Sie rechts in die<br \/>\nLandauer-Str. (Nord).<\/span><\/p>\n<p class=\"pareinzug1 western\"><span style=\"font-family: Arial, sans-serif;\">Sie fahren am Kreisel die 2. Ausfahrt heraus.<\/span><\/p>\n<p class=\"pareinzug1 western\"><span style=\"font-family: Arial, sans-serif;\">An der 3. Ampel biegen Sie rechts ab in die Winzinger Stra\u00dfe. <\/span><\/p>\n<p class=\"pareinzug1 western\"><span style=\"font-family: Arial, sans-serif;\">Bleiben Sie auf der Vorfahrtstra\u00dfe. <\/span><\/p>\n<p class=\"pareinzug1 western\"><span style=\"font-family: Arial, sans-serif;\">Bei der 3. Ampel (auf der rechten Seite ist eine Kirche) geht es links<br \/>\nin die Konrad-Adenauer-Stra\u00dfe. <\/span><\/p>\n<p class=\"pareinzug1 western\"><span style=\"font-family: Arial, sans-serif;\">Nach ca. 300 m biegen sie rechts in die Wiesenstra\u00dfe (Richtung Festwiese). <\/span><\/p>\n<p class=\"pareinzug1 western\"><span style=\"font-family: Arial, sans-serif;\">Die Schubert-Schule ist in ca. 100m auf der linken Seite.<\/span><\/p>\n<p class=\"pareinzug1 western\"><span style=\"font-family: Arial, sans-serif;\"><b>Von Speyer nach Neustadt:<\/b><\/span><\/p>\n<p class=\"pareinzug1 western\"><span style=\"font-family: Arial, sans-serif;\">Von der B 39 kommend (s. Wegbeschreibung Landau)<\/span><\/p>\n<p class=\"pareinzug1 western\"><span style=\"font-family: Arial, sans-serif;\"><b>Von Ludwigshafen nach Neustadt:<\/b><\/span><\/p>\n<p class=\"pareinzug1 western\"><span style=\"font-family: Arial, sans-serif;\">Sie kommen von der A65 und fahren an der Ausfahrt Neustadt-Nord aus.<\/span><\/p>\n<p class=\"pareinzug1 western\"><span style=\"font-family: Arial, sans-serif;\">Dann fahren Sie auf die B 38. Sie bleiben auf der B38 und fahren<br \/>\ngeradeaus \u00fcber den 1. Kreisel. <\/span><\/p>\n<p class=\"pareinzug1 western\"><span style=\"font-family: Arial, sans-serif;\">Am 2. Kreisel fahren Sie die 3. Ausfahrt heraus in Richtung Stadtmitte. <\/span><\/p>\n<p class=\"pareinzug1 western\"><span style=\"font-family: Arial, sans-serif;\">Sie sind jetzt auf der Mu\u00dfbacher-Stra\u00dfe. Bleiben Sie auf dieser und fahren an der 2. Ampel links in die Wiesenstra\u00dfe ein. <\/span><\/p>\n<p class=\"pareinzug1 western\"><span style=\"font-family: Arial, sans-serif;\">Nach ca. 100m ist die Schubert-Schule auf der rechten Stra\u00dfenseite.<\/span><\/p>\n<p class=\"pareinzug1 western\"><span style=\"font-family: Arial, sans-serif;\"><b>Von Lambrecht nach Neustadt:<\/b><\/span><\/p>\n<p class=\"pareinzug1 western\"><span style=\"font-family: Arial, sans-serif;\">Von der B39 (Talstra\u00dfe) fahren sie auf die linken Fahrspur<br \/>\n(Richtung Bad \u2013 D\u00fcrkheim). <\/span><\/p>\n<p class=\"pareinzug1 western\"><span style=\"font-family: Arial, sans-serif;\">Bleiben sie auf der Vorfahrtstra\u00dfe, Sie kommen automatisch auf die B38, Ludwigstra\u00dfe. <\/span><\/p>\n<p class=\"pareinzug1 western\"><span style=\"font-family: Arial, sans-serif;\">Bleiben Sie ca.1,5 km auf der Vorfahrtstrasse. <\/span><\/p>\n<p class=\"pareinzug1 western\"><span style=\"font-family: Arial, sans-serif;\">Sie fahren am Strohmarkt vorbei und kommen auf die Maximilianstra\u00dfe. <\/span><\/p>\n<p class=\"pareinzug1 western\"><span style=\"font-family: Arial, sans-serif;\">An der 2. Ampel (Richtung Festwiese) biegen Sie rechts ab in die Wiesenstra\u00dfe. <\/span><\/p>\n<p class=\"pareinzug1 western\"><span style=\"font-family: Arial, sans-serif;\">Nach ca. 100m ist die Schubert-Schule auf der rechten Stra\u00dfenseite.<\/span><\/p>\n<\/td>\n<\/tr>\n<\/tbody>\n<\/table>\n<p>&nbsp;<\/p>\n","protected":false},"excerpt":{"rendered":"<p>\ufeff Diese Wegbeschreibung wurde von den Sch\u00fclern erstellt: Wenn Sie von Landau kommen: Auf der A65, Abfahrt Neustadt-S\u00fcd. Immer auf der B39 Richtung Neustadt bleiben. An allen drei Kreiseln fahren &hellip; <\/p>\n<p class=\"link-more\"><a href=\"https:\/\/schubert-schule-nw.de\/wordpress\/kontakt\/anfahrt\/\" class=\"more-link\"><span class=\"screen-reader-text\">\u201eAnfahrt\u201c<\/span> weiterlesen<\/a><\/p>\n","protected":false},"author":1,"featured_media":0,"parent":32,"menu_order":5,"comment_status":"closed","ping_status":"closed","template":"","meta":{"ngg_post_thumbnail":0,"footnotes":""},"class_list":["post-43","page","type-page","status-publish","hentry"],"_links":{"self":[{"href":"https:\/\/schubert-schule-nw.de\/wordpress\/wp-json\/wp\/v2\/pages\/43","targetHints":{"allow":["GET"]}}],"collection":[{"href":"https:\/\/schubert-schule-nw.de\/wordpress\/wp-json\/wp\/v2\/pages"}],"about":[{"href":"https:\/\/schubert-schule-nw.de\/wordpress\/wp-json\/wp\/v2\/types\/page"}],"author":[{"embeddable":true,"href":"https:\/\/schubert-schule-nw.de\/wordpress\/wp-json\/wp\/v2\/users\/1"}],"replies":[{"embeddable":true,"href":"https:\/\/schubert-schule-nw.de\/wordpress\/wp-json\/wp\/v2\/comments?post=43"}],"version-history":[{"count":10,"href":"https:\/\/schubert-schule-nw.de\/wordpress\/wp-json\/wp\/v2\/pages\/43\/revisions"}],"predecessor-version":[{"id":312,"href":"https:\/\/schubert-schule-nw.de\/wordpress\/wp-json\/wp\/v2\/pages\/43\/revisions\/312"}],"up":[{"embeddable":true,"href":"https:\/\/schubert-schule-nw.de\/wordpress\/wp-json\/wp\/v2\/pages\/32"}],"wp:attachment":[{"href":"https:\/\/schubert-schule-nw.de\/wordpress\/wp-json\/wp\/v2\/media?parent=43"}],"curies":[{"name":"wp","href":"https:\/\/api.w.org\/{rel}","templated":true}]}}