{"id":9301,"date":"2022-01-17T08:58:41","date_gmt":"2022-01-17T07:58:41","guid":{"rendered":"https:\/\/schubert-schule-nw.de\/wordpress\/?page_id=9301"},"modified":"2023-11-15T08:47:14","modified_gmt":"2023-11-15T07:47:14","slug":"djembe-ag","status":"publish","type":"page","link":"https:\/\/schubert-schule-nw.de\/wordpress\/ganztagsschule\/ags\/djembe-ag\/","title":{"rendered":"Djemb\u00e9 AG"},"content":{"rendered":"\n<p class=\"has-text-align-center has-luminous-vivid-amber-background-color has-background has-large-font-size\">Djemb\u00e9 AG<\/p>\n\n\n\n<p>In der Djemb\u00e9-AG lassen sich aktuell 6 Sch\u00fcler*innen der Mittel- und Oberstufe vom Trommeln begeistern.<\/p>\n\n\n\n<p>Hier lernen sie ihren eigenen Rhythmus zu finden und erfahren das Zusammenspiel mit anderen als positives Gruppenerlebnis.<\/p>\n\n\n\n<p>Mit ihren vielf\u00e4ltigen und lebensfrohen Rhythmen stellt die westafrikanische Trommel \u201eDjemb\u00e9\u201c ein Instrument dar, welches ohne musikalische Vorkenntnisse gespielt werden kann.<\/p>\n\n\n\n<p>Die unterschiedlichen Schlag- und Soundtechniken k\u00f6nnen spielerisch-kreativ eingef\u00fchrt und erlernt werden.<\/p>\n\n\n\n<p>Anhand von unterschiedlichen Rhythmus-St\u00fccken werden alle AG-Teilnehmer musikalisch erreicht, in das Gruppentrommeln integriert und Erfolgserlebnisse erfahrbar gemacht.<\/p>\n\n\n\n<figure class=\"wp-block-image size-large is-resized is-style-default\"><img loading=\"lazy\" decoding=\"async\" width=\"1024\" height=\"768\" src=\"https:\/\/schubert-schule-nw.de\/wordpress\/wp-content\/uploads\/2022\/01\/Djembe-Bild-3-1024x768.jpg\" alt=\"\" class=\"wp-image-9311\" style=\"width:555px;height:416px\" srcset=\"https:\/\/schubert-schule-nw.de\/wordpress\/wp-content\/uploads\/2022\/01\/Djembe-Bild-3-1024x768.jpg 1024w, https:\/\/schubert-schule-nw.de\/wordpress\/wp-content\/uploads\/2022\/01\/Djembe-Bild-3-300x225.jpg 300w, https:\/\/schubert-schule-nw.de\/wordpress\/wp-content\/uploads\/2022\/01\/Djembe-Bild-3-768x576.jpg 768w, https:\/\/schubert-schule-nw.de\/wordpress\/wp-content\/uploads\/2022\/01\/Djembe-Bild-3-1536x1152.jpg 1536w, https:\/\/schubert-schule-nw.de\/wordpress\/wp-content\/uploads\/2022\/01\/Djembe-Bild-3.jpg 1600w\" sizes=\"auto, (max-width: 767px) 89vw, (max-width: 1000px) 54vw, (max-width: 1071px) 543px, 580px\" \/><\/figure>\n","protected":false},"excerpt":{"rendered":"<p>Djemb\u00e9 AG In der Djemb\u00e9-AG lassen sich aktuell 6 Sch\u00fcler*innen der Mittel- und Oberstufe vom Trommeln begeistern. Hier lernen sie ihren eigenen Rhythmus zu finden und erfahren das Zusammenspiel mit &hellip; <\/p>\n<p class=\"link-more\"><a href=\"https:\/\/schubert-schule-nw.de\/wordpress\/ganztagsschule\/ags\/djembe-ag\/\" class=\"more-link\"><span class=\"screen-reader-text\">\u201eDjemb\u00e9 AG\u201c<\/span> weiterlesen<\/a><\/p>\n","protected":false},"author":3,"featured_media":0,"parent":3340,"menu_order":5,"comment_status":"closed","ping_status":"closed","template":"","meta":{"ngg_post_thumbnail":0,"footnotes":""},"class_list":["post-9301","page","type-page","status-publish","hentry"],"_links":{"self":[{"href":"https:\/\/schubert-schule-nw.de\/wordpress\/wp-json\/wp\/v2\/pages\/9301","targetHints":{"allow":["GET"]}}],"collection":[{"href":"https:\/\/schubert-schule-nw.de\/wordpress\/wp-json\/wp\/v2\/pages"}],"about":[{"href":"https:\/\/schubert-schule-nw.de\/wordpress\/wp-json\/wp\/v2\/types\/page"}],"author":[{"embeddable":true,"href":"https:\/\/schubert-schule-nw.de\/wordpress\/wp-json\/wp\/v2\/users\/3"}],"replies":[{"embeddable":true,"href":"https:\/\/schubert-schule-nw.de\/wordpress\/wp-json\/wp\/v2\/comments?post=9301"}],"version-history":[{"count":8,"href":"https:\/\/schubert-schule-nw.de\/wordpress\/wp-json\/wp\/v2\/pages\/9301\/revisions"}],"predecessor-version":[{"id":16595,"href":"https:\/\/schubert-schule-nw.de\/wordpress\/wp-json\/wp\/v2\/pages\/9301\/revisions\/16595"}],"up":[{"embeddable":true,"href":"https:\/\/schubert-schule-nw.de\/wordpress\/wp-json\/wp\/v2\/pages\/3340"}],"wp:attachment":[{"href":"https:\/\/schubert-schule-nw.de\/wordpress\/wp-json\/wp\/v2\/media?parent=9301"}],"curies":[{"name":"wp","href":"https:\/\/api.w.org\/{rel}","templated":true}]}}