{"id":9339,"date":"2022-01-21T13:33:11","date_gmt":"2022-01-21T12:33:11","guid":{"rendered":"https:\/\/schubert-schule-nw.de\/wordpress\/?page_id=9339"},"modified":"2023-11-15T08:46:19","modified_gmt":"2023-11-15T07:46:19","slug":"mofa-ag","status":"publish","type":"page","link":"https:\/\/schubert-schule-nw.de\/wordpress\/ganztagsschule\/ags\/mofa-ag\/","title":{"rendered":"Mofa &#8211; AG"},"content":{"rendered":"\n<p class=\"has-text-align-center has-luminous-vivid-amber-background-color has-background has-large-font-size\">Mofa &#8211; AG<\/p>\n\n\n\n<p>In der AG Mofa sind in diesem Schuljahr 5 Sch\u00fcler der Klassen 9 und 10.<\/p>\n\n\n\n<p>Sie lernen mit Hilfe von verschiedenen Arbeitsheften, \u00dcbungsfrageb\u00f6gen und Lernprogrammen am Tablet alle Regeln und Vorschriften, die im Stra\u00dfenverkehr gelten und welche in der abschlie\u00dfenden Pr\u00fcfung gestellt werden k\u00f6nnen.<\/p>\n\n\n\n<p>Neben der grauen Theorie steht bei gutem Wetter nat\u00fcrlich auch das praktische Fahren auf dem Programm.<\/p>\n\n\n\n<p>Am Ende kann die erforderliche theoretische Pr\u00fcfung bei eine zugelassenen Stelle abgelegt und somit der Mofa-F\u00fchrerschein erworben werden.<\/p>\n\n\n\n<p>Teilnehmen an der Mofa AG d\u00fcrfen generell alle Sch\u00fcler der 9.Klasse und 10.Klasse, welche mindestens 15 Jahre alt sind oder im Laufe des Schuljahres werden.<\/p>\n","protected":false},"excerpt":{"rendered":"<p>Mofa &#8211; AG In der AG Mofa sind in diesem Schuljahr 5 Sch\u00fcler der Klassen 9 und 10. Sie lernen mit Hilfe von verschiedenen Arbeitsheften, \u00dcbungsfrageb\u00f6gen und Lernprogrammen am Tablet &hellip; <\/p>\n<p class=\"link-more\"><a href=\"https:\/\/schubert-schule-nw.de\/wordpress\/ganztagsschule\/ags\/mofa-ag\/\" class=\"more-link\"><span class=\"screen-reader-text\">\u201eMofa &#8211; AG\u201c<\/span> weiterlesen<\/a><\/p>\n","protected":false},"author":3,"featured_media":0,"parent":3340,"menu_order":3,"comment_status":"closed","ping_status":"closed","template":"","meta":{"ngg_post_thumbnail":0,"footnotes":""},"class_list":["post-9339","page","type-page","status-publish","hentry"],"_links":{"self":[{"href":"https:\/\/schubert-schule-nw.de\/wordpress\/wp-json\/wp\/v2\/pages\/9339","targetHints":{"allow":["GET"]}}],"collection":[{"href":"https:\/\/schubert-schule-nw.de\/wordpress\/wp-json\/wp\/v2\/pages"}],"about":[{"href":"https:\/\/schubert-schule-nw.de\/wordpress\/wp-json\/wp\/v2\/types\/page"}],"author":[{"embeddable":true,"href":"https:\/\/schubert-schule-nw.de\/wordpress\/wp-json\/wp\/v2\/users\/3"}],"replies":[{"embeddable":true,"href":"https:\/\/schubert-schule-nw.de\/wordpress\/wp-json\/wp\/v2\/comments?post=9339"}],"version-history":[{"count":4,"href":"https:\/\/schubert-schule-nw.de\/wordpress\/wp-json\/wp\/v2\/pages\/9339\/revisions"}],"predecessor-version":[{"id":16594,"href":"https:\/\/schubert-schule-nw.de\/wordpress\/wp-json\/wp\/v2\/pages\/9339\/revisions\/16594"}],"up":[{"embeddable":true,"href":"https:\/\/schubert-schule-nw.de\/wordpress\/wp-json\/wp\/v2\/pages\/3340"}],"wp:attachment":[{"href":"https:\/\/schubert-schule-nw.de\/wordpress\/wp-json\/wp\/v2\/media?parent=9339"}],"curies":[{"name":"wp","href":"https:\/\/api.w.org\/{rel}","templated":true}]}}