{"id":9445,"date":"2022-02-01T14:23:12","date_gmt":"2022-02-01T13:23:12","guid":{"rendered":"https:\/\/schubert-schule-nw.de\/wordpress\/?page_id=9445"},"modified":"2023-11-15T08:43:10","modified_gmt":"2023-11-15T07:43:10","slug":"maedchen-ag","status":"publish","type":"page","link":"https:\/\/schubert-schule-nw.de\/wordpress\/ganztagsschule\/ags\/maedchen-ag\/","title":{"rendered":""},"content":{"rendered":"\n<p class=\"has-text-align-center has-luminous-vivid-amber-background-color has-background has-large-font-size\">M\u00e4dchen AG<\/p>\n\n\n\n<div class=\"wp-block-media-text is-stacked-on-mobile\" style=\"grid-template-columns:54% auto\"><figure class=\"wp-block-media-text__media\"><img loading=\"lazy\" decoding=\"async\" width=\"768\" height=\"1024\" src=\"https:\/\/schubert-schule-nw.de\/wordpress\/wp-content\/uploads\/2023\/11\/Collage-Maedchen-AG-768x1024.jpg\" alt=\"\" class=\"wp-image-16590 size-full\" srcset=\"https:\/\/schubert-schule-nw.de\/wordpress\/wp-content\/uploads\/2023\/11\/Collage-Maedchen-AG-768x1024.jpg 768w, https:\/\/schubert-schule-nw.de\/wordpress\/wp-content\/uploads\/2023\/11\/Collage-Maedchen-AG-225x300.jpg 225w, https:\/\/schubert-schule-nw.de\/wordpress\/wp-content\/uploads\/2023\/11\/Collage-Maedchen-AG-1152x1536.jpg 1152w, https:\/\/schubert-schule-nw.de\/wordpress\/wp-content\/uploads\/2023\/11\/Collage-Maedchen-AG-1536x2048.jpg 1536w, https:\/\/schubert-schule-nw.de\/wordpress\/wp-content\/uploads\/2023\/11\/Collage-Maedchen-AG-scaled.jpg 1920w\" sizes=\"auto, (max-width: 767px) 89vw, (max-width: 1000px) 54vw, (max-width: 1071px) 543px, 580px\" \/><\/figure><div class=\"wp-block-media-text__content\">\n<p>&#8222;Auch in diesem Jahr wird in der M\u00e4dchen-AG wieder flei\u00dfig kreativ gebacken, gebastelt und gestylt &#8211; und nebenbei auch mal das ein oder andere wichtige Thema, das die M\u00e4dchen bewegt, angesprochen.&#8220; <\/p>\n\n\n\n<p>Die M\u00e4dchen durften und d\u00fcrfen frei abstimmen, wie es jeweils in den n\u00e4chsten Wochen weitergeht. Und so wurde bisher schon flei\u00dfig gewerkelt! Hier ein paar Impressionen!<\/p>\n<\/div><\/div>\n","protected":false},"excerpt":{"rendered":"<p>M\u00e4dchen AG &#8222;Auch in diesem Jahr wird in der M\u00e4dchen-AG wieder flei\u00dfig kreativ gebacken, gebastelt und gestylt &#8211; und nebenbei auch mal das ein oder andere wichtige Thema, das die &hellip; <\/p>\n<p class=\"link-more\"><a href=\"https:\/\/schubert-schule-nw.de\/wordpress\/ganztagsschule\/ags\/maedchen-ag\/\" class=\"more-link\"><span class=\"screen-reader-text\">\u201e\u201c<\/span> weiterlesen<\/a><\/p>\n","protected":false},"author":3,"featured_media":0,"parent":3340,"menu_order":0,"comment_status":"closed","ping_status":"closed","template":"","meta":{"ngg_post_thumbnail":0,"footnotes":""},"class_list":["post-9445","page","type-page","status-publish","hentry"],"_links":{"self":[{"href":"https:\/\/schubert-schule-nw.de\/wordpress\/wp-json\/wp\/v2\/pages\/9445","targetHints":{"allow":["GET"]}}],"collection":[{"href":"https:\/\/schubert-schule-nw.de\/wordpress\/wp-json\/wp\/v2\/pages"}],"about":[{"href":"https:\/\/schubert-schule-nw.de\/wordpress\/wp-json\/wp\/v2\/types\/page"}],"author":[{"embeddable":true,"href":"https:\/\/schubert-schule-nw.de\/wordpress\/wp-json\/wp\/v2\/users\/3"}],"replies":[{"embeddable":true,"href":"https:\/\/schubert-schule-nw.de\/wordpress\/wp-json\/wp\/v2\/comments?post=9445"}],"version-history":[{"count":4,"href":"https:\/\/schubert-schule-nw.de\/wordpress\/wp-json\/wp\/v2\/pages\/9445\/revisions"}],"predecessor-version":[{"id":16591,"href":"https:\/\/schubert-schule-nw.de\/wordpress\/wp-json\/wp\/v2\/pages\/9445\/revisions\/16591"}],"up":[{"embeddable":true,"href":"https:\/\/schubert-schule-nw.de\/wordpress\/wp-json\/wp\/v2\/pages\/3340"}],"wp:attachment":[{"href":"https:\/\/schubert-schule-nw.de\/wordpress\/wp-json\/wp\/v2\/media?parent=9445"}],"curies":[{"name":"wp","href":"https:\/\/api.w.org\/{rel}","templated":true}]}}