{"id":9563,"date":"2022-02-07T13:47:13","date_gmt":"2022-02-07T12:47:13","guid":{"rendered":"https:\/\/schubert-schule-nw.de\/wordpress\/?page_id=9563"},"modified":"2024-08-25T12:58:07","modified_gmt":"2024-08-25T10:58:07","slug":"praxistag-projektes-ueber-das-cjd","status":"publish","type":"page","link":"https:\/\/schubert-schule-nw.de\/wordpress\/arbeits-und-berufswelt-orientierung\/praxistage-betriebserkundungen\/praxistag-projektes-ueber-das-cjd\/","title":{"rendered":"Praxistag-Projekte \u00fcber das CJD"},"content":{"rendered":"\n<p class=\"has-background has-medium-font-size\" style=\"background-color:#cf2d2dbf\"><strong>Praxistag-Projekte \u00fcber das CJD<\/strong><\/p>\n\n\n\n<p>Im Rahmen des Praxistages hie\u00df es vom 01.02. bis 03.02. \u201ean die Farbe, fertig los\u201c. In dieser Zeit fand ein Malerprojekt an unserer Schule statt, bei welchem ein Klassensaal sowie ein Gang gestrichen wurden.<\/p>\n\n\n\n<p>Unterst\u00fctzt wurden wir bei unserem Projekt vom CJD-Neustadt. Diese stellten neben dem Malermeister Leidner,  zwei weitere Azubis zur Verf\u00fcgung, welche als Anleiter f\u00fcr Sch\u00fcler*innen aus der 9. Klasse agierten und diese unterst\u00fctzten.<\/p>\n\n\n\n<p>Zun\u00e4chst hie\u00df es M\u00f6bel wegr\u00e4umen. Anschlie\u00dfend lernten die Sch\u00fcler*innen wie man sauber abgeklebt. Dann ging es endlich ans Streichen. Dabei konnte man bereits erkennen, dass vier Sch\u00fcler*innen aktuell ein Praktikum in diesem Bereich absolvieren. Den anderen Sch\u00fcler*innen boten die drei Tage die M\u00f6glichkeit erste Eindr\u00fccke \u00fcber den Lehrberuf des Malers und Lackierers zu erhalten.<\/p>\n\n\n\n<p>Das Ergebnis konnte sich am Schluss auf jeden Fall sehen lassen. Den Sch\u00fcler*innen hat es gro\u00dfen Spa\u00df gemacht!<\/p>\n\n\n\n<p>Vielen Dank an dieser Stelle noch einmal an das Malerteam des CJD, welche uns an diesen drei Tagen wunderbar begleitet und unterst\u00fctzt habt.<\/p>\n\n\n\nngg_shortcode_0_placeholder\n","protected":false},"excerpt":{"rendered":"<p>Praxistag-Projekte \u00fcber das CJD Im Rahmen des Praxistages hie\u00df es vom 01.02. bis 03.02. \u201ean die Farbe, fertig los\u201c. In dieser Zeit fand ein Malerprojekt an unserer Schule statt, bei &hellip; <\/p>\n<p class=\"link-more\"><a href=\"https:\/\/schubert-schule-nw.de\/wordpress\/arbeits-und-berufswelt-orientierung\/praxistage-betriebserkundungen\/praxistag-projektes-ueber-das-cjd\/\" class=\"more-link\"><span class=\"screen-reader-text\">\u201ePraxistag-Projekte \u00fcber das CJD\u201c<\/span> weiterlesen<\/a><\/p>\n","protected":false},"author":3,"featured_media":0,"parent":3319,"menu_order":1,"comment_status":"closed","ping_status":"closed","template":"","meta":{"ngg_post_thumbnail":0,"footnotes":""},"class_list":["post-9563","page","type-page","status-publish","hentry"],"_links":{"self":[{"href":"https:\/\/schubert-schule-nw.de\/wordpress\/wp-json\/wp\/v2\/pages\/9563","targetHints":{"allow":["GET"]}}],"collection":[{"href":"https:\/\/schubert-schule-nw.de\/wordpress\/wp-json\/wp\/v2\/pages"}],"about":[{"href":"https:\/\/schubert-schule-nw.de\/wordpress\/wp-json\/wp\/v2\/types\/page"}],"author":[{"embeddable":true,"href":"https:\/\/schubert-schule-nw.de\/wordpress\/wp-json\/wp\/v2\/users\/3"}],"replies":[{"embeddable":true,"href":"https:\/\/schubert-schule-nw.de\/wordpress\/wp-json\/wp\/v2\/comments?post=9563"}],"version-history":[{"count":3,"href":"https:\/\/schubert-schule-nw.de\/wordpress\/wp-json\/wp\/v2\/pages\/9563\/revisions"}],"predecessor-version":[{"id":14993,"href":"https:\/\/schubert-schule-nw.de\/wordpress\/wp-json\/wp\/v2\/pages\/9563\/revisions\/14993"}],"up":[{"embeddable":true,"href":"https:\/\/schubert-schule-nw.de\/wordpress\/wp-json\/wp\/v2\/pages\/3319"}],"wp:attachment":[{"href":"https:\/\/schubert-schule-nw.de\/wordpress\/wp-json\/wp\/v2\/media?parent=9563"}],"curies":[{"name":"wp","href":"https:\/\/api.w.org\/{rel}","templated":true}]}}